{"id":13943,"date":"2024-07-29T22:52:38","date_gmt":"2024-07-30T02:52:38","guid":{"rendered":"https:\/\/drbadia.com\/es\/?page_id=13943"},"modified":"2025-12-01T11:50:30","modified_gmt":"2025-12-01T15:50:30","slug":"joel-peterson","status":"publish","type":"page","link":"https:\/\/drbadia.com\/es\/joel-peterson\/","title":{"rendered":"Dr. Joel R. Peterson, M.D."},"content":{"rendered":"<div class=\"wp-block-image\">\n<figure class=\"alignleft size-full\"><img loading=\"lazy\" decoding=\"async\" width=\"600\" height=\"900\" src=\"https:\/\/drbadia.com\/es\/wp-content\/uploads\/sites\/2\/2025\/10\/joel-peterson-photo.jpg\" alt=\"Dr. Joel Peterson\" class=\"wp-image-20324\" srcset=\"https:\/\/drbadia.com\/es\/wp-content\/uploads\/sites\/2\/2025\/10\/joel-peterson-photo.jpg 600w, https:\/\/drbadia.com\/es\/wp-content\/uploads\/sites\/2\/2025\/10\/joel-peterson-photo-200x300.jpg 200w, https:\/\/drbadia.com\/es\/wp-content\/uploads\/sites\/2\/2025\/10\/joel-peterson-photo-8x12.jpg 8w\" sizes=\"auto, (max-width: 600px) 100vw, 600px\" \/><\/figure><\/div>\n\n\n<h2 class=\"wp-block-heading\" id=\"h-cirujano-ortopedico\">Cirujano ortop\u00e9dico<\/h2>\n\n\n\n<p><strong>Joel Peterson, MD<\/strong>&nbsp;es un cirujano ortop\u00e9dico elegible por la Junta ABOS que se especializa en cirug\u00eda de hombro y codo. Creci\u00f3 en los suburbios de Washington, DC y luego asisti\u00f3 a la Universidad de Princeton, donde se gradu\u00f3 en Ecolog\u00eda, Biolog\u00eda Evolutiva y Neurociencia. Luego asisti\u00f3 a la Universidad de Columbia en la ciudad de Nueva York y complet\u00f3 una maestr\u00eda en Biolog\u00eda de la Conservaci\u00f3n. El Dr. Peterson obtuvo su t\u00edtulo de m\u00e9dico en la Escuela de Medicina Rutgers Robert Wood Johnson en Nueva Jersey y fue incluido en la prestigiosa Sociedad de Honor Alpha Omega Alpha antes de regresar a la Universidad de Columbia y al Hospital Presbiteriano de Nueva York para realizar su residencia en Cirug\u00eda Ortop\u00e9dica.<\/p>\n\n\n\n<p>El Servicio de Hombro de la Universidad de Columbia y del Hospital Ortop\u00e9dico de Nueva York es el m\u00e1s antiguo y prestigioso del mundo; sus l\u00edderes son considerados los principales maestros y pioneros en este campo. Durante su estancia all\u00ed, el Dr. Peterson desarroll\u00f3 habilidades para tratar los problemas de hombro m\u00e1s complicados trabajando en estrecha colaboraci\u00f3n con su mentor, el cirujano de hombro de renombre mundial y ex presidente de American Shoulder and Elbow Surgeons (ASES), el Dr. William Levine.<\/p>\n\n\n\n<p>Tras finalizar la residencia, el Dr. Peterson pas\u00f3 un a\u00f1o m\u00e1s completando una beca en hombro y&nbsp;<a href=\"https:\/\/drbadia.com\/es\/playlist\/videos-de-cirugia-de-codo\/\">cirug\u00eda de codo<\/a> en el Hospital for Special Surgery de Nueva York, el hospital ortop\u00e9dico n\u00famero #1 del mundo. Durante ese a\u00f1o se form\u00f3 en las t\u00e9cnicas m\u00e1s avanzadas en <a href=\"\/es\/testimonio-de-fractura-de-clavicula\/\">intervenciones complejas en hombro y codo<\/a> bajo la direcci\u00f3n del Dr. Lawrence Gulotta y del Dr. David Dines, antiguo presidente de ASES.<\/p>\n\n\n\n<p>Mediante el uso de avanzados sistemas abiertos y&nbsp;<a href=\"\/es\/indicaciones-tecnicas-de-la-artroscopia-del-pulgar\/\">t\u00e9cnicas quir\u00fargicas artrosc\u00f3picas<\/a> El Dr. Peterson se centra en la restauraci\u00f3n de las articulaciones da\u00f1adas, ligamentos y huesos en el hombro y el codo. \u00c9l cree en un enfoque integral para la atenci\u00f3n al paciente, incluyendo la utilizaci\u00f3n de la terapia f\u00edsica y la gesti\u00f3n conservadora para explorar todas las alternativas de tratamiento antes de considerar la cirug\u00eda.<\/p>\n\n\n\n<p>El Dr. Peterson tiene especial inter\u00e9s en&nbsp;<a href=\"\/es\/actualizacion-sobre-la-cirugia-de-protesis-de-superficie-de-hombro\/\">artritis de hombro y cirug\u00eda de sustituci\u00f3n articular<\/a>. Tambi\u00e9n tiene experiencia cl\u00ednica en lesiones del manguito de los rotadores, inestabilidad del hombro y desgarros del labrum, rotura del tend\u00f3n pectoral y del b\u00edceps distal, transferencias tendinosas y lesiones y afecciones degenerativas del codo. El Dr. Peterson tambi\u00e9n est\u00e1 capacitado en el cuidado de fracturas de las extremidades superiores.<\/p>\n\n\n\n<p>El Dr. Peterson es miembro activo de numerosas sociedades acad\u00e9micas, incluidas la American Shoulder and Elbow Surgeons (ASES) y la American Academy of Orthopaedic Surgeons (AAOS). Est\u00e1 dedicado a brindar una atenci\u00f3n excepcional al paciente con el m\u00e1s alto nivel de compasi\u00f3n y experiencia.<\/p>\n\n\n\n<p>El Dr. Peterson est\u00e1 aceptando nuevos pacientes en su consultorio del Badia Hand to Shoulder Center y el <a href=\"https:\/\/miamishoulderinstitute.com\/request-an-appointment\/\">Miami Shoulder Institute<\/a> (MSI). Haga <a href=\"\/es\/citas\/\">clic aqu\u00ed para obtener m\u00e1s informaci\u00f3n y reservar una consulta<\/a>.<\/p>\n\n\n\n<div class=\"wp-block-buttons is-layout-flex wp-block-buttons-is-layout-flex\">\n<div class=\"wp-block-button is-style-square\"><a class=\"wp-block-button__link has-color-2-background-color has-background wp-element-button\" href=\"\/wp-content\/uploads\/sites\/2\/2024\/08\/Curriculum-Vitae-Joel-R-Peterson.pdf\" target=\"_blank\" rel=\"noreferrer noopener\">Descargar CV<\/a><\/div>\n<\/div>\n\n\n\n<div style=\"height:40px\" aria-hidden=\"true\" class=\"wp-block-spacer\"><\/div>\n\n\n\n<h1 class=\"wp-block-heading\" id=\"h-seguros-aceptados\">Seguros aceptados<\/h1>\n\n\n\n<p>Vea a continuaci\u00f3n una lista de seguros aceptados:<\/p>\n\n\n\n<ul class=\"wp-block-list\">\n<li>Banco Central de Reserva de Canad\u00e1<\/li>\n\n\n\n<li>Aetna<\/li>\n\n\n\n<li>Cigna<\/li>\n\n\n\n<li>Seguro m\u00e9dico del estado<\/li>\n\n\n\n<li>Corvej\u00f3n<\/li>\n\n\n\n<li>Oscar Health<\/li>\n\n\n\n<li>Bassett de Gallagher<\/li>\n\n\n\n<li>Seguro de compensaci\u00f3n para trabajadores de Florida si la compa\u00f1\u00eda de seguros proporciona autorizaci\u00f3n por escrito<\/li>\n\n\n\n<li>United Healthcare<\/li>\n<\/ul>\n\n\n\n<p>Nuestra oficina a\u00fan puede programar citas para pacientes que tengan beneficios fuera de la red, siempre que acepten usarlos.<\/p>\n","protected":false},"excerpt":{"rendered":"<p>Cirujano ortop\u00e9dico Joel Peterson, MD&nbsp;es un cirujano ortop\u00e9dico elegible por la Junta ABOS que se especializa en cirug\u00eda de hombro y codo. Creci\u00f3 en los suburbios de Washington, DC y luego asisti\u00f3 a la Universidad de Princeton, donde se gradu\u00f3 en Ecolog\u00eda, Biolog\u00eda Evolutiva y Neurociencia. Luego asisti\u00f3 a la Universidad de Columbia en la&#8230; <a class=\"more-link\" href=\"https:\/\/drbadia.com\/es\/joel-peterson\/\">[Read More]<\/a><\/p>\n","protected":false},"author":3,"featured_media":13946,"parent":0,"menu_order":0,"comment_status":"closed","ping_status":"closed","template":"","meta":{"_acf_changed":false,"_uag_custom_page_level_css":"","_genesis_hide_title":false,"_genesis_hide_breadcrumbs":false,"_genesis_hide_singular_image":false,"_genesis_hide_footer_widgets":false,"_genesis_custom_body_class":"","_genesis_custom_post_class":"","_genesis_layout":"","footnotes":""},"class_list":{"0":"post-13943","1":"page","2":"type-page","3":"status-publish","4":"has-post-thumbnail","6":"entry"},"acf":[],"yoast_head":"<!-- This site is optimized with the Yoast SEO Premium plugin v25.8 (Yoast SEO v26.8) - https:\/\/yoast.com\/product\/yoast-seo-premium-wordpress\/ -->\n<title>Conozca al Dr. Joel Peterson, cirujano ortop\u00e9dico en Miami<\/title>\n<meta name=\"description\" content=\"El Dr. Joel Peterson es cirujano ortop\u00e9dico especializado en reemplazos de hombro y afecciones complejas del codo en Miami. Programe ahora su consulta para recibir atenci\u00f3n especializada.\" \/>\n<meta name=\"robots\" content=\"index, follow, max-snippet:-1, max-image-preview:large, max-video-preview:-1\" \/>\n<link rel=\"canonical\" href=\"https:\/\/drbadia.com\/es\/joel-peterson\/\" \/>\n<meta property=\"og:locale\" content=\"es_ES\" \/>\n<meta property=\"og:type\" content=\"article\" \/>\n<meta property=\"og:title\" content=\"Dr. Joel R. Peterson, M.D.\" \/>\n<meta property=\"og:description\" content=\"El Dr. Joel Peterson es cirujano ortop\u00e9dico especializado en reemplazos de hombro y afecciones complejas del codo en Miami. Programe ahora su consulta para recibir atenci\u00f3n especializada.\" \/>\n<meta property=\"og:url\" content=\"https:\/\/drbadia.com\/es\/joel-peterson\/\" \/>\n<meta property=\"og:site_name\" content=\"Dr. Badia Espa\u00f1ol\" \/>\n<meta property=\"article:modified_time\" content=\"2025-12-01T15:50:30+00:00\" \/>\n<meta property=\"og:image\" content=\"https:\/\/drbadia.com\/es\/wp-content\/uploads\/sites\/2\/2024\/07\/Joel1839-683x1024.jpg\" \/>\n\t<meta property=\"og:image:width\" content=\"683\" \/>\n\t<meta property=\"og:image:height\" content=\"1024\" \/>\n\t<meta property=\"og:image:type\" content=\"image\/jpeg\" \/>\n<meta name=\"twitter:card\" content=\"summary_large_image\" \/>\n<meta name=\"twitter:label1\" content=\"Tiempo de lectura\" \/>\n\t<meta name=\"twitter:data1\" content=\"3 minutos\" \/>\n<script type=\"application\/ld+json\" class=\"yoast-schema-graph\">{\"@context\":\"https:\/\/schema.org\",\"@graph\":[{\"@type\":\"WebPage\",\"@id\":\"https:\/\/drbadia.com\/es\/joel-peterson\/\",\"url\":\"https:\/\/drbadia.com\/es\/joel-peterson\/\",\"name\":\"Conozca al Dr. Joel Peterson, cirujano ortop\u00e9dico en Miami\",\"isPartOf\":{\"@id\":\"https:\/\/drbadia.com\/es\/#website\"},\"primaryImageOfPage\":{\"@id\":\"https:\/\/drbadia.com\/es\/joel-peterson\/#primaryimage\"},\"image\":{\"@id\":\"https:\/\/drbadia.com\/es\/joel-peterson\/#primaryimage\"},\"thumbnailUrl\":\"https:\/\/drbadia.com\/es\/wp-content\/uploads\/sites\/2\/2024\/07\/Joel1839.jpg\",\"datePublished\":\"2024-07-30T02:52:38+00:00\",\"dateModified\":\"2025-12-01T15:50:30+00:00\",\"description\":\"El Dr. Joel Peterson es cirujano ortop\u00e9dico especializado en reemplazos de hombro y afecciones complejas del codo en Miami. Programe ahora su consulta para recibir atenci\u00f3n especializada.\",\"breadcrumb\":{\"@id\":\"https:\/\/drbadia.com\/es\/joel-peterson\/#breadcrumb\"},\"inLanguage\":\"es\",\"potentialAction\":[{\"@type\":\"ReadAction\",\"target\":[\"https:\/\/drbadia.com\/es\/joel-peterson\/\"]}]},{\"@type\":\"ImageObject\",\"inLanguage\":\"es\",\"@id\":\"https:\/\/drbadia.com\/es\/joel-peterson\/#primaryimage\",\"url\":\"https:\/\/drbadia.com\/es\/wp-content\/uploads\/sites\/2\/2024\/07\/Joel1839.jpg\",\"contentUrl\":\"https:\/\/drbadia.com\/es\/wp-content\/uploads\/sites\/2\/2024\/07\/Joel1839.jpg\",\"width\":5464,\"height\":8192,\"caption\":\"Dr. Joel R. Peterson, M.D.\"},{\"@type\":\"BreadcrumbList\",\"@id\":\"https:\/\/drbadia.com\/es\/joel-peterson\/#breadcrumb\",\"itemListElement\":[{\"@type\":\"ListItem\",\"position\":1,\"name\":\"Inicio\",\"item\":\"https:\/\/drbadia.com\/es\/\"},{\"@type\":\"ListItem\",\"position\":2,\"name\":\"Dr. Joel R. Peterson, M.D.\"}]},{\"@type\":\"WebSite\",\"@id\":\"https:\/\/drbadia.com\/es\/#website\",\"url\":\"https:\/\/drbadia.com\/es\/\",\"name\":\"Dr. Badia Espa\u00f1ol\",\"description\":\"Cirujano ortop\u00e9dico de renombre internacional\",\"publisher\":{\"@id\":\"https:\/\/drbadia.com\/es\/#organization\"},\"potentialAction\":[{\"@type\":\"SearchAction\",\"target\":{\"@type\":\"EntryPoint\",\"urlTemplate\":\"https:\/\/drbadia.com\/es\/?s={search_term_string}\"},\"query-input\":{\"@type\":\"PropertyValueSpecification\",\"valueRequired\":true,\"valueName\":\"search_term_string\"}}],\"inLanguage\":\"es\"},{\"@type\":\"Organization\",\"@id\":\"https:\/\/drbadia.com\/es\/#organization\",\"name\":\"Dr. Badia Espa\u00f1ol\",\"url\":\"https:\/\/drbadia.com\/es\/\",\"logo\":{\"@type\":\"ImageObject\",\"inLanguage\":\"es\",\"@id\":\"https:\/\/drbadia.com\/es\/#\/schema\/logo\/image\/\",\"url\":\"https:\/\/drbadia.com\/es\/wp-content\/uploads\/sites\/2\/2023\/06\/logo-without-background.webp\",\"contentUrl\":\"https:\/\/drbadia.com\/es\/wp-content\/uploads\/sites\/2\/2023\/06\/logo-without-background.webp\",\"width\":199,\"height\":125,\"caption\":\"Dr. Badia Espa\u00f1ol\"},\"image\":{\"@id\":\"https:\/\/drbadia.com\/es\/#\/schema\/logo\/image\/\"}}]}<\/script>\n<!-- \/ Yoast SEO Premium plugin. -->","yoast_head_json":{"title":"Conozca al Dr. Joel Peterson, cirujano ortop\u00e9dico en Miami","description":"El Dr. Joel Peterson es cirujano ortop\u00e9dico especializado en reemplazos de hombro y afecciones complejas del codo en Miami. Programe ahora su consulta para recibir atenci\u00f3n especializada.","robots":{"index":"index","follow":"follow","max-snippet":"max-snippet:-1","max-image-preview":"max-image-preview:large","max-video-preview":"max-video-preview:-1"},"canonical":"https:\/\/drbadia.com\/es\/joel-peterson\/","og_locale":"es_ES","og_type":"article","og_title":"Dr. Joel R. Peterson, M.D.","og_description":"El Dr. Joel Peterson es cirujano ortop\u00e9dico especializado en reemplazos de hombro y afecciones complejas del codo en Miami. Programe ahora su consulta para recibir atenci\u00f3n especializada.","og_url":"https:\/\/drbadia.com\/es\/joel-peterson\/","og_site_name":"Dr. Badia Espa\u00f1ol","article_modified_time":"2025-12-01T15:50:30+00:00","og_image":[{"width":683,"height":1024,"url":"https:\/\/drbadia.com\/es\/wp-content\/uploads\/sites\/2\/2024\/07\/Joel1839-683x1024.jpg","type":"image\/jpeg"}],"twitter_card":"summary_large_image","twitter_misc":{"Tiempo de lectura":"3 minutos"},"schema":{"@context":"https:\/\/schema.org","@graph":[{"@type":"WebPage","@id":"https:\/\/drbadia.com\/es\/joel-peterson\/","url":"https:\/\/drbadia.com\/es\/joel-peterson\/","name":"Conozca al Dr. Joel Peterson, cirujano ortop\u00e9dico en Miami","isPartOf":{"@id":"https:\/\/drbadia.com\/es\/#website"},"primaryImageOfPage":{"@id":"https:\/\/drbadia.com\/es\/joel-peterson\/#primaryimage"},"image":{"@id":"https:\/\/drbadia.com\/es\/joel-peterson\/#primaryimage"},"thumbnailUrl":"https:\/\/drbadia.com\/es\/wp-content\/uploads\/sites\/2\/2024\/07\/Joel1839.jpg","datePublished":"2024-07-30T02:52:38+00:00","dateModified":"2025-12-01T15:50:30+00:00","description":"El Dr. Joel Peterson es cirujano ortop\u00e9dico especializado en reemplazos de hombro y afecciones complejas del codo en Miami. Programe ahora su consulta para recibir atenci\u00f3n especializada.","breadcrumb":{"@id":"https:\/\/drbadia.com\/es\/joel-peterson\/#breadcrumb"},"inLanguage":"es","potentialAction":[{"@type":"ReadAction","target":["https:\/\/drbadia.com\/es\/joel-peterson\/"]}]},{"@type":"ImageObject","inLanguage":"es","@id":"https:\/\/drbadia.com\/es\/joel-peterson\/#primaryimage","url":"https:\/\/drbadia.com\/es\/wp-content\/uploads\/sites\/2\/2024\/07\/Joel1839.jpg","contentUrl":"https:\/\/drbadia.com\/es\/wp-content\/uploads\/sites\/2\/2024\/07\/Joel1839.jpg","width":5464,"height":8192,"caption":"Dr. Joel R. Peterson, M.D."},{"@type":"BreadcrumbList","@id":"https:\/\/drbadia.com\/es\/joel-peterson\/#breadcrumb","itemListElement":[{"@type":"ListItem","position":1,"name":"Inicio","item":"https:\/\/drbadia.com\/es\/"},{"@type":"ListItem","position":2,"name":"Dr. Joel R. Peterson, M.D."}]},{"@type":"WebSite","@id":"https:\/\/drbadia.com\/es\/#website","url":"https:\/\/drbadia.com\/es\/","name":"Dr. Badia Espa\u00f1ol","description":"Cirujano ortop\u00e9dico de renombre internacional","publisher":{"@id":"https:\/\/drbadia.com\/es\/#organization"},"potentialAction":[{"@type":"SearchAction","target":{"@type":"EntryPoint","urlTemplate":"https:\/\/drbadia.com\/es\/?s={search_term_string}"},"query-input":{"@type":"PropertyValueSpecification","valueRequired":true,"valueName":"search_term_string"}}],"inLanguage":"es"},{"@type":"Organization","@id":"https:\/\/drbadia.com\/es\/#organization","name":"Dr. Badia Espa\u00f1ol","url":"https:\/\/drbadia.com\/es\/","logo":{"@type":"ImageObject","inLanguage":"es","@id":"https:\/\/drbadia.com\/es\/#\/schema\/logo\/image\/","url":"https:\/\/drbadia.com\/es\/wp-content\/uploads\/sites\/2\/2023\/06\/logo-without-background.webp","contentUrl":"https:\/\/drbadia.com\/es\/wp-content\/uploads\/sites\/2\/2023\/06\/logo-without-background.webp","width":199,"height":125,"caption":"Dr. Badia Espa\u00f1ol"},"image":{"@id":"https:\/\/drbadia.com\/es\/#\/schema\/logo\/image\/"}}]}},"uagb_featured_image_src":{"full":["https:\/\/drbadia.com\/es\/wp-content\/uploads\/sites\/2\/2024\/07\/Joel1839.jpg",5464,8192,false],"thumbnail":["https:\/\/drbadia.com\/es\/wp-content\/uploads\/sites\/2\/2024\/07\/Joel1839-150x150.jpg",150,150,true],"medium":["https:\/\/drbadia.com\/es\/wp-content\/uploads\/sites\/2\/2024\/07\/Joel1839-200x300.jpg",200,300,true],"medium_large":["https:\/\/drbadia.com\/es\/wp-content\/uploads\/sites\/2\/2024\/07\/Joel1839-768x1151.jpg",768,1151,true],"large":["https:\/\/drbadia.com\/es\/wp-content\/uploads\/sites\/2\/2024\/07\/Joel1839-683x1024.jpg",683,1024,true],"1536x1536":["https:\/\/drbadia.com\/es\/wp-content\/uploads\/sites\/2\/2024\/07\/Joel1839-1025x1536.jpg",1025,1536,true],"2048x2048":["https:\/\/drbadia.com\/es\/wp-content\/uploads\/sites\/2\/2024\/07\/Joel1839.jpg",1366,2048,false],"gform-image-choice-sm":["https:\/\/drbadia.com\/es\/wp-content\/uploads\/sites\/2\/2024\/07\/Joel1839.jpg",200,300,false],"gform-image-choice-md":["https:\/\/drbadia.com\/es\/wp-content\/uploads\/sites\/2\/2024\/07\/Joel1839.jpg",267,400,false],"gform-image-choice-lg":["https:\/\/drbadia.com\/es\/wp-content\/uploads\/sites\/2\/2024\/07\/Joel1839.jpg",400,600,false]},"uagb_author_info":{"display_name":"Maggy Tinsel","author_link":"https:\/\/drbadia.com\/es\/author\/mtinsel\/"},"uagb_comment_info":0,"uagb_excerpt":"Cirujano ortop\u00e9dico Joel Peterson, MD&nbsp;es un cirujano ortop\u00e9dico elegible por la Junta ABOS que se especializa en cirug\u00eda de hombro y codo. Creci\u00f3 en los suburbios de Washington, DC y luego asisti\u00f3 a la Universidad de Princeton, donde se gradu\u00f3 en Ecolog\u00eda, Biolog\u00eda Evolutiva y Neurociencia. Luego asisti\u00f3 a la Universidad de Columbia en la...&hellip;","_links":{"self":[{"href":"https:\/\/drbadia.com\/es\/wp-json\/wp\/v2\/pages\/13943","targetHints":{"allow":["GET"]}}],"collection":[{"href":"https:\/\/drbadia.com\/es\/wp-json\/wp\/v2\/pages"}],"about":[{"href":"https:\/\/drbadia.com\/es\/wp-json\/wp\/v2\/types\/page"}],"author":[{"embeddable":true,"href":"https:\/\/drbadia.com\/es\/wp-json\/wp\/v2\/users\/3"}],"replies":[{"embeddable":true,"href":"https:\/\/drbadia.com\/es\/wp-json\/wp\/v2\/comments?post=13943"}],"version-history":[{"count":0,"href":"https:\/\/drbadia.com\/es\/wp-json\/wp\/v2\/pages\/13943\/revisions"}],"wp:featuredmedia":[{"embeddable":true,"href":"https:\/\/drbadia.com\/es\/wp-json\/wp\/v2\/media\/13946"}],"wp:attachment":[{"href":"https:\/\/drbadia.com\/es\/wp-json\/wp\/v2\/media?parent=13943"}],"curies":[{"name":"wp","href":"https:\/\/api.w.org\/{rel}","templated":true}]}}