{"id":1432,"date":"2023-07-07T03:11:31","date_gmt":"2023-07-07T03:11:31","guid":{"rendered":"https:\/\/drbadia.com\/es\/?page_id=1432"},"modified":"2025-11-27T14:22:24","modified_gmt":"2025-11-27T18:22:24","slug":"podcasts-destacados","status":"publish","type":"page","link":"https:\/\/drbadia.com\/es\/podcasts-destacados\/","title":{"rendered":"Podcasts Destacados"},"content":{"rendered":"\n<div class=\"wp-block-group alignfull special-full-block-content\"><div class=\"wp-block-group__inner-container is-layout-constrained wp-block-group-is-layout-constrained\">\n<div class=\"special-full-bloack\">\n    <div class=\"particles\" id=\"particles\"><\/div>\n\n    <div class=\"content\">\n        <h1>Dr.Badia &#8211; Podcasts destacados<\/h1>\n<div>Escuche una variedad de podcasts ortop\u00e9dicos que han presentado <a href=\"https:\/\/www.doximity.com\/pub\/alejandro-badia-md\" target=\"_blank\">Dr. Badia<\/a> como invitado<\/div>\n    <\/div>\n<\/div>\n<\/div><\/div>\n\n\n\n<div style=\"height:60px\" aria-hidden=\"true\" class=\"wp-block-spacer\"><\/div>\n\n\n\n<div class=\"wp-block-columns is-layout-flex wp-container-core-columns-is-layout-9d6595d7 wp-block-columns-is-layout-flex\">\n<div class=\"wp-block-column is-layout-flow wp-block-column-is-layout-flow\">\n<center><i class=\"fa-brands fa-spotify fa-2x\"><\/i><\/center>\n\n\n\n<h2 class=\"wp-block-heading has-text-align-center\" id=\"h-spotify-podcasts\">Spotify Podcasts<\/h2>\n\n\n\n<p><iframe loading=\"lazy\" style=\"border-radius: 12px;\" src=\"https:\/\/open.spotify.com\/embed\/playlist\/0PRjpdfkazPUoAJoz8oHP2?utm_source=generator&amp;theme=0\" width=\"100%\" height=\"600\" frameborder=\"0\" allowfullscreen=\"allowfullscreen\"><\/iframe><\/p>\n<\/div>\n\n\n\n<div class=\"wp-block-column is-layout-flow wp-block-column-is-layout-flow\">\n<center><i aria-hidden=\"true\" class=\"fab fa-apple fa-2x\"><\/i><\/center>\n\n\n\n<h2 class=\"wp-block-heading has-text-align-center\" id=\"h-apple-podcasts\">Apple Podcasts<\/h2>\n\n\n\n<p><iframe style=\"width: 100%; max-width: 660px; overflow: hidden; border-radius: 10px;\" src=\"https:\/\/embed.podcasts.apple.com\/us\/podcast\/dr-alejandro-badia-rethinking-urgent-care-with-orthonow\/id1726452812?i=1000657000460\" height=\"175\" frameborder=\"0\" sandbox=\"allow-forms allow-popups allow-same-origin allow-scripts allow-storage-access-by-user-activation allow-top-navigation-by-user-activation\"><\/iframe><br><iframe style=\"width: 100%; max-width: 660px; overflow: hidden; border-radius: 10px;\" src=\"https:\/\/embed.podcasts.apple.com\/us\/podcast\/health-care-costs-looking-in-the-mirror-for-solutions\/id1515033137?i=1000657142379\" height=\"175\" frameborder=\"0\" sandbox=\"allow-forms allow-popups allow-same-origin allow-scripts allow-storage-access-by-user-activation allow-top-navigation-by-user-activation\"><\/iframe><br><iframe style=\"width: 100%; max-width: 660px; overflow: hidden; border-radius: 10px;\" src=\"https:\/\/embed.podcasts.apple.com\/us\/podcast\/episode-is-dr-alejandro-badia-for-entrepreneurship\/id1719233940?i=1000653004248\" height=\"175\" frameborder=\"0\" sandbox=\"allow-forms allow-popups allow-same-origin allow-scripts allow-storage-access-by-user-activation allow-top-navigation-by-user-activation\"><\/iframe><br><iframe style=\"width: 100%; max-width: 660px; overflow: hidden; border-radius: 10px;\" src=\"https:\/\/embed.podcasts.apple.com\/at\/podcast\/orthopedic-innovations-and-insights-a-conversation\/id1512530263?i=1000633864089\" height=\"175\" frameborder=\"0\" sandbox=\"allow-forms allow-popups allow-same-origin allow-scripts allow-storage-access-by-user-activation allow-top-navigation-by-user-activation\"><\/iframe><br><iframe style=\"width: 100%; max-width: 660px; overflow: hidden; border-radius: 10px;\" src=\"https:\/\/embed.podcasts.apple.com\/us\/podcast\/dr-alejandro-badia-md-facs-making-healthcare-more-efficient\/id1459674115?i=1000519500836\" height=\"175\" frameborder=\"0\" sandbox=\"allow-forms allow-popups allow-same-origin allow-scripts allow-storage-access-by-user-activation allow-top-navigation-by-user-activation\"><\/iframe><br><iframe style=\"width: 100%; max-width: 660px; overflow: hidden; border-radius: 10px;\" src=\"https:\/\/embed.podcasts.apple.com\/us\/podcast\/alejandro-badia-md-facs-orthonow-founder-and-chief\/id1456206515?i=1000512201560\" height=\"175\" frameborder=\"0\" sandbox=\"allow-forms allow-popups allow-same-origin allow-scripts allow-storage-access-by-user-activation allow-top-navigation-by-user-activation\"><\/iframe><br><iframe style=\"width: 100%; max-width: 660px; overflow: hidden; border-radius: 10px;\" src=\"https:\/\/embed.podcasts.apple.com\/us\/podcast\/ep-112-hand-and-upper-limb-orthopedic-problems\/id1279389859?i=1000488538903\" height=\"175\" frameborder=\"0\" sandbox=\"allow-forms allow-popups allow-same-origin allow-scripts allow-storage-access-by-user-activation allow-top-navigation-by-user-activation\"><\/iframe><\/p>\n<\/div>\n\n\n\n<div class=\"wp-block-column is-layout-flow wp-block-column-is-layout-flow\">\n<center><i aria-hidden=\"true\" class=\"fas fa-headphones-alt fa-2x\"><\/i><\/center>\n\n\n\n<h2 class=\"wp-block-heading has-text-align-center\" id=\"h-audio-podcasts\">Audio Podcasts<\/h2>\n\n\n\n<div class=\"wp-block-columns is-layout-flex wp-container-core-columns-is-layout-9d6595d7 wp-block-columns-is-layout-flex\">\n<div class=\"wp-block-column is-layout-flow wp-block-column-is-layout-flow\" style=\"flex-basis:33.33%\">\n<figure class=\"wp-block-image\"><img decoding=\"async\" src=\"https:\/\/drbadia.com\/es\/wp-content\/uploads\/sites\/2\/2023\/08\/610-WIOD-E-scooters--300x300.png\" alt=\"\"\/><\/figure>\n<\/div>\n\n\n\n<div class=\"wp-block-column is-layout-flow wp-block-column-is-layout-flow\" style=\"flex-basis:66.66%\">\n<p>WIOD EScooters Interview<\/p>\n\n\n\n<figure class=\"wp-block-audio\"><audio controls src=\"https:\/\/drbadia.com\/es\/wp-content\/uploads\/sites\/2\/2023\/08\/WIODAM-1690806059.13500068.mp3\"><\/audio><\/figure>\n<\/div>\n<\/div>\n\n\n\n<div class=\"wp-block-columns is-layout-flex wp-container-core-columns-is-layout-9d6595d7 wp-block-columns-is-layout-flex\">\n<div class=\"wp-block-column is-layout-flow wp-block-column-is-layout-flow\" style=\"flex-basis:33.33%\">\n<figure class=\"wp-block-image\"><img decoding=\"async\" src=\"https:\/\/drbadia.com\/es\/wp-content\/uploads\/sites\/2\/2023\/07\/Screenshot-2023-07-13-at-2.51.27-AM-298x300.png\" alt=\"\"\/><\/figure>\n<\/div>\n\n\n\n<div class=\"wp-block-column is-layout-flow wp-block-column-is-layout-flow\" style=\"flex-basis:66.66%\">\n<p>Ep.3 10 Minutes from the Top with Dr.Badia<\/p>\n\n\n\n<figure class=\"wp-block-audio\"><audio controls src=\"https:\/\/drbadia.com\/es\/wp-content\/uploads\/sites\/2\/2023\/07\/Badia_Spine_Ortho_Podcast.mp3\"><\/audio><\/figure>\n<\/div>\n<\/div>\n\n\n\n<p><iframe loading=\"lazy\" style=\"border: none;\" title=\"Libsyn Player\" src=\"\/\/html5-player.libsyn.com\/embed\/episode\/id\/17964344\/height\/90\/theme\/custom\/thumbnail\/yes\/direction\/backward\/render-playlist\/no\/custom-color\/000050\/\" width=\"100%\" height=\"90\" scrolling=\"no\" allowfullscreen=\"allowfullscreen\"><\/iframe><br><iframe loading=\"lazy\" style=\"border: none;\" title=\"Libsyn Player\" src=\"\/\/html5-player.libsyn.com\/embed\/episode\/id\/18053789\/height\/90\/theme\/custom\/thumbnail\/yes\/direction\/backward\/render-playlist\/no\/custom-color\/000050\/\" width=\"100%\" height=\"90\" scrolling=\"no\" allowfullscreen=\"allowfullscreen\"><\/iframe><\/p>\n<\/div>\n<\/div>\n\n\n\n<div style=\"height:60px\" aria-hidden=\"true\" class=\"wp-block-spacer\"><\/div>\n\n\n\n<h2 class=\"wp-block-heading\" id=\"h-video-podcasts\">Video Podcasts<\/h2>\n\n\n<div id=\"reviews-video-gallery\">\r\n    <div class=\"gallery-container\">\r\n        <div class=\"main-video\">\r\n            <div class=\"video-wrapper\">\r\n                <iframe id=\"main-iframe\" src=\"https:\/\/www.youtube.com\/embed\/eV9bSMISFdw?enablejsapi=1&rel=0\" frameborder=\"0\"\r\n                    allow=\"accelerometer; autoplay; clipboard-write; encrypted-media; gyroscope; picture-in-picture\"\r\n                    allowfullscreen><\/iframe>\r\n            <\/div>\r\n        <\/div>\r\n        <div class=\"sidebarone\">\r\n            <h3>Podcasts de video con el Dr. Badia<\/h3>\r\n            <div class=\"video-list\">\r\n                <div class=\"video-item active\" data-video-id=\"eV9bSMISFdw\" data-platform=\"youtube\">\r\n                    <div class=\"thumbnail\">\r\n                        <img decoding=\"async\" src=\"https:\/\/img.youtube.com\/vi\/eV9bSMISFdw\/mqdefault.jpg\"\r\n                            alt=\"\">\r\n                    <\/div>\r\n                    <div class=\"info\">\r\n                        <div class=\"title\">Podcast de inmersi\u00f3n profunda RINOGRAMA.<\/div>\r\n                        <div class=\"duration\">1:00:59<\/div>\r\n                    <\/div>\r\n                <\/div>\r\n                <div class=\"video-item\" data-video-id=\"B-TpD6VZA1Q\" data-platform=\"youtube\">\r\n                    <div class=\"thumbnail\">\r\n                        <img decoding=\"async\" src=\"https:\/\/img.youtube.com\/vi\/B-TpD6VZA1Q\/mqdefault.jpg\"\r\n                            alt=\"\">\r\n                    <\/div>\r\n                    <div class=\"info\">\r\n                        <div class=\"title\">[Emprendimiento en Salud] \u00bfEst\u00e1 el Dr. Alejandro Badia a favor del emprendimiento en salud?<\/div>\r\n                        <div class=\"duration\">45:56<\/div>\r\n                    <\/div>\r\n                <\/div>\r\n            <\/div>\r\n        <\/div>\r\n    <\/div>\r\n<\/div>\r\n<script>\r\n    const videoItems = document.querySelectorAll('#reviews-video-gallery .video-item');\r\n    const mainIframe = document.getElementById('main-iframe');\r\n    \r\n    videoItems.forEach(item => {\r\n        item.addEventListener('click', function () {\r\n            videoItems.forEach(v => v.classList.remove('active'));\r\n            this.classList.add('active');\r\n            \r\n            const videoId = this.getAttribute('data-video-id');\r\n            const platform = this.getAttribute('data-platform');\r\n            \r\n            if (platform === 'vimeo') {\r\n                mainIframe.src = `https:\/\/player.vimeo.com\/video\/${videoId}?autoplay=1`;\r\n            } else {\r\n                mainIframe.src = `https:\/\/www.youtube.com\/embed\/${videoId}?autoplay=1&enablejsapi=1&rel=0`;\r\n            }\r\n        });\r\n    });\r\n<\/script>\n\n\n\n<div style=\"height:60px\" aria-hidden=\"true\" class=\"wp-block-spacer\"><\/div>\n\n\n\n<div class=\"wp-block-group alignfull special-full-block-content two\"><div class=\"wp-block-group__inner-container is-layout-constrained wp-block-group-is-layout-constrained\">\n<div class=\"special-full-bloack\">\n    <div class=\"particles\" id=\"particles\"><\/div>\n\n    <div class=\"content\">\n        <h2><b>Para m\u00e1s informaci\u00f3n, consulte los siguientes enlaces<\/b><\/h2>\n\n        <div class=\"links-grid\">\n            <a href=\"\/es\/medios\/\" class=\"link-button\">\n                <span>\ud83d\udcf9<\/span>\n                <span>MEDIOS<\/span>\n            <\/a>\n            <a href=\"\/es\/libro\/\" class=\"link-button\">\n                <span>\ud83d\udcda<\/span>\n                <span>LIBRO<\/span>\n            <\/a>\n            <a href=\"\/es\/podcast\/\" class=\"link-button\">\n                <span>\ud83c\udf99\ufe0f<\/span>\n                <span>PODCASTS DEL DR. BADIA<\/span>\n            <\/a>\n            <a href=\"\/es\/blog\/\" class=\"link-button\">\n                <span>\ud83d\udcdd<\/span>\n                <span>BLOG<\/span>\n            <\/a>\n        <\/div>\n    <\/div>\n<\/div>\n\n<script>\n        function createParticles(container, count = 80) {\n            for (let i = 0; i < count; i++) {\n                const particle = document.createElement('div');\n                particle.className = 'particle';\n                \n                const size = Math.random() * 4 + 1;\n                particle.style.width = `${size}px`;\n                particle.style.height = `${size}px`;\n                \n                particle.style.left = `${Math.random() * 100}%`;\n                particle.style.top = `${Math.random() * 100}%`;\n                \n                const duration = Math.random() * 3 + 2;\n                particle.style.animationDuration = `${duration}s, ${Math.random() * 2 + 1}s`;\n                \n                particle.style.animationDelay = `${Math.random() * 2}s, ${Math.random() * 2}s`;\n                \n                container.appendChild(particle);\n            }\n        }\n\n        document.querySelectorAll('.particles').forEach(particlesContainer => {\n            createParticles(particlesContainer, 80);\n        });\n    <\/script>\n<\/div><\/div>\n\n\n\n<p><\/p>\n","protected":false},"excerpt":{"rendered":"<p>Dr.Badia &#8211; Podcasts destacados Escuche una variedad de podcasts ortop\u00e9dicos que han presentado Dr. Badia como invitado Spotify Podcasts Apple Podcasts Audio Podcasts WIOD EScooters Interview Ep.3 10 Minutes from the Top with Dr.Badia Video Podcasts Para m\u00e1s informaci\u00f3n, consulte los siguientes enlaces \ud83d\udcf9 MEDIOS \ud83d\udcda LIBRO \ud83c\udf99\ufe0f PODCASTS DEL DR. BADIA \ud83d\udcdd BLOG<\/p>\n","protected":false},"author":3,"featured_media":1020,"parent":0,"menu_order":0,"comment_status":"closed","ping_status":"closed","template":"","meta":{"_acf_changed":false,"_uag_custom_page_level_css":"","_genesis_hide_title":true,"_genesis_hide_breadcrumbs":false,"_genesis_hide_singular_image":false,"_genesis_hide_footer_widgets":false,"_genesis_custom_body_class":"","_genesis_custom_post_class":"custom-header-design","_genesis_layout":"","footnotes":""},"class_list":{"0":"post-1432","1":"page","2":"type-page","3":"status-publish","4":"has-post-thumbnail","6":"entry","7":"custom-header-design"},"acf":[],"yoast_head":"<!-- This site is optimized with the Yoast SEO Premium plugin v25.8 (Yoast SEO v26.8) - https:\/\/yoast.com\/product\/yoast-seo-premium-wordpress\/ -->\n<title>Podcasts ortop\u00e9dicos destacados en Miami<\/title>\n<meta name=\"description\" content=\"Podcasts ortop\u00e9dicos destacados: encuentre m\u00e1s podcasts que han presentado al Dr. Badia en una variedad de temas ortop\u00e9dicos relevantes.\" \/>\n<meta name=\"robots\" content=\"index, follow, max-snippet:-1, max-image-preview:large, max-video-preview:-1\" \/>\n<link rel=\"canonical\" href=\"https:\/\/drbadia.com\/es\/podcasts-destacados\/\" \/>\n<meta property=\"og:locale\" content=\"es_ES\" \/>\n<meta property=\"og:type\" content=\"article\" \/>\n<meta property=\"og:title\" content=\"Podcasts Destacados\" \/>\n<meta property=\"og:description\" content=\"Podcasts ortop\u00e9dicos destacados: encuentre m\u00e1s podcasts que han presentado al Dr. Badia en una variedad de temas ortop\u00e9dicos relevantes.\" \/>\n<meta property=\"og:url\" content=\"https:\/\/drbadia.com\/es\/podcasts-destacados\/\" \/>\n<meta property=\"og:site_name\" content=\"Dr. Badia Espa\u00f1ol\" \/>\n<meta property=\"article:modified_time\" content=\"2025-11-27T18:22:24+00:00\" \/>\n<meta property=\"og:image\" content=\"https:\/\/drbadia.com\/es\/wp-content\/uploads\/sites\/2\/2023\/06\/Copy-of-PODCAST-YouTube-Thumbnail-1.png\" \/>\n\t<meta property=\"og:image:width\" content=\"1280\" \/>\n\t<meta property=\"og:image:height\" content=\"720\" \/>\n\t<meta property=\"og:image:type\" content=\"image\/png\" \/>\n<meta name=\"twitter:card\" content=\"summary_large_image\" \/>\n<meta name=\"twitter:label1\" content=\"Tiempo de lectura\" \/>\n\t<meta name=\"twitter:data1\" content=\"1 minuto\" \/>\n<script type=\"application\/ld+json\" class=\"yoast-schema-graph\">{\"@context\":\"https:\/\/schema.org\",\"@graph\":[{\"@type\":\"WebPage\",\"@id\":\"https:\/\/drbadia.com\/es\/podcasts-destacados\/\",\"url\":\"https:\/\/drbadia.com\/es\/podcasts-destacados\/\",\"name\":\"Podcasts ortop\u00e9dicos destacados en Miami\",\"isPartOf\":{\"@id\":\"https:\/\/drbadia.com\/es\/#website\"},\"primaryImageOfPage\":{\"@id\":\"https:\/\/drbadia.com\/es\/podcasts-destacados\/#primaryimage\"},\"image\":{\"@id\":\"https:\/\/drbadia.com\/es\/podcasts-destacados\/#primaryimage\"},\"thumbnailUrl\":\"https:\/\/drbadia.com\/es\/wp-content\/uploads\/sites\/2\/2023\/06\/Copy-of-PODCAST-YouTube-Thumbnail-1.png\",\"datePublished\":\"2023-07-07T03:11:31+00:00\",\"dateModified\":\"2025-11-27T18:22:24+00:00\",\"description\":\"Podcasts ortop\u00e9dicos destacados: encuentre m\u00e1s podcasts que han presentado al Dr. Badia en una variedad de temas ortop\u00e9dicos relevantes.\",\"breadcrumb\":{\"@id\":\"https:\/\/drbadia.com\/es\/podcasts-destacados\/#breadcrumb\"},\"inLanguage\":\"es\",\"potentialAction\":[{\"@type\":\"ReadAction\",\"target\":[\"https:\/\/drbadia.com\/es\/podcasts-destacados\/\"]}]},{\"@type\":\"ImageObject\",\"inLanguage\":\"es\",\"@id\":\"https:\/\/drbadia.com\/es\/podcasts-destacados\/#primaryimage\",\"url\":\"https:\/\/drbadia.com\/es\/wp-content\/uploads\/sites\/2\/2023\/06\/Copy-of-PODCAST-YouTube-Thumbnail-1.png\",\"contentUrl\":\"https:\/\/drbadia.com\/es\/wp-content\/uploads\/sites\/2\/2023\/06\/Copy-of-PODCAST-YouTube-Thumbnail-1.png\",\"width\":1280,\"height\":720,\"caption\":\"Featured orthopedic podcasts Dr. Badia\"},{\"@type\":\"BreadcrumbList\",\"@id\":\"https:\/\/drbadia.com\/es\/podcasts-destacados\/#breadcrumb\",\"itemListElement\":[{\"@type\":\"ListItem\",\"position\":1,\"name\":\"Inicio\",\"item\":\"https:\/\/drbadia.com\/es\/\"},{\"@type\":\"ListItem\",\"position\":2,\"name\":\"Podcasts Destacados\"}]},{\"@type\":\"WebSite\",\"@id\":\"https:\/\/drbadia.com\/es\/#website\",\"url\":\"https:\/\/drbadia.com\/es\/\",\"name\":\"Dr. Badia Espa\u00f1ol\",\"description\":\"Cirujano ortop\u00e9dico de renombre internacional\",\"publisher\":{\"@id\":\"https:\/\/drbadia.com\/es\/#organization\"},\"potentialAction\":[{\"@type\":\"SearchAction\",\"target\":{\"@type\":\"EntryPoint\",\"urlTemplate\":\"https:\/\/drbadia.com\/es\/?s={search_term_string}\"},\"query-input\":{\"@type\":\"PropertyValueSpecification\",\"valueRequired\":true,\"valueName\":\"search_term_string\"}}],\"inLanguage\":\"es\"},{\"@type\":\"Organization\",\"@id\":\"https:\/\/drbadia.com\/es\/#organization\",\"name\":\"Dr. Badia Espa\u00f1ol\",\"url\":\"https:\/\/drbadia.com\/es\/\",\"logo\":{\"@type\":\"ImageObject\",\"inLanguage\":\"es\",\"@id\":\"https:\/\/drbadia.com\/es\/#\/schema\/logo\/image\/\",\"url\":\"https:\/\/drbadia.com\/es\/wp-content\/uploads\/sites\/2\/2023\/06\/logo-without-background.webp\",\"contentUrl\":\"https:\/\/drbadia.com\/es\/wp-content\/uploads\/sites\/2\/2023\/06\/logo-without-background.webp\",\"width\":199,\"height\":125,\"caption\":\"Dr. Badia Espa\u00f1ol\"},\"image\":{\"@id\":\"https:\/\/drbadia.com\/es\/#\/schema\/logo\/image\/\"}}]}<\/script>\n<!-- \/ Yoast SEO Premium plugin. -->","yoast_head_json":{"title":"Podcasts ortop\u00e9dicos destacados en Miami","description":"Podcasts ortop\u00e9dicos destacados: encuentre m\u00e1s podcasts que han presentado al Dr. Badia en una variedad de temas ortop\u00e9dicos relevantes.","robots":{"index":"index","follow":"follow","max-snippet":"max-snippet:-1","max-image-preview":"max-image-preview:large","max-video-preview":"max-video-preview:-1"},"canonical":"https:\/\/drbadia.com\/es\/podcasts-destacados\/","og_locale":"es_ES","og_type":"article","og_title":"Podcasts Destacados","og_description":"Podcasts ortop\u00e9dicos destacados: encuentre m\u00e1s podcasts que han presentado al Dr. Badia en una variedad de temas ortop\u00e9dicos relevantes.","og_url":"https:\/\/drbadia.com\/es\/podcasts-destacados\/","og_site_name":"Dr. Badia Espa\u00f1ol","article_modified_time":"2025-11-27T18:22:24+00:00","og_image":[{"width":1280,"height":720,"url":"https:\/\/drbadia.com\/es\/wp-content\/uploads\/sites\/2\/2023\/06\/Copy-of-PODCAST-YouTube-Thumbnail-1.png","type":"image\/png"}],"twitter_card":"summary_large_image","twitter_misc":{"Tiempo de lectura":"1 minuto"},"schema":{"@context":"https:\/\/schema.org","@graph":[{"@type":"WebPage","@id":"https:\/\/drbadia.com\/es\/podcasts-destacados\/","url":"https:\/\/drbadia.com\/es\/podcasts-destacados\/","name":"Podcasts ortop\u00e9dicos destacados en Miami","isPartOf":{"@id":"https:\/\/drbadia.com\/es\/#website"},"primaryImageOfPage":{"@id":"https:\/\/drbadia.com\/es\/podcasts-destacados\/#primaryimage"},"image":{"@id":"https:\/\/drbadia.com\/es\/podcasts-destacados\/#primaryimage"},"thumbnailUrl":"https:\/\/drbadia.com\/es\/wp-content\/uploads\/sites\/2\/2023\/06\/Copy-of-PODCAST-YouTube-Thumbnail-1.png","datePublished":"2023-07-07T03:11:31+00:00","dateModified":"2025-11-27T18:22:24+00:00","description":"Podcasts ortop\u00e9dicos destacados: encuentre m\u00e1s podcasts que han presentado al Dr. Badia en una variedad de temas ortop\u00e9dicos relevantes.","breadcrumb":{"@id":"https:\/\/drbadia.com\/es\/podcasts-destacados\/#breadcrumb"},"inLanguage":"es","potentialAction":[{"@type":"ReadAction","target":["https:\/\/drbadia.com\/es\/podcasts-destacados\/"]}]},{"@type":"ImageObject","inLanguage":"es","@id":"https:\/\/drbadia.com\/es\/podcasts-destacados\/#primaryimage","url":"https:\/\/drbadia.com\/es\/wp-content\/uploads\/sites\/2\/2023\/06\/Copy-of-PODCAST-YouTube-Thumbnail-1.png","contentUrl":"https:\/\/drbadia.com\/es\/wp-content\/uploads\/sites\/2\/2023\/06\/Copy-of-PODCAST-YouTube-Thumbnail-1.png","width":1280,"height":720,"caption":"Featured orthopedic podcasts Dr. Badia"},{"@type":"BreadcrumbList","@id":"https:\/\/drbadia.com\/es\/podcasts-destacados\/#breadcrumb","itemListElement":[{"@type":"ListItem","position":1,"name":"Inicio","item":"https:\/\/drbadia.com\/es\/"},{"@type":"ListItem","position":2,"name":"Podcasts Destacados"}]},{"@type":"WebSite","@id":"https:\/\/drbadia.com\/es\/#website","url":"https:\/\/drbadia.com\/es\/","name":"Dr. Badia Espa\u00f1ol","description":"Cirujano ortop\u00e9dico de renombre internacional","publisher":{"@id":"https:\/\/drbadia.com\/es\/#organization"},"potentialAction":[{"@type":"SearchAction","target":{"@type":"EntryPoint","urlTemplate":"https:\/\/drbadia.com\/es\/?s={search_term_string}"},"query-input":{"@type":"PropertyValueSpecification","valueRequired":true,"valueName":"search_term_string"}}],"inLanguage":"es"},{"@type":"Organization","@id":"https:\/\/drbadia.com\/es\/#organization","name":"Dr. Badia Espa\u00f1ol","url":"https:\/\/drbadia.com\/es\/","logo":{"@type":"ImageObject","inLanguage":"es","@id":"https:\/\/drbadia.com\/es\/#\/schema\/logo\/image\/","url":"https:\/\/drbadia.com\/es\/wp-content\/uploads\/sites\/2\/2023\/06\/logo-without-background.webp","contentUrl":"https:\/\/drbadia.com\/es\/wp-content\/uploads\/sites\/2\/2023\/06\/logo-without-background.webp","width":199,"height":125,"caption":"Dr. Badia Espa\u00f1ol"},"image":{"@id":"https:\/\/drbadia.com\/es\/#\/schema\/logo\/image\/"}}]}},"uagb_featured_image_src":{"full":["https:\/\/drbadia.com\/es\/wp-content\/uploads\/sites\/2\/2023\/06\/Copy-of-PODCAST-YouTube-Thumbnail-1.png",1280,720,false],"thumbnail":["https:\/\/drbadia.com\/es\/wp-content\/uploads\/sites\/2\/2023\/06\/Copy-of-PODCAST-YouTube-Thumbnail-1-150x150.png",150,150,true],"medium":["https:\/\/drbadia.com\/es\/wp-content\/uploads\/sites\/2\/2023\/06\/Copy-of-PODCAST-YouTube-Thumbnail-1-300x169.png",300,169,true],"medium_large":["https:\/\/drbadia.com\/es\/wp-content\/uploads\/sites\/2\/2023\/06\/Copy-of-PODCAST-YouTube-Thumbnail-1-768x432.png",768,432,true],"large":["https:\/\/drbadia.com\/es\/wp-content\/uploads\/sites\/2\/2023\/06\/Copy-of-PODCAST-YouTube-Thumbnail-1-1024x576.png",1024,576,true],"1536x1536":["https:\/\/drbadia.com\/es\/wp-content\/uploads\/sites\/2\/2023\/06\/Copy-of-PODCAST-YouTube-Thumbnail-1.png",1280,720,false],"2048x2048":["https:\/\/drbadia.com\/es\/wp-content\/uploads\/sites\/2\/2023\/06\/Copy-of-PODCAST-YouTube-Thumbnail-1.png",1280,720,false],"gform-image-choice-sm":["https:\/\/drbadia.com\/es\/wp-content\/uploads\/sites\/2\/2023\/06\/Copy-of-PODCAST-YouTube-Thumbnail-1.png",300,169,false],"gform-image-choice-md":["https:\/\/drbadia.com\/es\/wp-content\/uploads\/sites\/2\/2023\/06\/Copy-of-PODCAST-YouTube-Thumbnail-1.png",400,225,false],"gform-image-choice-lg":["https:\/\/drbadia.com\/es\/wp-content\/uploads\/sites\/2\/2023\/06\/Copy-of-PODCAST-YouTube-Thumbnail-1.png",600,338,false]},"uagb_author_info":{"display_name":"Maggy Tinsel","author_link":"https:\/\/drbadia.com\/es\/author\/mtinsel\/"},"uagb_comment_info":0,"uagb_excerpt":"Dr.Badia &#8211; Podcasts destacados Escuche una variedad de podcasts ortop\u00e9dicos que han presentado Dr. Badia como invitado Spotify Podcasts Apple Podcasts Audio Podcasts WIOD EScooters Interview Ep.3 10 Minutes from the Top with Dr.Badia Video Podcasts Para m\u00e1s informaci\u00f3n, consulte los siguientes enlaces \ud83d\udcf9 MEDIOS \ud83d\udcda LIBRO \ud83c\udf99\ufe0f PODCASTS DEL DR. BADIA \ud83d\udcdd BLOG","_links":{"self":[{"href":"https:\/\/drbadia.com\/es\/wp-json\/wp\/v2\/pages\/1432","targetHints":{"allow":["GET"]}}],"collection":[{"href":"https:\/\/drbadia.com\/es\/wp-json\/wp\/v2\/pages"}],"about":[{"href":"https:\/\/drbadia.com\/es\/wp-json\/wp\/v2\/types\/page"}],"author":[{"embeddable":true,"href":"https:\/\/drbadia.com\/es\/wp-json\/wp\/v2\/users\/3"}],"replies":[{"embeddable":true,"href":"https:\/\/drbadia.com\/es\/wp-json\/wp\/v2\/comments?post=1432"}],"version-history":[{"count":0,"href":"https:\/\/drbadia.com\/es\/wp-json\/wp\/v2\/pages\/1432\/revisions"}],"wp:featuredmedia":[{"embeddable":true,"href":"https:\/\/drbadia.com\/es\/wp-json\/wp\/v2\/media\/1020"}],"wp:attachment":[{"href":"https:\/\/drbadia.com\/es\/wp-json\/wp\/v2\/media?parent=1432"}],"curies":[{"name":"wp","href":"https:\/\/api.w.org\/{rel}","templated":true}]}}