{"id":1544,"date":"2023-07-10T05:55:31","date_gmt":"2023-07-10T05:55:31","guid":{"rendered":"https:\/\/drbadia.com\/es\/?page_id=1544"},"modified":"2025-11-27T12:39:42","modified_gmt":"2025-11-27T16:39:42","slug":"prp","status":"publish","type":"page","link":"https:\/\/drbadia.com\/es\/servicios\/prp\/","title":{"rendered":"PRP \/ Tratamiento Ortobiol\u00f3gico"},"content":{"rendered":"\n<div class=\"wp-block-cover alignfull hero-banner-core\" style=\"min-height:200px;aspect-ratio:unset;\"><img loading=\"lazy\" decoding=\"async\" width=\"1024\" height=\"175\" class=\"wp-block-cover__image-background wp-image-20214 size-large\" alt=\"\" src=\"https:\/\/drbadia.com\/es\/wp-content\/uploads\/sites\/2\/2025\/09\/bg-header-1-1024x175.jpg\" data-object-fit=\"cover\" srcset=\"https:\/\/drbadia.com\/es\/wp-content\/uploads\/sites\/2\/2025\/09\/bg-header-1-1024x175.jpg 1024w, https:\/\/drbadia.com\/es\/wp-content\/uploads\/sites\/2\/2025\/09\/bg-header-1-300x51.jpg 300w, https:\/\/drbadia.com\/es\/wp-content\/uploads\/sites\/2\/2025\/09\/bg-header-1-768x132.jpg 768w, https:\/\/drbadia.com\/es\/wp-content\/uploads\/sites\/2\/2025\/09\/bg-header-1-1536x263.jpg 1536w, https:\/\/drbadia.com\/es\/wp-content\/uploads\/sites\/2\/2025\/09\/bg-header-1-18x3.jpg 18w, https:\/\/drbadia.com\/es\/wp-content\/uploads\/sites\/2\/2025\/09\/bg-header-1.jpg 1920w\" sizes=\"auto, (max-width: 1024px) 100vw, 1024px\" \/><span aria-hidden=\"true\" class=\"wp-block-cover__background has-color-1-background-color has-background-dim-70 has-background-dim\"><\/span><div class=\"wp-block-cover__inner-container is-layout-constrained wp-block-cover-is-layout-constrained\"><div class=\"yoast-breadcrumbs\"><span><span><a href=\"https:\/\/drbadia.com\/es\/\">Inicio<\/a><\/span> \u00bb <span><a href=\"https:\/\/drbadia.com\/es\/servicios\/\">Servicios<\/a><\/span> \u00bb <span class=\"breadcrumb_last\" aria-current=\"page\">PRP \/ Tratamiento Ortobiol\u00f3gico<\/span><\/span><\/div>\n\n\n<h2 class=\"wp-block-heading has-text-align-center\" id=\"h-prp-tratamiento-ortobiologico\">PRP \/ Tratamiento Ortobiol\u00f3gico<\/h2>\n<\/div><\/div>\n\n\n\n<div class=\"wp-block-columns is-layout-flex wp-container-core-columns-is-layout-9d6595d7 wp-block-columns-is-layout-flex\">\n<div class=\"wp-block-column is-layout-flow wp-block-column-is-layout-flow\" style=\"flex-basis:10%\"><\/div>\n\n\n\n<div class=\"wp-block-column is-layout-flow wp-block-column-is-layout-flow\" style=\"flex-basis:80%\">\t\t\t\t\t<div\n\t\t\t\t\t\tclass=\"wp-block-uagb-image-gallery uagb-block-c89434ff     \"\n\t\t\t\t\t\tstyle=\"\"\n\t\t\t\t\t>\n\t\t\t\t\t\t\t\t\t\t\t<div class=\"spectra-image-gallery spectra-image-gallery__layout--masonry spectra-image-gallery__layout--masonry-col-1 spectra-image-gallery__layout--masonry-col-tab-3 spectra-image-gallery__layout--masonry-col-mob-2\">\n\t\t\t\t\t\t\t\t\t\t\t<div class='spectra-image-gallery__media-wrapper--isotope'>\n\t\t\t\t\t\t\t<div class='spectra-image-gallery__media-wrapper' data-spectra-gallery-image-id='1545' tabindex=\"0\">\n\t\t\t\t\t\t\t<div class=\"spectra-image-gallery__media spectra-image-gallery__media--masonry\">\n\t\t\t\t<picture>\n\t\t\t\t\t<source media=\"(min-width: 1024px)\" srcset=\"https:\/\/drbadia.com\/es\/wp-content\/uploads\/sites\/2\/2023\/07\/Injection-under-fluoroscopy-1024x684.jpg\">\n\t\t\t\t\t<source media=\"(min-width: 768px)\" srcset=\"https:\/\/drbadia.com\/es\/wp-content\/uploads\/sites\/2\/2023\/07\/Injection-under-fluoroscopy-1024x684.jpg\">\n\t\t\t\t\t<img decoding=\"async\" class=\"spectra-image-gallery__media-thumbnail spectra-image-gallery__media-thumbnail--masonry\" src=\"https:\/\/drbadia.com\/es\/wp-content\/uploads\/sites\/2\/2023\/07\/Injection-under-fluoroscopy-300x200.jpg\" alt=\"Formulario de Paciente Establecido\" loading=\"lazy\" \/>\n\t\t\t\t<\/picture>\n\t\t\t\t<div class=\"spectra-image-gallery__media-thumbnail-blurrer\"><\/div>\n\t\t\t\t\t\t\t\t\t\t\t<div class=\"spectra-image-gallery__media-thumbnail-caption-wrapper spectra-image-gallery__media-thumbnail-caption-wrapper--overlay\"><\/div>\n\t\t\t\t\t\t\t\t<\/div>\n\t\t\t\t\t\t<\/div>\n\t\t\t\t\t\t<\/div>\n\t\t\t\t\t\t\t\t\t\t<\/div>\n\t\t\t\t\t\t\t\t\t\t\t\t\t\t\t\t\t\t<\/div>\n\t\t\t\t\t\t\t\t\t<\/div>\n\n\n\n<div class=\"wp-block-column is-layout-flow wp-block-column-is-layout-flow\" style=\"flex-basis:10%\"><\/div>\n<\/div>\n\n\n\n<div style=\"height:30px\" aria-hidden=\"true\" class=\"wp-block-spacer\"><\/div>\n\n\n\n<div class=\"wp-block-columns is-layout-flex wp-container-core-columns-is-layout-9d6595d7 wp-block-columns-is-layout-flex\">\n<div class=\"wp-block-column is-layout-flow wp-block-column-is-layout-flow\" style=\"flex-basis:10%\"><\/div>\n\n\n\n<div class=\"wp-block-column is-layout-flow wp-block-column-is-layout-flow\" style=\"flex-basis:80%\">\n<p><strong>PRP<\/strong>&nbsp;(plasma rico en plaquetas) y la ortobiolog\u00eda son tratamientos avanzados de medicina regenerativa que aprovechan los mecanismos naturales de curaci\u00f3n del organismo para favorecer la reparaci\u00f3n y regeneraci\u00f3n de los tejidos.<\/p>\n\n\n\n<p>PRP&nbsp;consiste en extraer una soluci\u00f3n concentrada de plaquetas de su propia sangre.&nbsp;Las plaquetas son ricas en factores de crecimiento y otras prote\u00ednas bioactivas que desempe\u00f1an un papel clave en la cicatrizaci\u00f3n de los tejidos.<\/p>\n\n\n\n<p>A continuaci\u00f3n, el plasma rico en plaquetas extra\u00eddo se inyecta en la zona afectada, estimulando la respuesta curativa natural del organismo y favoreciendo la regeneraci\u00f3n de los tejidos.<\/p>\n\n\n\n<p>La terapia PRP se utiliza habitualmente para tratar afecciones como lesiones tendinosas, artrosis y da\u00f1os en los ligamentos.<\/p>\n\n\n\n<p><strong>Ortobiolog\u00eda<\/strong>&nbsp;abarcan una serie de tratamientos que utilizan sustancias biol\u00f3gicas, como c\u00e9lulas madre, factores de crecimiento o andamiajes, para potenciar la regeneraci\u00f3n y cicatrizaci\u00f3n de los tejidos.<\/p>\n\n\n\n<p>Consiste en utilizar c\u00e9lulas del propio organismo o c\u00e9lulas procedentes de donantes para contribuir a la reparaci\u00f3n y regeneraci\u00f3n de los tejidos.<\/p>\n\n\n\n<p>Los factores de crecimiento, como las prote\u00ednas o las citoquinas, pueden utilizarse para estimular el crecimiento celular y favorecer la cicatrizaci\u00f3n de los tejidos.<\/p>\n\n\n\n<p>Estos tratamientos ortobiol\u00f3gicos se utilizan a menudo en ortopedia para favorecer la reparaci\u00f3n de los tejidos, reducir el dolor y mejorar la funci\u00f3n general.<\/p>\n\n\n\n<p>Tanto los tratamientos PRP como los ortobiol\u00f3gicos ofrecen alternativas no quir\u00fargicas a los pacientes que desean tratar afecciones y lesiones ortop\u00e9dicas.<\/p>\n\n\n\n<p>Estas terapias innovadoras pretenden optimizar el potencial curativo, aliviar el dolor y mejorar los resultados a largo plazo aprovechando la capacidad regenerativa del propio organismo.<\/p>\n\n\n\n<h2 class=\"wp-block-heading\" id=\"h-los-beneficios-del-prp-y-la-ortobiologia\">Los beneficios del PRP y la ortobiolog\u00eda :<\/h2>\n\n\n\n<ul class=\"wp-block-list\">\n<li>Cicatrizaci\u00f3n acelerada: El PRP estimula la respuesta curativa natural del organismo, favoreciendo una reparaci\u00f3n y regeneraci\u00f3n m\u00e1s r\u00e1pida de los tejidos.<\/li>\n\n\n\n<li>Reducci\u00f3n del dolor y la inflamaci\u00f3n: El PRP contiene factores de crecimiento que ayudan a reducir el dolor y la inflamaci\u00f3n asociados a afecciones y lesiones ortop\u00e9dicas.<\/li>\n\n\n\n<li>Tratamiento personalizado y natural: El PRP utiliza la propia sangre del paciente, lo que lo convierte en una opci\u00f3n de tratamiento segura y natural.<\/li>\n<\/ul>\n<\/div>\n\n\n\n<div class=\"wp-block-column is-layout-flow wp-block-column-is-layout-flow\" style=\"flex-basis:10%\"><\/div>\n<\/div>\n\n\n\n<div style=\"height:30px\" aria-hidden=\"true\" class=\"wp-block-spacer\"><\/div>\n\n\n\n<div class=\"wp-block-buttons is-content-justification-center is-layout-flex wp-container-core-buttons-is-layout-16018d1d wp-block-buttons-is-layout-flex\">\n<div class=\"wp-block-button\"><a class=\"wp-block-button__link has-color-2-background-color has-background wp-element-button\" href=\"\/es\/servicios\/\">M\u00e1s servicios<\/a><\/div>\n<\/div>\n","protected":false},"excerpt":{"rendered":"<p>PRP&nbsp;(plasma rico en plaquetas) y la ortobiolog\u00eda son tratamientos avanzados de medicina regenerativa que aprovechan los mecanismos naturales de curaci\u00f3n del organismo para favorecer la reparaci\u00f3n y regeneraci\u00f3n de los tejidos. PRP&nbsp;consiste en extraer una soluci\u00f3n concentrada de plaquetas de su propia sangre.&nbsp;Las plaquetas son ricas en factores de crecimiento y otras prote\u00ednas bioactivas que&#8230; <a class=\"more-link\" href=\"https:\/\/drbadia.com\/es\/servicios\/prp\/\">[Read More]<\/a><\/p>\n","protected":false},"author":3,"featured_media":1546,"parent":250,"menu_order":0,"comment_status":"closed","ping_status":"closed","template":"","meta":{"_acf_changed":false,"_uag_custom_page_level_css":"","_genesis_hide_title":true,"_genesis_hide_breadcrumbs":false,"_genesis_hide_singular_image":false,"_genesis_hide_footer_widgets":false,"_genesis_custom_body_class":"","_genesis_custom_post_class":"","_genesis_layout":"","footnotes":""},"class_list":{"0":"post-1544","1":"page","2":"type-page","3":"status-publish","4":"has-post-thumbnail","6":"entry"},"acf":[],"yoast_head":"<!-- This site is optimized with the Yoast SEO Premium plugin v25.8 (Yoast SEO v26.8) - https:\/\/yoast.com\/product\/yoast-seo-premium-wordpress\/ -->\n<title>Tratamientos con PRP y ortobiol\u00f3gicos en Miami, Florida - Centro Badia Hand to Shoulder<\/title>\n<meta name=\"description\" content=\"PRP \/ Ortobiol\u00f3gicos:\" \/>\n<meta name=\"robots\" content=\"index, follow, max-snippet:-1, max-image-preview:large, max-video-preview:-1\" \/>\n<link rel=\"canonical\" href=\"https:\/\/drbadia.com\/es\/servicios\/prp\/\" \/>\n<meta property=\"og:locale\" content=\"es_ES\" \/>\n<meta property=\"og:type\" content=\"article\" \/>\n<meta property=\"og:title\" content=\"PRP \/ Tratamiento Ortobiol\u00f3gico\" \/>\n<meta property=\"og:description\" content=\"PRP \/ Ortobiol\u00f3gicos:\" \/>\n<meta property=\"og:url\" content=\"https:\/\/drbadia.com\/es\/servicios\/prp\/\" \/>\n<meta property=\"og:site_name\" content=\"Dr. Badia Espa\u00f1ol\" \/>\n<meta property=\"article:modified_time\" content=\"2025-11-27T16:39:42+00:00\" \/>\n<meta property=\"og:image\" content=\"https:\/\/drbadia.com\/es\/wp-content\/uploads\/sites\/2\/2023\/07\/Shoulder-Injection-.png\" \/>\n\t<meta property=\"og:image:width\" content=\"1920\" \/>\n\t<meta property=\"og:image:height\" content=\"1080\" \/>\n\t<meta property=\"og:image:type\" content=\"image\/png\" \/>\n<meta name=\"twitter:card\" content=\"summary_large_image\" \/>\n<meta name=\"twitter:label1\" content=\"Tiempo de lectura\" \/>\n\t<meta name=\"twitter:data1\" content=\"2 minutos\" \/>\n<script type=\"application\/ld+json\" class=\"yoast-schema-graph\">{\"@context\":\"https:\/\/schema.org\",\"@graph\":[{\"@type\":\"WebPage\",\"@id\":\"https:\/\/drbadia.com\/es\/servicios\/prp\/\",\"url\":\"https:\/\/drbadia.com\/es\/servicios\/prp\/\",\"name\":\"Tratamientos con PRP y ortobiol\u00f3gicos en Miami, Florida - Centro Badia Hand to Shoulder\",\"isPartOf\":{\"@id\":\"https:\/\/drbadia.com\/es\/#website\"},\"primaryImageOfPage\":{\"@id\":\"https:\/\/drbadia.com\/es\/servicios\/prp\/#primaryimage\"},\"image\":{\"@id\":\"https:\/\/drbadia.com\/es\/servicios\/prp\/#primaryimage\"},\"thumbnailUrl\":\"https:\/\/drbadia.com\/es\/wp-content\/uploads\/sites\/2\/2023\/07\/Shoulder-Injection-.png\",\"datePublished\":\"2023-07-10T05:55:31+00:00\",\"dateModified\":\"2025-11-27T16:39:42+00:00\",\"description\":\"PRP \/ Ortobiol\u00f3gicos:\",\"breadcrumb\":{\"@id\":\"https:\/\/drbadia.com\/es\/servicios\/prp\/#breadcrumb\"},\"inLanguage\":\"es\",\"potentialAction\":[{\"@type\":\"ReadAction\",\"target\":[\"https:\/\/drbadia.com\/es\/servicios\/prp\/\"]}]},{\"@type\":\"ImageObject\",\"inLanguage\":\"es\",\"@id\":\"https:\/\/drbadia.com\/es\/servicios\/prp\/#primaryimage\",\"url\":\"https:\/\/drbadia.com\/es\/wp-content\/uploads\/sites\/2\/2023\/07\/Shoulder-Injection-.png\",\"contentUrl\":\"https:\/\/drbadia.com\/es\/wp-content\/uploads\/sites\/2\/2023\/07\/Shoulder-Injection-.png\",\"width\":1920,\"height\":1080,\"caption\":\"PRP orthobiologics\"},{\"@type\":\"BreadcrumbList\",\"@id\":\"https:\/\/drbadia.com\/es\/servicios\/prp\/#breadcrumb\",\"itemListElement\":[{\"@type\":\"ListItem\",\"position\":1,\"name\":\"Inicio\",\"item\":\"https:\/\/drbadia.com\/es\/\"},{\"@type\":\"ListItem\",\"position\":2,\"name\":\"Servicios\",\"item\":\"https:\/\/drbadia.com\/es\/servicios\/\"},{\"@type\":\"ListItem\",\"position\":3,\"name\":\"PRP \/ Tratamiento Ortobiol\u00f3gico\"}]},{\"@type\":\"WebSite\",\"@id\":\"https:\/\/drbadia.com\/es\/#website\",\"url\":\"https:\/\/drbadia.com\/es\/\",\"name\":\"Dr. Badia Espa\u00f1ol\",\"description\":\"Cirujano ortop\u00e9dico de renombre internacional\",\"publisher\":{\"@id\":\"https:\/\/drbadia.com\/es\/#organization\"},\"potentialAction\":[{\"@type\":\"SearchAction\",\"target\":{\"@type\":\"EntryPoint\",\"urlTemplate\":\"https:\/\/drbadia.com\/es\/?s={search_term_string}\"},\"query-input\":{\"@type\":\"PropertyValueSpecification\",\"valueRequired\":true,\"valueName\":\"search_term_string\"}}],\"inLanguage\":\"es\"},{\"@type\":\"Organization\",\"@id\":\"https:\/\/drbadia.com\/es\/#organization\",\"name\":\"Dr. Badia Espa\u00f1ol\",\"url\":\"https:\/\/drbadia.com\/es\/\",\"logo\":{\"@type\":\"ImageObject\",\"inLanguage\":\"es\",\"@id\":\"https:\/\/drbadia.com\/es\/#\/schema\/logo\/image\/\",\"url\":\"https:\/\/drbadia.com\/es\/wp-content\/uploads\/sites\/2\/2023\/06\/logo-without-background.webp\",\"contentUrl\":\"https:\/\/drbadia.com\/es\/wp-content\/uploads\/sites\/2\/2023\/06\/logo-without-background.webp\",\"width\":199,\"height\":125,\"caption\":\"Dr. Badia Espa\u00f1ol\"},\"image\":{\"@id\":\"https:\/\/drbadia.com\/es\/#\/schema\/logo\/image\/\"}}]}<\/script>\n<!-- \/ Yoast SEO Premium plugin. -->","yoast_head_json":{"title":"Tratamientos con PRP y ortobiol\u00f3gicos en Miami, Florida - Centro Badia Hand to Shoulder","description":"PRP \/ Ortobiol\u00f3gicos:","robots":{"index":"index","follow":"follow","max-snippet":"max-snippet:-1","max-image-preview":"max-image-preview:large","max-video-preview":"max-video-preview:-1"},"canonical":"https:\/\/drbadia.com\/es\/servicios\/prp\/","og_locale":"es_ES","og_type":"article","og_title":"PRP \/ Tratamiento Ortobiol\u00f3gico","og_description":"PRP \/ Ortobiol\u00f3gicos:","og_url":"https:\/\/drbadia.com\/es\/servicios\/prp\/","og_site_name":"Dr. Badia Espa\u00f1ol","article_modified_time":"2025-11-27T16:39:42+00:00","og_image":[{"width":1920,"height":1080,"url":"https:\/\/drbadia.com\/es\/wp-content\/uploads\/sites\/2\/2023\/07\/Shoulder-Injection-.png","type":"image\/png"}],"twitter_card":"summary_large_image","twitter_misc":{"Tiempo de lectura":"2 minutos"},"schema":{"@context":"https:\/\/schema.org","@graph":[{"@type":"WebPage","@id":"https:\/\/drbadia.com\/es\/servicios\/prp\/","url":"https:\/\/drbadia.com\/es\/servicios\/prp\/","name":"Tratamientos con PRP y ortobiol\u00f3gicos en Miami, Florida - Centro Badia Hand to Shoulder","isPartOf":{"@id":"https:\/\/drbadia.com\/es\/#website"},"primaryImageOfPage":{"@id":"https:\/\/drbadia.com\/es\/servicios\/prp\/#primaryimage"},"image":{"@id":"https:\/\/drbadia.com\/es\/servicios\/prp\/#primaryimage"},"thumbnailUrl":"https:\/\/drbadia.com\/es\/wp-content\/uploads\/sites\/2\/2023\/07\/Shoulder-Injection-.png","datePublished":"2023-07-10T05:55:31+00:00","dateModified":"2025-11-27T16:39:42+00:00","description":"PRP \/ Ortobiol\u00f3gicos:","breadcrumb":{"@id":"https:\/\/drbadia.com\/es\/servicios\/prp\/#breadcrumb"},"inLanguage":"es","potentialAction":[{"@type":"ReadAction","target":["https:\/\/drbadia.com\/es\/servicios\/prp\/"]}]},{"@type":"ImageObject","inLanguage":"es","@id":"https:\/\/drbadia.com\/es\/servicios\/prp\/#primaryimage","url":"https:\/\/drbadia.com\/es\/wp-content\/uploads\/sites\/2\/2023\/07\/Shoulder-Injection-.png","contentUrl":"https:\/\/drbadia.com\/es\/wp-content\/uploads\/sites\/2\/2023\/07\/Shoulder-Injection-.png","width":1920,"height":1080,"caption":"PRP orthobiologics"},{"@type":"BreadcrumbList","@id":"https:\/\/drbadia.com\/es\/servicios\/prp\/#breadcrumb","itemListElement":[{"@type":"ListItem","position":1,"name":"Inicio","item":"https:\/\/drbadia.com\/es\/"},{"@type":"ListItem","position":2,"name":"Servicios","item":"https:\/\/drbadia.com\/es\/servicios\/"},{"@type":"ListItem","position":3,"name":"PRP \/ Tratamiento Ortobiol\u00f3gico"}]},{"@type":"WebSite","@id":"https:\/\/drbadia.com\/es\/#website","url":"https:\/\/drbadia.com\/es\/","name":"Dr. Badia Espa\u00f1ol","description":"Cirujano ortop\u00e9dico de renombre internacional","publisher":{"@id":"https:\/\/drbadia.com\/es\/#organization"},"potentialAction":[{"@type":"SearchAction","target":{"@type":"EntryPoint","urlTemplate":"https:\/\/drbadia.com\/es\/?s={search_term_string}"},"query-input":{"@type":"PropertyValueSpecification","valueRequired":true,"valueName":"search_term_string"}}],"inLanguage":"es"},{"@type":"Organization","@id":"https:\/\/drbadia.com\/es\/#organization","name":"Dr. Badia Espa\u00f1ol","url":"https:\/\/drbadia.com\/es\/","logo":{"@type":"ImageObject","inLanguage":"es","@id":"https:\/\/drbadia.com\/es\/#\/schema\/logo\/image\/","url":"https:\/\/drbadia.com\/es\/wp-content\/uploads\/sites\/2\/2023\/06\/logo-without-background.webp","contentUrl":"https:\/\/drbadia.com\/es\/wp-content\/uploads\/sites\/2\/2023\/06\/logo-without-background.webp","width":199,"height":125,"caption":"Dr. Badia Espa\u00f1ol"},"image":{"@id":"https:\/\/drbadia.com\/es\/#\/schema\/logo\/image\/"}}]}},"uagb_featured_image_src":{"full":["https:\/\/drbadia.com\/es\/wp-content\/uploads\/sites\/2\/2023\/07\/Shoulder-Injection-.png",1920,1080,false],"thumbnail":["https:\/\/drbadia.com\/es\/wp-content\/uploads\/sites\/2\/2023\/07\/Shoulder-Injection--150x150.png",150,150,true],"medium":["https:\/\/drbadia.com\/es\/wp-content\/uploads\/sites\/2\/2023\/07\/Shoulder-Injection--300x169.png",300,169,true],"medium_large":["https:\/\/drbadia.com\/es\/wp-content\/uploads\/sites\/2\/2023\/07\/Shoulder-Injection--768x432.png",768,432,true],"large":["https:\/\/drbadia.com\/es\/wp-content\/uploads\/sites\/2\/2023\/07\/Shoulder-Injection--1024x576.png",1024,576,true],"1536x1536":["https:\/\/drbadia.com\/es\/wp-content\/uploads\/sites\/2\/2023\/07\/Shoulder-Injection--1536x864.png",1536,864,true],"2048x2048":["https:\/\/drbadia.com\/es\/wp-content\/uploads\/sites\/2\/2023\/07\/Shoulder-Injection-.png",1920,1080,false],"gform-image-choice-sm":["https:\/\/drbadia.com\/es\/wp-content\/uploads\/sites\/2\/2023\/07\/Shoulder-Injection-.png",300,169,false],"gform-image-choice-md":["https:\/\/drbadia.com\/es\/wp-content\/uploads\/sites\/2\/2023\/07\/Shoulder-Injection-.png",400,225,false],"gform-image-choice-lg":["https:\/\/drbadia.com\/es\/wp-content\/uploads\/sites\/2\/2023\/07\/Shoulder-Injection-.png",600,338,false]},"uagb_author_info":{"display_name":"Maggy Tinsel","author_link":"https:\/\/drbadia.com\/es\/author\/mtinsel\/"},"uagb_comment_info":0,"uagb_excerpt":"PRP&nbsp;(plasma rico en plaquetas) y la ortobiolog\u00eda son tratamientos avanzados de medicina regenerativa que aprovechan los mecanismos naturales de curaci\u00f3n del organismo para favorecer la reparaci\u00f3n y regeneraci\u00f3n de los tejidos. PRP&nbsp;consiste en extraer una soluci\u00f3n concentrada de plaquetas de su propia sangre.&nbsp;Las plaquetas son ricas en factores de crecimiento y otras prote\u00ednas bioactivas que...&hellip;","_links":{"self":[{"href":"https:\/\/drbadia.com\/es\/wp-json\/wp\/v2\/pages\/1544","targetHints":{"allow":["GET"]}}],"collection":[{"href":"https:\/\/drbadia.com\/es\/wp-json\/wp\/v2\/pages"}],"about":[{"href":"https:\/\/drbadia.com\/es\/wp-json\/wp\/v2\/types\/page"}],"author":[{"embeddable":true,"href":"https:\/\/drbadia.com\/es\/wp-json\/wp\/v2\/users\/3"}],"replies":[{"embeddable":true,"href":"https:\/\/drbadia.com\/es\/wp-json\/wp\/v2\/comments?post=1544"}],"version-history":[{"count":0,"href":"https:\/\/drbadia.com\/es\/wp-json\/wp\/v2\/pages\/1544\/revisions"}],"up":[{"embeddable":true,"href":"https:\/\/drbadia.com\/es\/wp-json\/wp\/v2\/pages\/250"}],"wp:featuredmedia":[{"embeddable":true,"href":"https:\/\/drbadia.com\/es\/wp-json\/wp\/v2\/media\/1546"}],"wp:attachment":[{"href":"https:\/\/drbadia.com\/es\/wp-json\/wp\/v2\/media?parent=1544"}],"curies":[{"name":"wp","href":"https:\/\/api.w.org\/{rel}","templated":true}]}}