{"id":23812,"date":"2026-03-17T12:52:06","date_gmt":"2026-03-17T17:52:06","guid":{"rendered":"https:\/\/drbadia.com\/es\/?page_id=23812"},"modified":"2026-03-17T12:54:28","modified_gmt":"2026-03-17T17:54:28","slug":"gracias-por-registrarse","status":"publish","type":"page","link":"https:\/\/drbadia.com\/es\/gracias-por-registrarse\/","title":{"rendered":"\u00a1Gracias por registrarse!"},"content":{"rendered":"\n<p>Hemos recibido correctamente su registro para el pr\u00f3ximo evento con el <strong><a href=\"https:\/\/drbadia.com\/es\/alejandro-badia\/\">Dr. Alejandro Badia<\/a><\/strong>.<\/p>\n\n\n\n<p>Nos alegra contar con su participaci\u00f3n. En breve recibir\u00e1 un correo electr\u00f3nico de confirmaci\u00f3n con m\u00e1s detalles sobre el evento, incluyendo la fecha, hora e informaci\u00f3n de acceso.<\/p>\n\n\n\n<p>Si tiene alguna consulta antes del evento, no dude en <a href=\"https:\/\/drbadia.com\/es\/contacto\/\">comunicarse con nuestro equipo<\/a>.<\/p>\n\n\n\n<p>Esperamos verlo pronto y compartir informaci\u00f3n valiosa sobre el cuidado de la mano, mu\u00f1eca y extremidades superiores.<\/p>\n\n\n\n<p>Gracias por su inter\u00e9s en participar en los eventos del <strong>Dr. Badia<\/strong>.<\/p>\n\n\n\n<div style=\"height:30px\" aria-hidden=\"true\" class=\"wp-block-spacer\"><\/div>\n\n\n\n<h2 class=\"wp-block-heading\" id=\"h-desea-atencion-medica-o-agendar-una-cita\">\u00bfDesea atenci\u00f3n m\u00e9dica o agendar una cita?<\/h2>\n\n\n\n<p>Puede solicitar una cita a trav\u00e9s de nuestros formularios en l\u00ednea o comunicarse con nosotros al:<br><i class=\"fa fa-phone\" aria-hidden=\"true\"><\/i> <strong><a href=\"tel:+13052274263\">(305) 227-4263<\/a><\/strong><\/p>\n","protected":false},"excerpt":{"rendered":"<p>Hemos recibido correctamente su registro para el pr\u00f3ximo evento con el Dr. Alejandro Badia. Nos alegra contar con su participaci\u00f3n. En breve recibir\u00e1 un correo electr\u00f3nico de confirmaci\u00f3n con m\u00e1s detalles sobre el evento, incluyendo la fecha, hora e informaci\u00f3n de acceso. Si tiene alguna consulta antes del evento, no dude en comunicarse con nuestro&#8230; <a class=\"more-link\" href=\"https:\/\/drbadia.com\/es\/gracias-por-registrarse\/\">[Read More]<\/a><\/p>\n","protected":false},"author":14,"featured_media":0,"parent":0,"menu_order":0,"comment_status":"closed","ping_status":"closed","template":"","meta":{"_acf_changed":false,"_uag_custom_page_level_css":"","_genesis_hide_title":false,"_genesis_hide_breadcrumbs":false,"_genesis_hide_singular_image":false,"_genesis_hide_footer_widgets":false,"_genesis_custom_body_class":"","_genesis_custom_post_class":"","_genesis_layout":"content-sidebar","footnotes":""},"class_list":{"0":"post-23812","1":"page","2":"type-page","3":"status-publish","5":"entry"},"acf":[],"yoast_head":"<!-- This site is optimized with the Yoast SEO Premium plugin v25.8 (Yoast SEO v26.8) - https:\/\/yoast.com\/product\/yoast-seo-premium-wordpress\/ -->\n<title>\u00a1Gracias por registrarse! - Dr. Badia Espa\u00f1ol<\/title>\n<meta name=\"description\" content=\"Hemos recibido correctamente su registro para el pr\u00f3ximo evento con el Dr. Alejandro Badia. Nos alegra contar con su participaci\u00f3n. En breve recibir\u00e1 un\" \/>\n<meta name=\"robots\" content=\"index, follow, max-snippet:-1, max-image-preview:large, max-video-preview:-1\" \/>\n<link rel=\"canonical\" href=\"https:\/\/drbadia.com\/es\/gracias-por-registrarse\/\" \/>\n<meta property=\"og:locale\" content=\"es_ES\" \/>\n<meta property=\"og:type\" content=\"article\" \/>\n<meta property=\"og:title\" content=\"\u00a1Gracias por registrarse!\" \/>\n<meta property=\"og:description\" content=\"Hemos recibido correctamente su registro para el pr\u00f3ximo evento con el Dr. Alejandro Badia. Nos alegra contar con su participaci\u00f3n. En breve recibir\u00e1 un\" \/>\n<meta property=\"og:url\" content=\"https:\/\/drbadia.com\/es\/gracias-por-registrarse\/\" \/>\n<meta property=\"og:site_name\" content=\"Dr. Badia Espa\u00f1ol\" \/>\n<meta property=\"article:modified_time\" content=\"2026-03-17T17:54:28+00:00\" \/>\n<meta name=\"twitter:card\" content=\"summary_large_image\" \/>\n<meta name=\"twitter:label1\" content=\"Tiempo de lectura\" \/>\n\t<meta name=\"twitter:data1\" content=\"1 minuto\" \/>\n<script type=\"application\/ld+json\" class=\"yoast-schema-graph\">{\"@context\":\"https:\/\/schema.org\",\"@graph\":[{\"@type\":\"WebPage\",\"@id\":\"https:\/\/drbadia.com\/es\/gracias-por-registrarse\/\",\"url\":\"https:\/\/drbadia.com\/es\/gracias-por-registrarse\/\",\"name\":\"\u00a1Gracias por registrarse! - Dr. Badia Espa\u00f1ol\",\"isPartOf\":{\"@id\":\"https:\/\/drbadia.com\/es\/#website\"},\"datePublished\":\"2026-03-17T17:52:06+00:00\",\"dateModified\":\"2026-03-17T17:54:28+00:00\",\"description\":\"Hemos recibido correctamente su registro para el pr\u00f3ximo evento con el Dr. Alejandro Badia. Nos alegra contar con su participaci\u00f3n. En breve recibir\u00e1 un\",\"breadcrumb\":{\"@id\":\"https:\/\/drbadia.com\/es\/gracias-por-registrarse\/#breadcrumb\"},\"inLanguage\":\"es\",\"potentialAction\":[{\"@type\":\"ReadAction\",\"target\":[\"https:\/\/drbadia.com\/es\/gracias-por-registrarse\/\"]}]},{\"@type\":\"BreadcrumbList\",\"@id\":\"https:\/\/drbadia.com\/es\/gracias-por-registrarse\/#breadcrumb\",\"itemListElement\":[{\"@type\":\"ListItem\",\"position\":1,\"name\":\"Inicio\",\"item\":\"https:\/\/drbadia.com\/es\/\"},{\"@type\":\"ListItem\",\"position\":2,\"name\":\"\u00a1Gracias por registrarse!\"}]},{\"@type\":\"WebSite\",\"@id\":\"https:\/\/drbadia.com\/es\/#website\",\"url\":\"https:\/\/drbadia.com\/es\/\",\"name\":\"Dr. Badia Espa\u00f1ol\",\"description\":\"Cirujano ortop\u00e9dico de renombre internacional\",\"publisher\":{\"@id\":\"https:\/\/drbadia.com\/es\/#organization\"},\"potentialAction\":[{\"@type\":\"SearchAction\",\"target\":{\"@type\":\"EntryPoint\",\"urlTemplate\":\"https:\/\/drbadia.com\/es\/?s={search_term_string}\"},\"query-input\":{\"@type\":\"PropertyValueSpecification\",\"valueRequired\":true,\"valueName\":\"search_term_string\"}}],\"inLanguage\":\"es\"},{\"@type\":\"Organization\",\"@id\":\"https:\/\/drbadia.com\/es\/#organization\",\"name\":\"Dr. Badia Espa\u00f1ol\",\"url\":\"https:\/\/drbadia.com\/es\/\",\"logo\":{\"@type\":\"ImageObject\",\"inLanguage\":\"es\",\"@id\":\"https:\/\/drbadia.com\/es\/#\/schema\/logo\/image\/\",\"url\":\"https:\/\/drbadia.com\/es\/wp-content\/uploads\/sites\/2\/2023\/06\/logo-without-background.webp\",\"contentUrl\":\"https:\/\/drbadia.com\/es\/wp-content\/uploads\/sites\/2\/2023\/06\/logo-without-background.webp\",\"width\":199,\"height\":125,\"caption\":\"Dr. Badia Espa\u00f1ol\"},\"image\":{\"@id\":\"https:\/\/drbadia.com\/es\/#\/schema\/logo\/image\/\"}}]}<\/script>\n<!-- \/ Yoast SEO Premium plugin. -->","yoast_head_json":{"title":"\u00a1Gracias por registrarse! - Dr. Badia Espa\u00f1ol","description":"Hemos recibido correctamente su registro para el pr\u00f3ximo evento con el Dr. Alejandro Badia. Nos alegra contar con su participaci\u00f3n. En breve recibir\u00e1 un","robots":{"index":"index","follow":"follow","max-snippet":"max-snippet:-1","max-image-preview":"max-image-preview:large","max-video-preview":"max-video-preview:-1"},"canonical":"https:\/\/drbadia.com\/es\/gracias-por-registrarse\/","og_locale":"es_ES","og_type":"article","og_title":"\u00a1Gracias por registrarse!","og_description":"Hemos recibido correctamente su registro para el pr\u00f3ximo evento con el Dr. Alejandro Badia. Nos alegra contar con su participaci\u00f3n. En breve recibir\u00e1 un","og_url":"https:\/\/drbadia.com\/es\/gracias-por-registrarse\/","og_site_name":"Dr. Badia Espa\u00f1ol","article_modified_time":"2026-03-17T17:54:28+00:00","twitter_card":"summary_large_image","twitter_misc":{"Tiempo de lectura":"1 minuto"},"schema":{"@context":"https:\/\/schema.org","@graph":[{"@type":"WebPage","@id":"https:\/\/drbadia.com\/es\/gracias-por-registrarse\/","url":"https:\/\/drbadia.com\/es\/gracias-por-registrarse\/","name":"\u00a1Gracias por registrarse! - Dr. Badia Espa\u00f1ol","isPartOf":{"@id":"https:\/\/drbadia.com\/es\/#website"},"datePublished":"2026-03-17T17:52:06+00:00","dateModified":"2026-03-17T17:54:28+00:00","description":"Hemos recibido correctamente su registro para el pr\u00f3ximo evento con el Dr. Alejandro Badia. Nos alegra contar con su participaci\u00f3n. En breve recibir\u00e1 un","breadcrumb":{"@id":"https:\/\/drbadia.com\/es\/gracias-por-registrarse\/#breadcrumb"},"inLanguage":"es","potentialAction":[{"@type":"ReadAction","target":["https:\/\/drbadia.com\/es\/gracias-por-registrarse\/"]}]},{"@type":"BreadcrumbList","@id":"https:\/\/drbadia.com\/es\/gracias-por-registrarse\/#breadcrumb","itemListElement":[{"@type":"ListItem","position":1,"name":"Inicio","item":"https:\/\/drbadia.com\/es\/"},{"@type":"ListItem","position":2,"name":"\u00a1Gracias por registrarse!"}]},{"@type":"WebSite","@id":"https:\/\/drbadia.com\/es\/#website","url":"https:\/\/drbadia.com\/es\/","name":"Dr. Badia Espa\u00f1ol","description":"Cirujano ortop\u00e9dico de renombre internacional","publisher":{"@id":"https:\/\/drbadia.com\/es\/#organization"},"potentialAction":[{"@type":"SearchAction","target":{"@type":"EntryPoint","urlTemplate":"https:\/\/drbadia.com\/es\/?s={search_term_string}"},"query-input":{"@type":"PropertyValueSpecification","valueRequired":true,"valueName":"search_term_string"}}],"inLanguage":"es"},{"@type":"Organization","@id":"https:\/\/drbadia.com\/es\/#organization","name":"Dr. Badia Espa\u00f1ol","url":"https:\/\/drbadia.com\/es\/","logo":{"@type":"ImageObject","inLanguage":"es","@id":"https:\/\/drbadia.com\/es\/#\/schema\/logo\/image\/","url":"https:\/\/drbadia.com\/es\/wp-content\/uploads\/sites\/2\/2023\/06\/logo-without-background.webp","contentUrl":"https:\/\/drbadia.com\/es\/wp-content\/uploads\/sites\/2\/2023\/06\/logo-without-background.webp","width":199,"height":125,"caption":"Dr. Badia Espa\u00f1ol"},"image":{"@id":"https:\/\/drbadia.com\/es\/#\/schema\/logo\/image\/"}}]}},"uagb_featured_image_src":{"full":false,"thumbnail":false,"medium":false,"medium_large":false,"large":false,"1536x1536":false,"2048x2048":false,"gform-image-choice-sm":false,"gform-image-choice-md":false,"gform-image-choice-lg":false},"uagb_author_info":{"display_name":"Sebastian Aroca","author_link":"https:\/\/drbadia.com\/es\/author\/supporthispanicmarketadvisors-com\/"},"uagb_comment_info":0,"uagb_excerpt":"Hemos recibido correctamente su registro para el pr\u00f3ximo evento con el Dr. Alejandro Badia. Nos alegra contar con su participaci\u00f3n. En breve recibir\u00e1 un correo electr\u00f3nico de confirmaci\u00f3n con m\u00e1s detalles sobre el evento, incluyendo la fecha, hora e informaci\u00f3n de acceso. Si tiene alguna consulta antes del evento, no dude en comunicarse con nuestro...&hellip;","_links":{"self":[{"href":"https:\/\/drbadia.com\/es\/wp-json\/wp\/v2\/pages\/23812","targetHints":{"allow":["GET"]}}],"collection":[{"href":"https:\/\/drbadia.com\/es\/wp-json\/wp\/v2\/pages"}],"about":[{"href":"https:\/\/drbadia.com\/es\/wp-json\/wp\/v2\/types\/page"}],"author":[{"embeddable":true,"href":"https:\/\/drbadia.com\/es\/wp-json\/wp\/v2\/users\/14"}],"replies":[{"embeddable":true,"href":"https:\/\/drbadia.com\/es\/wp-json\/wp\/v2\/comments?post=23812"}],"version-history":[{"count":3,"href":"https:\/\/drbadia.com\/es\/wp-json\/wp\/v2\/pages\/23812\/revisions"}],"predecessor-version":[{"id":23817,"href":"https:\/\/drbadia.com\/es\/wp-json\/wp\/v2\/pages\/23812\/revisions\/23817"}],"wp:attachment":[{"href":"https:\/\/drbadia.com\/es\/wp-json\/wp\/v2\/media?parent=23812"}],"curies":[{"name":"wp","href":"https:\/\/api.w.org\/{rel}","templated":true}]}}