{"id":251,"date":"2023-06-10T21:23:00","date_gmt":"2023-06-10T21:23:00","guid":{"rendered":"https:\/\/drbadia.com\/es\/?page_id=251"},"modified":"2025-11-27T11:21:57","modified_gmt":"2025-11-27T15:21:57","slug":"orthonow","status":"publish","type":"page","link":"https:\/\/drbadia.com\/es\/orthonow\/","title":{"rendered":"Centro de atenci\u00f3n de urgencias ortop\u00e9dicas OrthoNOW\u00ae Doral"},"content":{"rendered":"\n<div class=\"wp-block-columns is-layout-flex wp-container-core-columns-is-layout-9d6595d7 wp-block-columns-is-layout-flex\">\n<div class=\"wp-block-column is-layout-flow wp-block-column-is-layout-flow\" style=\"flex-basis:15%\"><\/div>\n\n\n\n<div class=\"wp-block-column is-layout-flow wp-block-column-is-layout-flow\" style=\"flex-basis:70%\">\n<figure class=\"wp-block-embed is-type-video is-provider-youtube wp-block-embed-youtube wp-embed-aspect-16-9 wp-has-aspect-ratio\"><div class=\"wp-block-embed__wrapper\">\n<iframe loading=\"lazy\" title=\"OrthoNOW\u00ae Orthopedic Urgent Care Center\" width=\"500\" height=\"281\" src=\"https:\/\/www.youtube.com\/embed\/nyZ3TMVZsC8?feature=oembed\" frameborder=\"0\" allow=\"accelerometer; autoplay; clipboard-write; encrypted-media; gyroscope; picture-in-picture; web-share\" referrerpolicy=\"strict-origin-when-cross-origin\" allowfullscreen><\/iframe>\n<\/div><\/figure>\n<\/div>\n\n\n\n<div class=\"wp-block-column is-layout-flow wp-block-column-is-layout-flow\" style=\"flex-basis:15%\"><\/div>\n<\/div>\n\n\n\n<div style=\"height:40px\" aria-hidden=\"true\" class=\"wp-block-spacer\"><\/div>\n\n\n\n<p class=\"has-text-align-left\">En 2010, la frustraci\u00f3n del Dr. Badia con el sistema sanitario le hizo pensar en la creaci\u00f3n de centros especializados en atenci\u00f3n ortop\u00e9dica urgente para evaluar y tratar eficazmente una serie de lesiones ortop\u00e9dicas y deportivas. Con ese fin, fund\u00f3 OrthoNOW, la \u00fanica red de centros ortop\u00e9dicos de urgencias del mundo,\u00a0<a href=\"\/es\/nbc-bisness\/\">atenci\u00f3n urgente<\/a>\u00a0del pa\u00eds, y ha revolucionado la prestaci\u00f3n de asistencia sanitaria a los pacientes, lo que se ha traducido en mejores resultados, menos tiempos de espera y un menor coste de la atenci\u00f3n.<\/p>\n\n\n\n<p>OrthoNOW\u00ae, que comenz\u00f3 a franquiciar en 2014, se centra en la medicina deportiva y en el tratamiento y la prevenci\u00f3n de toda la gama de lesiones ortop\u00e9dicas, todo ello sin cita previa. Los servicios incluyen\u00a0<a href=\"\/es\/el-mejor-cirujano-de-manos-de-ee-uu-cura-la-lesion-de-un-futbolista-brasileno\/\">tratamiento de las lesiones de la mano<\/a>, mu\u00f1eca, pie, tobillo, rodilla, columna vertebral y hombro, as\u00ed como consultas y reg\u00edmenes preventivos a cargo de expertos en ortopedia.<\/p>\n\n\n\n<p>Todos los OrthoNOW est\u00e1n equipados con equipos de imagen digital y ofrecen las \u00faltimas t\u00e9cnicas y tratamientos a cargo de un equipo de m\u00e9dicos ortop\u00e9dicos y proveedores auxiliares especializados en ortopedia. Muchos centros ofrecen terapia electroneuromuscular (ENMT), que alivia dr\u00e1sticamente el dolor agudo y cr\u00f3nico y acelera el tiempo de recuperaci\u00f3n de la cirug\u00eda.<\/p>\n\n\n\n<p class=\"has-text-align-left\"><a href=\"\/es\/aplicacion-movil-de-telesalud\/\">OrthoNOW\u00ae acaba de lanzar la aplicaci\u00f3n m\u00f3vil OrthoNOW<\/a>&nbsp;para iPhone y Android que cuenta con una funci\u00f3n revolucionaria llamada On My Way NOW\u00ae que permite a los pacientes notificar a un centro OrthoNOW\u00ae que est\u00e1n en camino, la raz\u00f3n por la que vienen y a qu\u00e9 hora esperan llegar. OrthoNOW Doral es el centro insignia se encuentra en Doral Florida, con centros adicionales programados para abrir en Florida, Georgia, Rep\u00fablica Dominicana y otros lugares. Para m\u00e1s informaci\u00f3n, visite&nbsp;<a href=\"http:\/\/www.orthonowdoral.com\/\" target=\"_blank\" rel=\"noreferrer noopener\">www.OrthoNOWdoral.com<\/a>.<\/p>\n\n\n\n<h2 class=\"wp-block-heading has-text-align-center\" id=\"h-para-mas-informacion-contacte-directamente-al-centro-de-atencion-de-urgencias-ortopedicas-orthonow\">Para m\u00e1s informaci\u00f3n contacte directamente al Centro de atenci\u00f3n de urgencias ortop\u00e9dicas OrthoNOW\u00ae<\/h2>\n\n\n\n<div class=\"wp-block-columns are-vertically-aligned-center is-layout-flex wp-container-core-columns-is-layout-9d6595d7 wp-block-columns-is-layout-flex\">\n<div class=\"wp-block-column is-vertically-aligned-center is-layout-flow wp-block-column-is-layout-flow\">\n<ul class=\"wp-block-list\">\n<li><a href=\"tel:3055377272\">Tel\u00e9fono: (305) 537-7272<\/a><\/li>\n\n\n\n<li><a href=\"http:\/\/info@orthonowcare.com\">Info@orthonowcare.com<\/a><\/li>\n\n\n\n<li><a href=\"http:\/\/orthonowdoral.com\" target=\"_blank\" rel=\"noreferrer noopener\">www.orthonowdoral.com<\/a><\/li>\n<\/ul>\n<\/div>\n\n\n\n<div class=\"wp-block-column is-vertically-aligned-center is-layout-flow wp-block-column-is-layout-flow\">\n<p>3650 NW 82nd AVE, Suite 201<\/p>\n\n\n\n<p>Doral, Florida 33166<\/p>\n<\/div>\n\n\n\n<div class=\"wp-block-column is-vertically-aligned-center is-layout-flow wp-block-column-is-layout-flow\">\n<p>De lunes a viernes: 8:00 am &#8211; 8:00pm<\/p>\n\n\n\n<p>S\u00e1bados:&nbsp;9:00 am &#8211; 3:00 pm<\/p>\n<\/div>\n<\/div>\n\n\n<section class=\"orthonow-block\">\r\n    <div class=\"swiper my-swiper-orthonow\">\r\n        <div class=\"swiper-wrapper\">\r\n            <div class=\"swiper-slide\">\r\n                <img decoding=\"async\" src=\"\/wp-content\/uploads\/sites\/2\/2025\/11\/DSC_3609-X-Ray-300x200-1.jpg\" alt=\"\">\r\n            <\/div>\r\n            <div class=\"swiper-slide\">\r\n                <img decoding=\"async\" src=\"\/wp-content\/uploads\/sites\/2\/2025\/11\/DSC_3560-waiting-room-300x200-1.jpg\" alt=\"\">\r\n            <\/div>\r\n            <div class=\"swiper-slide\">\r\n                <img decoding=\"async\" src=\"\/wp-content\/uploads\/sites\/2\/2025\/11\/DSC_3646-X-Ray-Low-EXT-300x200-1.jpg\" alt=\"\">\r\n            <\/div>\r\n            <div class=\"swiper-slide\">\r\n                <img decoding=\"async\" src=\"\/wp-content\/uploads\/sites\/2\/2025\/11\/DSC_3641-X-Ray-2-300x200-1.jpg\" alt=\"\">\r\n            <\/div>\r\n            <div class=\"swiper-slide\">\r\n                <img decoding=\"async\" src=\"\/wp-content\/uploads\/sites\/2\/2025\/11\/DSC_3505-MRI-300x200-1.jpg\" alt=\"\">\r\n            <\/div>\r\n            <div class=\"swiper-slide\">\r\n                <img decoding=\"async\" src=\"\/wp-content\/uploads\/sites\/2\/2025\/11\/DSC_3714-monument-buillding-blur-300x200-1.jpg\" alt=\"\">\r\n            <\/div>\r\n            <div class=\"swiper-slide\">\r\n                <img decoding=\"async\" src=\"\/wp-content\/uploads\/sites\/2\/2025\/11\/DSC_3517-MRI-300x200-1.jpg\" alt=\"\">\r\n            <\/div>\r\n            <div class=\"swiper-slide\">\r\n                <img decoding=\"async\" src=\"\/wp-content\/uploads\/sites\/2\/2025\/11\/DSC_3690-300x200-1.jpg\" alt=\"\">\r\n            <\/div>\r\n            <div class=\"swiper-slide\">\r\n                <img decoding=\"async\" src=\"\/wp-content\/uploads\/sites\/2\/2025\/11\/DSC_3653-X-ray-upper-ext-300x200-1.jpg\" alt=\"\">\r\n            <\/div>\r\n            <div class=\"swiper-slide\">\r\n                <img decoding=\"async\" src=\"\/wp-content\/uploads\/sites\/2\/2025\/11\/DSC_3675-Fluoro-300x200-1.jpg\" alt=\"\">\r\n            <\/div>\r\n        <\/div>\r\n\r\n        <div class=\"swiper-button-prev\"><\/div>\r\n        <div class=\"swiper-button-next\"><\/div>\r\n        <div class=\"swiper-pagination\"><\/div>\r\n    <\/div>\r\n<\/section>\r\n\r\n<script>\r\n    document.addEventListener('DOMContentLoaded', function () {\r\n        new Swiper('.my-swiper-orthonow', {\r\n            loop: true,\r\n            speed: 600,\r\n            grabCursor: true,\r\n            \/\/ slidesPerView: 6,\r\n            \/\/ spaceBetween: 20,\r\n            \/\/ autoplay: { delay: 3000, disableOnInteraction: false },\r\n            navigation: {\r\n                nextEl: '.my-swiper-orthonow .swiper-button-next',\r\n                prevEl: '.my-swiper-orthonow .swiper-button-prev'\r\n            },\r\n            pagination: {\r\n                el: '.my-swiper-orthonow .swiper-pagination',\r\n                clickable: true\r\n            },\r\n            breakpoints: {\r\n                0: { slidesPerView: 1, spaceBetween: 0 },\r\n                640: { slidesPerView: 2, spaceBetween: 40 },\r\n                1024: { slidesPerView: 3, spaceBetween: 40 },\r\n                1400: { slidesPerView: 4, spaceBetween: 40 },\r\n                1600: { slidesPerView: 5, spaceBetween: 40 }\r\n            }\r\n        });\r\n    });\r\n<\/script>\n\n\n\n<p><\/p>\n","protected":false},"excerpt":{"rendered":"<p>En 2010, la frustraci\u00f3n del Dr. Badia con el sistema sanitario le hizo pensar en la creaci\u00f3n de centros especializados en atenci\u00f3n ortop\u00e9dica urgente para evaluar y tratar eficazmente una serie de lesiones ortop\u00e9dicas y deportivas. Con ese fin, fund\u00f3 OrthoNOW, la \u00fanica red de centros ortop\u00e9dicos de urgencias del mundo,\u00a0atenci\u00f3n urgente\u00a0del pa\u00eds, y ha&#8230; <a class=\"more-link\" href=\"https:\/\/drbadia.com\/es\/orthonow\/\">[Read More]<\/a><\/p>\n","protected":false},"author":3,"featured_media":506,"parent":0,"menu_order":0,"comment_status":"closed","ping_status":"closed","template":"","meta":{"_acf_changed":false,"_uag_custom_page_level_css":"","_genesis_hide_title":false,"_genesis_hide_breadcrumbs":false,"_genesis_hide_singular_image":false,"_genesis_hide_footer_widgets":false,"_genesis_custom_body_class":"","_genesis_custom_post_class":"","_genesis_layout":"","footnotes":""},"class_list":{"0":"post-251","1":"page","2":"type-page","3":"status-publish","4":"has-post-thumbnail","6":"entry"},"acf":[],"yoast_head":"<!-- This site is optimized with the Yoast SEO Premium plugin v25.8 (Yoast SEO v26.8) - https:\/\/yoast.com\/product\/yoast-seo-premium-wordpress\/ -->\n<title>Reciba atenci\u00f3n ortop\u00e9dica r\u00e1pida en OrthoNOW en Miami<\/title>\n<meta name=\"description\" content=\"Acceda a atenci\u00f3n ortop\u00e9dica experta en OrthoNOW para un tratamiento r\u00e1pido y eficaz. Visite su consulta sin cita previa para todas sus lesiones ortop\u00e9dicas y m\u00e1s: menos esperas y menor costo.\" \/>\n<meta name=\"robots\" content=\"index, follow, max-snippet:-1, max-image-preview:large, max-video-preview:-1\" \/>\n<link rel=\"canonical\" href=\"https:\/\/drbadia.com\/es\/orthonow\/\" \/>\n<meta property=\"og:locale\" content=\"es_ES\" \/>\n<meta property=\"og:type\" content=\"article\" \/>\n<meta property=\"og:title\" content=\"Centro de atenci\u00f3n de urgencias ortop\u00e9dicas OrthoNOW\u00ae Doral\" \/>\n<meta property=\"og:description\" content=\"Acceda a atenci\u00f3n ortop\u00e9dica experta en OrthoNOW para un tratamiento r\u00e1pido y eficaz. Visite su consulta sin cita previa para todas sus lesiones ortop\u00e9dicas y m\u00e1s: menos esperas y menor costo.\" \/>\n<meta property=\"og:url\" content=\"https:\/\/drbadia.com\/es\/orthonow\/\" \/>\n<meta property=\"og:site_name\" content=\"Dr. Badia Espa\u00f1ol\" \/>\n<meta property=\"article:modified_time\" content=\"2025-11-27T15:21:57+00:00\" \/>\n<meta property=\"og:image\" content=\"https:\/\/drbadia.com\/es\/wp-content\/uploads\/sites\/2\/2023\/06\/DSC_3560-waiting-room.jpg\" \/>\n\t<meta property=\"og:image:width\" content=\"1021\" \/>\n\t<meta property=\"og:image:height\" content=\"680\" \/>\n\t<meta property=\"og:image:type\" content=\"image\/jpeg\" \/>\n<meta name=\"twitter:card\" content=\"summary_large_image\" \/>\n<meta name=\"twitter:label1\" content=\"Tiempo de lectura\" \/>\n\t<meta name=\"twitter:data1\" content=\"2 minutos\" \/>\n<script type=\"application\/ld+json\" class=\"yoast-schema-graph\">{\"@context\":\"https:\/\/schema.org\",\"@graph\":[{\"@type\":\"Article\",\"@id\":\"https:\/\/drbadia.com\/es\/orthonow\/#article\",\"isPartOf\":{\"@id\":\"https:\/\/drbadia.com\/es\/orthonow\/\"},\"author\":{\"name\":\"Maggy Tinsel\",\"@id\":\"https:\/\/drbadia.com\/es\/#\/schema\/person\/ef3cca2395e36fb2f169f77554c3e025\"},\"headline\":\"Centro de atenci\u00f3n de urgencias ortop\u00e9dicas OrthoNOW\u00ae Doral\",\"datePublished\":\"2023-06-10T21:23:00+00:00\",\"dateModified\":\"2025-11-27T15:21:57+00:00\",\"mainEntityOfPage\":{\"@id\":\"https:\/\/drbadia.com\/es\/orthonow\/\"},\"wordCount\":376,\"publisher\":{\"@id\":\"https:\/\/drbadia.com\/es\/#organization\"},\"image\":{\"@id\":\"https:\/\/drbadia.com\/es\/orthonow\/#primaryimage\"},\"thumbnailUrl\":\"https:\/\/drbadia.com\/es\/wp-content\/uploads\/sites\/2\/2023\/06\/DSC_3560-waiting-room.jpg\",\"inLanguage\":\"es\"},{\"@type\":\"WebPage\",\"@id\":\"https:\/\/drbadia.com\/es\/orthonow\/\",\"url\":\"https:\/\/drbadia.com\/es\/orthonow\/\",\"name\":\"Reciba atenci\u00f3n ortop\u00e9dica r\u00e1pida en OrthoNOW en Miami\",\"isPartOf\":{\"@id\":\"https:\/\/drbadia.com\/es\/#website\"},\"primaryImageOfPage\":{\"@id\":\"https:\/\/drbadia.com\/es\/orthonow\/#primaryimage\"},\"image\":{\"@id\":\"https:\/\/drbadia.com\/es\/orthonow\/#primaryimage\"},\"thumbnailUrl\":\"https:\/\/drbadia.com\/es\/wp-content\/uploads\/sites\/2\/2023\/06\/DSC_3560-waiting-room.jpg\",\"datePublished\":\"2023-06-10T21:23:00+00:00\",\"dateModified\":\"2025-11-27T15:21:57+00:00\",\"description\":\"Acceda a atenci\u00f3n ortop\u00e9dica experta en OrthoNOW para un tratamiento r\u00e1pido y eficaz. Visite su consulta sin cita previa para todas sus lesiones ortop\u00e9dicas y m\u00e1s: menos esperas y menor costo.\",\"breadcrumb\":{\"@id\":\"https:\/\/drbadia.com\/es\/orthonow\/#breadcrumb\"},\"inLanguage\":\"es\",\"potentialAction\":[{\"@type\":\"ReadAction\",\"target\":[\"https:\/\/drbadia.com\/es\/orthonow\/\"]}]},{\"@type\":\"ImageObject\",\"inLanguage\":\"es\",\"@id\":\"https:\/\/drbadia.com\/es\/orthonow\/#primaryimage\",\"url\":\"https:\/\/drbadia.com\/es\/wp-content\/uploads\/sites\/2\/2023\/06\/DSC_3560-waiting-room.jpg\",\"contentUrl\":\"https:\/\/drbadia.com\/es\/wp-content\/uploads\/sites\/2\/2023\/06\/DSC_3560-waiting-room.jpg\",\"width\":1021,\"height\":680,\"caption\":\"OrthoNOW Orthopedic Urgent Care center\"},{\"@type\":\"BreadcrumbList\",\"@id\":\"https:\/\/drbadia.com\/es\/orthonow\/#breadcrumb\",\"itemListElement\":[{\"@type\":\"ListItem\",\"position\":1,\"name\":\"Inicio\",\"item\":\"https:\/\/drbadia.com\/es\/\"},{\"@type\":\"ListItem\",\"position\":2,\"name\":\"Centro de atenci\u00f3n de urgencias ortop\u00e9dicas OrthoNOW\u00ae Doral\"}]},{\"@type\":\"WebSite\",\"@id\":\"https:\/\/drbadia.com\/es\/#website\",\"url\":\"https:\/\/drbadia.com\/es\/\",\"name\":\"Dr. Badia Espa\u00f1ol\",\"description\":\"Cirujano ortop\u00e9dico de renombre internacional\",\"publisher\":{\"@id\":\"https:\/\/drbadia.com\/es\/#organization\"},\"potentialAction\":[{\"@type\":\"SearchAction\",\"target\":{\"@type\":\"EntryPoint\",\"urlTemplate\":\"https:\/\/drbadia.com\/es\/?s={search_term_string}\"},\"query-input\":{\"@type\":\"PropertyValueSpecification\",\"valueRequired\":true,\"valueName\":\"search_term_string\"}}],\"inLanguage\":\"es\"},{\"@type\":\"Organization\",\"@id\":\"https:\/\/drbadia.com\/es\/#organization\",\"name\":\"Dr. Badia Espa\u00f1ol\",\"url\":\"https:\/\/drbadia.com\/es\/\",\"logo\":{\"@type\":\"ImageObject\",\"inLanguage\":\"es\",\"@id\":\"https:\/\/drbadia.com\/es\/#\/schema\/logo\/image\/\",\"url\":\"https:\/\/drbadia.com\/es\/wp-content\/uploads\/sites\/2\/2023\/06\/logo-without-background.webp\",\"contentUrl\":\"https:\/\/drbadia.com\/es\/wp-content\/uploads\/sites\/2\/2023\/06\/logo-without-background.webp\",\"width\":199,\"height\":125,\"caption\":\"Dr. Badia Espa\u00f1ol\"},\"image\":{\"@id\":\"https:\/\/drbadia.com\/es\/#\/schema\/logo\/image\/\"}},{\"@type\":\"Person\",\"@id\":\"https:\/\/drbadia.com\/es\/#\/schema\/person\/ef3cca2395e36fb2f169f77554c3e025\",\"name\":\"Maggy Tinsel\",\"url\":\"https:\/\/drbadia.com\/es\/author\/mtinsel\/\"}]}<\/script>\n<!-- \/ Yoast SEO Premium plugin. -->","yoast_head_json":{"title":"Reciba atenci\u00f3n ortop\u00e9dica r\u00e1pida en OrthoNOW en Miami","description":"Acceda a atenci\u00f3n ortop\u00e9dica experta en OrthoNOW para un tratamiento r\u00e1pido y eficaz. Visite su consulta sin cita previa para todas sus lesiones ortop\u00e9dicas y m\u00e1s: menos esperas y menor costo.","robots":{"index":"index","follow":"follow","max-snippet":"max-snippet:-1","max-image-preview":"max-image-preview:large","max-video-preview":"max-video-preview:-1"},"canonical":"https:\/\/drbadia.com\/es\/orthonow\/","og_locale":"es_ES","og_type":"article","og_title":"Centro de atenci\u00f3n de urgencias ortop\u00e9dicas OrthoNOW\u00ae Doral","og_description":"Acceda a atenci\u00f3n ortop\u00e9dica experta en OrthoNOW para un tratamiento r\u00e1pido y eficaz. Visite su consulta sin cita previa para todas sus lesiones ortop\u00e9dicas y m\u00e1s: menos esperas y menor costo.","og_url":"https:\/\/drbadia.com\/es\/orthonow\/","og_site_name":"Dr. Badia Espa\u00f1ol","article_modified_time":"2025-11-27T15:21:57+00:00","og_image":[{"width":1021,"height":680,"url":"https:\/\/drbadia.com\/es\/wp-content\/uploads\/sites\/2\/2023\/06\/DSC_3560-waiting-room.jpg","type":"image\/jpeg"}],"twitter_card":"summary_large_image","twitter_misc":{"Tiempo de lectura":"2 minutos"},"schema":{"@context":"https:\/\/schema.org","@graph":[{"@type":"Article","@id":"https:\/\/drbadia.com\/es\/orthonow\/#article","isPartOf":{"@id":"https:\/\/drbadia.com\/es\/orthonow\/"},"author":{"name":"Maggy Tinsel","@id":"https:\/\/drbadia.com\/es\/#\/schema\/person\/ef3cca2395e36fb2f169f77554c3e025"},"headline":"Centro de atenci\u00f3n de urgencias ortop\u00e9dicas OrthoNOW\u00ae Doral","datePublished":"2023-06-10T21:23:00+00:00","dateModified":"2025-11-27T15:21:57+00:00","mainEntityOfPage":{"@id":"https:\/\/drbadia.com\/es\/orthonow\/"},"wordCount":376,"publisher":{"@id":"https:\/\/drbadia.com\/es\/#organization"},"image":{"@id":"https:\/\/drbadia.com\/es\/orthonow\/#primaryimage"},"thumbnailUrl":"https:\/\/drbadia.com\/es\/wp-content\/uploads\/sites\/2\/2023\/06\/DSC_3560-waiting-room.jpg","inLanguage":"es"},{"@type":"WebPage","@id":"https:\/\/drbadia.com\/es\/orthonow\/","url":"https:\/\/drbadia.com\/es\/orthonow\/","name":"Reciba atenci\u00f3n ortop\u00e9dica r\u00e1pida en OrthoNOW en Miami","isPartOf":{"@id":"https:\/\/drbadia.com\/es\/#website"},"primaryImageOfPage":{"@id":"https:\/\/drbadia.com\/es\/orthonow\/#primaryimage"},"image":{"@id":"https:\/\/drbadia.com\/es\/orthonow\/#primaryimage"},"thumbnailUrl":"https:\/\/drbadia.com\/es\/wp-content\/uploads\/sites\/2\/2023\/06\/DSC_3560-waiting-room.jpg","datePublished":"2023-06-10T21:23:00+00:00","dateModified":"2025-11-27T15:21:57+00:00","description":"Acceda a atenci\u00f3n ortop\u00e9dica experta en OrthoNOW para un tratamiento r\u00e1pido y eficaz. Visite su consulta sin cita previa para todas sus lesiones ortop\u00e9dicas y m\u00e1s: menos esperas y menor costo.","breadcrumb":{"@id":"https:\/\/drbadia.com\/es\/orthonow\/#breadcrumb"},"inLanguage":"es","potentialAction":[{"@type":"ReadAction","target":["https:\/\/drbadia.com\/es\/orthonow\/"]}]},{"@type":"ImageObject","inLanguage":"es","@id":"https:\/\/drbadia.com\/es\/orthonow\/#primaryimage","url":"https:\/\/drbadia.com\/es\/wp-content\/uploads\/sites\/2\/2023\/06\/DSC_3560-waiting-room.jpg","contentUrl":"https:\/\/drbadia.com\/es\/wp-content\/uploads\/sites\/2\/2023\/06\/DSC_3560-waiting-room.jpg","width":1021,"height":680,"caption":"OrthoNOW Orthopedic Urgent Care center"},{"@type":"BreadcrumbList","@id":"https:\/\/drbadia.com\/es\/orthonow\/#breadcrumb","itemListElement":[{"@type":"ListItem","position":1,"name":"Inicio","item":"https:\/\/drbadia.com\/es\/"},{"@type":"ListItem","position":2,"name":"Centro de atenci\u00f3n de urgencias ortop\u00e9dicas OrthoNOW\u00ae Doral"}]},{"@type":"WebSite","@id":"https:\/\/drbadia.com\/es\/#website","url":"https:\/\/drbadia.com\/es\/","name":"Dr. Badia Espa\u00f1ol","description":"Cirujano ortop\u00e9dico de renombre internacional","publisher":{"@id":"https:\/\/drbadia.com\/es\/#organization"},"potentialAction":[{"@type":"SearchAction","target":{"@type":"EntryPoint","urlTemplate":"https:\/\/drbadia.com\/es\/?s={search_term_string}"},"query-input":{"@type":"PropertyValueSpecification","valueRequired":true,"valueName":"search_term_string"}}],"inLanguage":"es"},{"@type":"Organization","@id":"https:\/\/drbadia.com\/es\/#organization","name":"Dr. Badia Espa\u00f1ol","url":"https:\/\/drbadia.com\/es\/","logo":{"@type":"ImageObject","inLanguage":"es","@id":"https:\/\/drbadia.com\/es\/#\/schema\/logo\/image\/","url":"https:\/\/drbadia.com\/es\/wp-content\/uploads\/sites\/2\/2023\/06\/logo-without-background.webp","contentUrl":"https:\/\/drbadia.com\/es\/wp-content\/uploads\/sites\/2\/2023\/06\/logo-without-background.webp","width":199,"height":125,"caption":"Dr. Badia Espa\u00f1ol"},"image":{"@id":"https:\/\/drbadia.com\/es\/#\/schema\/logo\/image\/"}},{"@type":"Person","@id":"https:\/\/drbadia.com\/es\/#\/schema\/person\/ef3cca2395e36fb2f169f77554c3e025","name":"Maggy Tinsel","url":"https:\/\/drbadia.com\/es\/author\/mtinsel\/"}]}},"uagb_featured_image_src":{"full":["https:\/\/drbadia.com\/es\/wp-content\/uploads\/sites\/2\/2023\/06\/DSC_3560-waiting-room.jpg",1021,680,false],"thumbnail":["https:\/\/drbadia.com\/es\/wp-content\/uploads\/sites\/2\/2023\/06\/DSC_3560-waiting-room-150x150.jpg",150,150,true],"medium":["https:\/\/drbadia.com\/es\/wp-content\/uploads\/sites\/2\/2023\/06\/DSC_3560-waiting-room-300x200.jpg",300,200,true],"medium_large":["https:\/\/drbadia.com\/es\/wp-content\/uploads\/sites\/2\/2023\/06\/DSC_3560-waiting-room-768x511.jpg",768,511,true],"large":["https:\/\/drbadia.com\/es\/wp-content\/uploads\/sites\/2\/2023\/06\/DSC_3560-waiting-room.jpg",1021,680,false],"1536x1536":["https:\/\/drbadia.com\/es\/wp-content\/uploads\/sites\/2\/2023\/06\/DSC_3560-waiting-room.jpg",1021,680,false],"2048x2048":["https:\/\/drbadia.com\/es\/wp-content\/uploads\/sites\/2\/2023\/06\/DSC_3560-waiting-room.jpg",1021,680,false],"gform-image-choice-sm":["https:\/\/drbadia.com\/es\/wp-content\/uploads\/sites\/2\/2023\/06\/DSC_3560-waiting-room.jpg",300,200,false],"gform-image-choice-md":["https:\/\/drbadia.com\/es\/wp-content\/uploads\/sites\/2\/2023\/06\/DSC_3560-waiting-room.jpg",400,266,false],"gform-image-choice-lg":["https:\/\/drbadia.com\/es\/wp-content\/uploads\/sites\/2\/2023\/06\/DSC_3560-waiting-room.jpg",600,400,false]},"uagb_author_info":{"display_name":"Maggy Tinsel","author_link":"https:\/\/drbadia.com\/es\/author\/mtinsel\/"},"uagb_comment_info":0,"uagb_excerpt":"En 2010, la frustraci\u00f3n del Dr. Badia con el sistema sanitario le hizo pensar en la creaci\u00f3n de centros especializados en atenci\u00f3n ortop\u00e9dica urgente para evaluar y tratar eficazmente una serie de lesiones ortop\u00e9dicas y deportivas. Con ese fin, fund\u00f3 OrthoNOW, la \u00fanica red de centros ortop\u00e9dicos de urgencias del mundo,\u00a0atenci\u00f3n urgente\u00a0del pa\u00eds, y ha...&hellip;","_links":{"self":[{"href":"https:\/\/drbadia.com\/es\/wp-json\/wp\/v2\/pages\/251","targetHints":{"allow":["GET"]}}],"collection":[{"href":"https:\/\/drbadia.com\/es\/wp-json\/wp\/v2\/pages"}],"about":[{"href":"https:\/\/drbadia.com\/es\/wp-json\/wp\/v2\/types\/page"}],"author":[{"embeddable":true,"href":"https:\/\/drbadia.com\/es\/wp-json\/wp\/v2\/users\/3"}],"replies":[{"embeddable":true,"href":"https:\/\/drbadia.com\/es\/wp-json\/wp\/v2\/comments?post=251"}],"version-history":[{"count":0,"href":"https:\/\/drbadia.com\/es\/wp-json\/wp\/v2\/pages\/251\/revisions"}],"wp:featuredmedia":[{"embeddable":true,"href":"https:\/\/drbadia.com\/es\/wp-json\/wp\/v2\/media\/506"}],"wp:attachment":[{"href":"https:\/\/drbadia.com\/es\/wp-json\/wp\/v2\/media?parent=251"}],"curies":[{"name":"wp","href":"https:\/\/api.w.org\/{rel}","templated":true}]}}