{"id":265,"date":"2023-06-10T21:31:44","date_gmt":"2023-06-10T21:31:44","guid":{"rendered":"https:\/\/drbadia.com\/es\/?page_id=265"},"modified":"2026-01-16T10:28:57","modified_gmt":"2026-01-16T15:28:57","slug":"consulta-virtual-telemedicina","status":"publish","type":"page","link":"https:\/\/drbadia.com\/es\/consulta-virtual-telemedicina\/","title":{"rendered":"Consulta virtual &#8211; Telemedicina"},"content":{"rendered":"\n<h2 class=\"wp-block-heading\" id=\"h-aviso-a-los-pacientes\">Aviso a los pacientes<\/h2>\n\n\n\n<p>Valoramos tu bienestar y ofrecemos la comodidad de una visita v\u00eda telemedicina a una tarifa de $250.<\/p>\n\n\n\n<iframe\n  id=\"JotFormIFrame-260154275482154\"\n  title=\"BHS Request Telemedicine [SPANISH]\"\n  onload=\"window.parent.scrollTo(0,0)\"\n  allowtransparency=\"true\"\n  allow=\"geolocation; microphone; camera; fullscreen; payment\"\n  src=\"https:\/\/form.jotform.com\/260154275482154\"\n  frameborder=\"0\"\n  style=\"min-width:100%;max-width:100%;height:539px;border:none;\"\n  scrolling=\"yes\"\n>\n<\/iframe>\n<script src='https:\/\/cdn.jotfor.ms\/s\/umd\/latest\/for-form-embed-handler.js'><\/script>\n<script>window.jotformEmbedHandler(\"iframe[id='JotFormIFrame-260154275482154']\", \"https:\/\/form.jotform.com\/\")<\/script>\n\n\n\n<p><a href=\"https:\/\/drbadia.com\/es\/el-viaje-del-paciente\/\" target=\"_blank\" rel=\"noopener\">Haga clic para obtener informaci\u00f3n sobre la experiencia del paciente<\/a><\/p>\n\n\n\n<h2 class=\"wp-block-heading\" id=\"h-articulos-de-telemedicina\">Art\u00edculos de Telemedicina<\/h2>\n","protected":false},"excerpt":{"rendered":"<p>Aviso a los pacientes Valoramos tu bienestar y ofrecemos la comodidad de una visita v\u00eda telemedicina a una tarifa de $250. Haga clic para obtener informaci\u00f3n sobre la experiencia del paciente Art\u00edculos de Telemedicina<\/p>\n","protected":false},"author":3,"featured_media":0,"parent":0,"menu_order":0,"comment_status":"closed","ping_status":"closed","template":"","meta":{"_acf_changed":false,"_uag_custom_page_level_css":"","_genesis_hide_title":false,"_genesis_hide_breadcrumbs":false,"_genesis_hide_singular_image":false,"_genesis_hide_footer_widgets":false,"_genesis_custom_body_class":"","_genesis_custom_post_class":"","_genesis_layout":"","footnotes":""},"class_list":{"0":"post-265","1":"page","2":"type-page","3":"status-publish","5":"entry"},"acf":[],"yoast_head":"<!-- This site is optimized with the Yoast SEO Premium plugin v25.8 (Yoast SEO v26.8) - https:\/\/yoast.com\/product\/yoast-seo-premium-wordpress\/ -->\n<title>Telemedicina | Solicitar cita virtual | Dr. Badia<\/title>\n<meta name=\"description\" content=\"Con\u00e9ctese con el Dr. Badia para recibir atenci\u00f3n ortop\u00e9dica experta por telemedicina. Programe su consulta virtual para recibir asesoramiento sobre mano, mu\u00f1eca, codo y hombro.\" \/>\n<meta name=\"robots\" content=\"index, follow, max-snippet:-1, max-image-preview:large, max-video-preview:-1\" \/>\n<link rel=\"canonical\" href=\"https:\/\/drbadia.com\/es\/consulta-virtual-telemedicina\/\" \/>\n<meta property=\"og:locale\" content=\"es_ES\" \/>\n<meta property=\"og:type\" content=\"article\" \/>\n<meta property=\"og:title\" content=\"Consulta virtual - Telemedicina\" \/>\n<meta property=\"og:description\" content=\"Con\u00e9ctese con el Dr. Badia para recibir atenci\u00f3n ortop\u00e9dica experta por telemedicina. Programe su consulta virtual para recibir asesoramiento sobre mano, mu\u00f1eca, codo y hombro.\" \/>\n<meta property=\"og:url\" content=\"https:\/\/drbadia.com\/es\/consulta-virtual-telemedicina\/\" \/>\n<meta property=\"og:site_name\" content=\"Dr. Badia Espa\u00f1ol\" \/>\n<meta property=\"article:modified_time\" content=\"2026-01-16T15:28:57+00:00\" \/>\n<meta name=\"twitter:card\" content=\"summary_large_image\" \/>\n<meta name=\"twitter:label1\" content=\"Tiempo de lectura\" \/>\n\t<meta name=\"twitter:data1\" content=\"1 minuto\" \/>\n<script type=\"application\/ld+json\" class=\"yoast-schema-graph\">{\"@context\":\"https:\/\/schema.org\",\"@graph\":[{\"@type\":\"WebPage\",\"@id\":\"https:\/\/drbadia.com\/es\/consulta-virtual-telemedicina\/\",\"url\":\"https:\/\/drbadia.com\/es\/consulta-virtual-telemedicina\/\",\"name\":\"Telemedicina | Solicitar cita virtual | Dr. Badia\",\"isPartOf\":{\"@id\":\"https:\/\/drbadia.com\/es\/#website\"},\"datePublished\":\"2023-06-10T21:31:44+00:00\",\"dateModified\":\"2026-01-16T15:28:57+00:00\",\"description\":\"Con\u00e9ctese con el Dr. Badia para recibir atenci\u00f3n ortop\u00e9dica experta por telemedicina. Programe su consulta virtual para recibir asesoramiento sobre mano, mu\u00f1eca, codo y hombro.\",\"breadcrumb\":{\"@id\":\"https:\/\/drbadia.com\/es\/consulta-virtual-telemedicina\/#breadcrumb\"},\"inLanguage\":\"es\",\"potentialAction\":[{\"@type\":\"ReadAction\",\"target\":[\"https:\/\/drbadia.com\/es\/consulta-virtual-telemedicina\/\"]}]},{\"@type\":\"BreadcrumbList\",\"@id\":\"https:\/\/drbadia.com\/es\/consulta-virtual-telemedicina\/#breadcrumb\",\"itemListElement\":[{\"@type\":\"ListItem\",\"position\":1,\"name\":\"Inicio\",\"item\":\"https:\/\/drbadia.com\/es\/\"},{\"@type\":\"ListItem\",\"position\":2,\"name\":\"Consulta virtual &#8211; Telemedicina\"}]},{\"@type\":\"WebSite\",\"@id\":\"https:\/\/drbadia.com\/es\/#website\",\"url\":\"https:\/\/drbadia.com\/es\/\",\"name\":\"Dr. Badia Espa\u00f1ol\",\"description\":\"Cirujano ortop\u00e9dico de renombre internacional\",\"publisher\":{\"@id\":\"https:\/\/drbadia.com\/es\/#organization\"},\"potentialAction\":[{\"@type\":\"SearchAction\",\"target\":{\"@type\":\"EntryPoint\",\"urlTemplate\":\"https:\/\/drbadia.com\/es\/?s={search_term_string}\"},\"query-input\":{\"@type\":\"PropertyValueSpecification\",\"valueRequired\":true,\"valueName\":\"search_term_string\"}}],\"inLanguage\":\"es\"},{\"@type\":\"Organization\",\"@id\":\"https:\/\/drbadia.com\/es\/#organization\",\"name\":\"Dr. Badia Espa\u00f1ol\",\"url\":\"https:\/\/drbadia.com\/es\/\",\"logo\":{\"@type\":\"ImageObject\",\"inLanguage\":\"es\",\"@id\":\"https:\/\/drbadia.com\/es\/#\/schema\/logo\/image\/\",\"url\":\"https:\/\/drbadia.com\/es\/wp-content\/uploads\/sites\/2\/2023\/06\/logo-without-background.webp\",\"contentUrl\":\"https:\/\/drbadia.com\/es\/wp-content\/uploads\/sites\/2\/2023\/06\/logo-without-background.webp\",\"width\":199,\"height\":125,\"caption\":\"Dr. Badia Espa\u00f1ol\"},\"image\":{\"@id\":\"https:\/\/drbadia.com\/es\/#\/schema\/logo\/image\/\"}}]}<\/script>\n<!-- \/ Yoast SEO Premium plugin. -->","yoast_head_json":{"title":"Telemedicina | Solicitar cita virtual | Dr. Badia","description":"Con\u00e9ctese con el Dr. Badia para recibir atenci\u00f3n ortop\u00e9dica experta por telemedicina. Programe su consulta virtual para recibir asesoramiento sobre mano, mu\u00f1eca, codo y hombro.","robots":{"index":"index","follow":"follow","max-snippet":"max-snippet:-1","max-image-preview":"max-image-preview:large","max-video-preview":"max-video-preview:-1"},"canonical":"https:\/\/drbadia.com\/es\/consulta-virtual-telemedicina\/","og_locale":"es_ES","og_type":"article","og_title":"Consulta virtual - Telemedicina","og_description":"Con\u00e9ctese con el Dr. Badia para recibir atenci\u00f3n ortop\u00e9dica experta por telemedicina. Programe su consulta virtual para recibir asesoramiento sobre mano, mu\u00f1eca, codo y hombro.","og_url":"https:\/\/drbadia.com\/es\/consulta-virtual-telemedicina\/","og_site_name":"Dr. Badia Espa\u00f1ol","article_modified_time":"2026-01-16T15:28:57+00:00","twitter_card":"summary_large_image","twitter_misc":{"Tiempo de lectura":"1 minuto"},"schema":{"@context":"https:\/\/schema.org","@graph":[{"@type":"WebPage","@id":"https:\/\/drbadia.com\/es\/consulta-virtual-telemedicina\/","url":"https:\/\/drbadia.com\/es\/consulta-virtual-telemedicina\/","name":"Telemedicina | Solicitar cita virtual | Dr. Badia","isPartOf":{"@id":"https:\/\/drbadia.com\/es\/#website"},"datePublished":"2023-06-10T21:31:44+00:00","dateModified":"2026-01-16T15:28:57+00:00","description":"Con\u00e9ctese con el Dr. Badia para recibir atenci\u00f3n ortop\u00e9dica experta por telemedicina. Programe su consulta virtual para recibir asesoramiento sobre mano, mu\u00f1eca, codo y hombro.","breadcrumb":{"@id":"https:\/\/drbadia.com\/es\/consulta-virtual-telemedicina\/#breadcrumb"},"inLanguage":"es","potentialAction":[{"@type":"ReadAction","target":["https:\/\/drbadia.com\/es\/consulta-virtual-telemedicina\/"]}]},{"@type":"BreadcrumbList","@id":"https:\/\/drbadia.com\/es\/consulta-virtual-telemedicina\/#breadcrumb","itemListElement":[{"@type":"ListItem","position":1,"name":"Inicio","item":"https:\/\/drbadia.com\/es\/"},{"@type":"ListItem","position":2,"name":"Consulta virtual &#8211; Telemedicina"}]},{"@type":"WebSite","@id":"https:\/\/drbadia.com\/es\/#website","url":"https:\/\/drbadia.com\/es\/","name":"Dr. Badia Espa\u00f1ol","description":"Cirujano ortop\u00e9dico de renombre internacional","publisher":{"@id":"https:\/\/drbadia.com\/es\/#organization"},"potentialAction":[{"@type":"SearchAction","target":{"@type":"EntryPoint","urlTemplate":"https:\/\/drbadia.com\/es\/?s={search_term_string}"},"query-input":{"@type":"PropertyValueSpecification","valueRequired":true,"valueName":"search_term_string"}}],"inLanguage":"es"},{"@type":"Organization","@id":"https:\/\/drbadia.com\/es\/#organization","name":"Dr. Badia Espa\u00f1ol","url":"https:\/\/drbadia.com\/es\/","logo":{"@type":"ImageObject","inLanguage":"es","@id":"https:\/\/drbadia.com\/es\/#\/schema\/logo\/image\/","url":"https:\/\/drbadia.com\/es\/wp-content\/uploads\/sites\/2\/2023\/06\/logo-without-background.webp","contentUrl":"https:\/\/drbadia.com\/es\/wp-content\/uploads\/sites\/2\/2023\/06\/logo-without-background.webp","width":199,"height":125,"caption":"Dr. Badia Espa\u00f1ol"},"image":{"@id":"https:\/\/drbadia.com\/es\/#\/schema\/logo\/image\/"}}]}},"uagb_featured_image_src":{"full":false,"thumbnail":false,"medium":false,"medium_large":false,"large":false,"1536x1536":false,"2048x2048":false,"gform-image-choice-sm":false,"gform-image-choice-md":false,"gform-image-choice-lg":false},"uagb_author_info":{"display_name":"Maggy Tinsel","author_link":"https:\/\/drbadia.com\/es\/author\/mtinsel\/"},"uagb_comment_info":0,"uagb_excerpt":"Aviso a los pacientes Valoramos tu bienestar y ofrecemos la comodidad de una visita v\u00eda telemedicina a una tarifa de $250. Haga clic para obtener informaci\u00f3n sobre la experiencia del paciente Art\u00edculos de Telemedicina","_links":{"self":[{"href":"https:\/\/drbadia.com\/es\/wp-json\/wp\/v2\/pages\/265","targetHints":{"allow":["GET"]}}],"collection":[{"href":"https:\/\/drbadia.com\/es\/wp-json\/wp\/v2\/pages"}],"about":[{"href":"https:\/\/drbadia.com\/es\/wp-json\/wp\/v2\/types\/page"}],"author":[{"embeddable":true,"href":"https:\/\/drbadia.com\/es\/wp-json\/wp\/v2\/users\/3"}],"replies":[{"embeddable":true,"href":"https:\/\/drbadia.com\/es\/wp-json\/wp\/v2\/comments?post=265"}],"version-history":[{"count":0,"href":"https:\/\/drbadia.com\/es\/wp-json\/wp\/v2\/pages\/265\/revisions"}],"wp:attachment":[{"href":"https:\/\/drbadia.com\/es\/wp-json\/wp\/v2\/media?parent=265"}],"curies":[{"name":"wp","href":"https:\/\/api.w.org\/{rel}","templated":true}]}}