{"id":313,"date":"2023-06-10T22:40:50","date_gmt":"2023-06-10T22:40:50","guid":{"rendered":"https:\/\/drbadia.com\/es\/?page_id=313"},"modified":"2025-12-16T12:46:24","modified_gmt":"2025-12-16T17:46:24","slug":"acerca-de-badia-hand-to-shoulder-center","status":"publish","type":"page","link":"https:\/\/drbadia.com\/es\/acerca-de-badia-hand-to-shoulder-center\/","title":{"rendered":"Acerca de Badia Hand To Shoulder Center"},"content":{"rendered":"\n<h3 class=\"wp-block-heading\" id=\"h-el-dr-alejandro-badia-cirujano-ortopedico-de-mano-y-miembros-superiores-es-el-creador-y-fundador-de-badia-hand-to-shoulder-center-en-miami-florida\">El Dr. Alejandro Badia, cirujano ortop\u00e9dico de mano y miembros superiores, es el creador y fundador de Badia Hand to Shoulder Center en Miami, Florida.<\/h3>\n\n\n\n<p>Badia Hand to Shoulder Center es un centro especializado en el cuidado m\u00e9dico de extremidades superiores ubicado en el coraz\u00f3n de la ciudad del Doral, Florida. Esta inigualable instalaci\u00f3n se encuentra en la planta baja del centro Doral Pavilion.<\/p>\n\n\n\n<h3 class=\"wp-block-heading has-text-align-left\" id=\"h-todos-los-problemas-relacionados-con-la-mano-muneca-codo-y-hombro-pueden-tratarse-bajo-un-mismo-nbsp-techo\">Todos los problemas relacionados con la mano, mu\u00f1eca, codo y hombro pueden tratarse bajo un mismo&nbsp;<a href=\"\/es\/alejandro-badia\/\">techo<\/a>.<\/h3>\n\n\n\n<p>Nuestros pacientes tienen acceso a radiograf\u00edas digitales, resonancia magn\u00e9tica, fisioterapia y terapia ocupacional, as\u00ed como a un avanzado centro quir\u00fargico ambulatorio. Todos los problemas relacionados con la mano, la mu\u00f1eca,&nbsp;<a href=\"\/es\/joel-peterson\/\">codo y el hombro puede ser manejado por un cirujano ortop\u00e9dico en Miami<\/a>. Las consultas se pueden programar por tel\u00e9fono o por Internet utilizando drbadia.com, que hace hincapi\u00e9 en la educaci\u00f3n del paciente y del m\u00e9dico por igual.&nbsp;<\/p>\n\n\n\n<p><a href=\"https:\/\/www.linkedin.com\/in\/drbadia\">Dr. Badia<\/a>&nbsp;complet\u00f3 sus estudios universitarios en la Universidad de Cornell.&nbsp;&nbsp;<a href=\"\/es\/badia-noviembre-nueva-york\/\">Estudi\u00f3 medicina en Nueva York.<\/a>&nbsp;Posteriormente se form\u00f3 en cirug\u00eda ortop\u00e9dica como jefe de residentes en el Bellevue Hospital, tambi\u00e9n en Nueva York. Becas de especializaci\u00f3n en cirug\u00eda de la mano en Pittsburg y&nbsp;<a href=\"\/es\/turismo-medico\/\">en el extranjero<\/a>&nbsp;en Europa. Una vez finalizadas estas becas, el Dr. Badia estableci\u00f3 su consulta para ofrecer los servicios de un&nbsp;<a href=\"\/es\/atencion-ortopedica-de-urgencia-orthonow\/\">cirujano ortop\u00e9dico en Miami,<\/a>&nbsp;FL to co-found the Miami Hand Center.&nbsp;<a href=\"\/es\/cv-del-dr-badia\/\">Dr. Badia is past President of ISSPORTH&nbsp; (2011- 2013), is a member of ASSH, AAHS, AAOS and an honorary member of multiple international hand societies<\/a>.<\/p>\n\n\n\n<p>El equipo de Badia Hand to Shoulder Center espera conocerlos personalmente y asistirles de una manera eficiente con atenci\u00f3n calidad y personalizada.<\/p>\n\n\n\n<div style=\"height:30px\" aria-hidden=\"true\" class=\"wp-block-spacer\"><\/div>\n\n\n<div class=\"text-center\"><div class=\"sa-carousel swiper-container\">\r\n                <div class=\"swiper-wrapper\"><div class=\"swiper-slide slide\"><img decoding=\"async\" src=\"\/wp-content\/uploads\/sites\/2\/2023\/06\/pict_02.jpg\" alt=\"office photos\"> <img decoding=\"async\" src=\"\/wp-content\/uploads\/sites\/2\/2023\/06\/pict_05-2.jpg\" alt=\"office photos\"><\/div><div class=\"swiper-slide slide\"><img decoding=\"async\" src=\"\/wp-content\/uploads\/sites\/2\/2023\/06\/pict_06.jpg\" alt=\"office photos\"> <img decoding=\"async\" src=\"\/wp-content\/uploads\/sites\/2\/2023\/06\/pict_03.jpg\" alt=\"office photos\"><\/div><div class=\"swiper-slide slide\"><img decoding=\"async\" src=\"\/wp-content\/uploads\/sites\/2\/2023\/06\/pict_04.jpg\" alt=\"office photos\"> <img decoding=\"async\" src=\"\/wp-content\/uploads\/sites\/2\/2023\/06\/pict_07.jpg\" alt=\"office photos\"><\/div><div class=\"swiper-slide slide\"><img decoding=\"async\" src=\"\/wp-content\/uploads\/sites\/2\/2023\/06\/pict_08.jpg\" alt=\"office photos\"> <img decoding=\"async\" src=\"\/wp-content\/uploads\/sites\/2\/2023\/06\/pict_09.jpg\" alt=\"office photos\"><\/div><\/div><div class=\"swiper-button-prev\"><\/div><div class=\"swiper-button-next\"><\/div><\/div><\/div>\n","protected":false},"excerpt":{"rendered":"<p>El Dr. Alejandro Badia, cirujano ortop\u00e9dico de mano y miembros superiores, es el creador y fundador de Badia Hand to Shoulder Center en Miami, Florida. Badia Hand to Shoulder Center es un centro especializado en el cuidado m\u00e9dico de extremidades superiores ubicado en el coraz\u00f3n de la ciudad del Doral, Florida. Esta inigualable instalaci\u00f3n se&#8230; <a class=\"more-link\" href=\"https:\/\/drbadia.com\/es\/acerca-de-badia-hand-to-shoulder-center\/\">[Read More]<\/a><\/p>\n","protected":false},"author":2,"featured_media":501,"parent":0,"menu_order":0,"comment_status":"closed","ping_status":"closed","template":"","meta":{"_acf_changed":false,"_uag_custom_page_level_css":"","_genesis_hide_title":false,"_genesis_hide_breadcrumbs":false,"_genesis_hide_singular_image":false,"_genesis_hide_footer_widgets":false,"_genesis_custom_body_class":"","_genesis_custom_post_class":"","_genesis_layout":"","footnotes":""},"class_list":{"0":"post-313","1":"page","2":"type-page","3":"status-publish","4":"has-post-thumbnail","6":"entry"},"acf":[],"yoast_head":"<!-- This site is optimized with the Yoast SEO Premium plugin v25.8 (Yoast SEO v26.8) - https:\/\/yoast.com\/product\/yoast-seo-premium-wordpress\/ -->\n<title>Visite al Dr. Badia en el Centro de Cuidados de Mano a Hombro en Miami<\/title>\n<meta name=\"description\" content=\"Explore los tratamientos avanzados de mano a hombro del Dr. Badia en BHS Center en Miami. Excelencia en ortopedia a su alcance. Programe una consulta hoy mismo.\" \/>\n<meta name=\"robots\" content=\"index, follow, max-snippet:-1, max-image-preview:large, max-video-preview:-1\" \/>\n<link rel=\"canonical\" href=\"https:\/\/drbadia.com\/es\/acerca-de-badia-hand-to-shoulder-center\/\" \/>\n<meta property=\"og:locale\" content=\"es_ES\" \/>\n<meta property=\"og:type\" content=\"article\" \/>\n<meta property=\"og:title\" content=\"Acerca de Badia Hand To Shoulder Center\" \/>\n<meta property=\"og:description\" content=\"Explore los tratamientos avanzados de mano a hombro del Dr. Badia en BHS Center en Miami. Excelencia en ortopedia a su alcance. Programe una consulta hoy mismo.\" \/>\n<meta property=\"og:url\" content=\"https:\/\/drbadia.com\/es\/acerca-de-badia-hand-to-shoulder-center\/\" \/>\n<meta property=\"og:site_name\" content=\"Dr. Badia Espa\u00f1ol\" \/>\n<meta property=\"article:modified_time\" content=\"2025-12-16T17:46:24+00:00\" \/>\n<meta property=\"og:image\" content=\"https:\/\/drbadia.com\/es\/wp-content\/uploads\/sites\/2\/2023\/06\/DSC_3714-monument-buillding-blur.jpg\" \/>\n\t<meta property=\"og:image:width\" content=\"1021\" \/>\n\t<meta property=\"og:image:height\" content=\"680\" \/>\n\t<meta property=\"og:image:type\" content=\"image\/jpeg\" \/>\n<meta name=\"twitter:card\" content=\"summary_large_image\" \/>\n<meta name=\"twitter:label1\" content=\"Tiempo de lectura\" \/>\n\t<meta name=\"twitter:data1\" content=\"2 minutos\" \/>\n<script type=\"application\/ld+json\" class=\"yoast-schema-graph\">{\"@context\":\"https:\/\/schema.org\",\"@graph\":[{\"@type\":\"WebPage\",\"@id\":\"https:\/\/drbadia.com\/es\/acerca-de-badia-hand-to-shoulder-center\/\",\"url\":\"https:\/\/drbadia.com\/es\/acerca-de-badia-hand-to-shoulder-center\/\",\"name\":\"Visite al Dr. Badia en el Centro de Cuidados de Mano a Hombro en Miami\",\"isPartOf\":{\"@id\":\"https:\/\/drbadia.com\/es\/#website\"},\"primaryImageOfPage\":{\"@id\":\"https:\/\/drbadia.com\/es\/acerca-de-badia-hand-to-shoulder-center\/#primaryimage\"},\"image\":{\"@id\":\"https:\/\/drbadia.com\/es\/acerca-de-badia-hand-to-shoulder-center\/#primaryimage\"},\"thumbnailUrl\":\"https:\/\/drbadia.com\/es\/wp-content\/uploads\/sites\/2\/2023\/06\/DSC_3714-monument-buillding-blur.jpg\",\"datePublished\":\"2023-06-10T22:40:50+00:00\",\"dateModified\":\"2025-12-16T17:46:24+00:00\",\"description\":\"Explore los tratamientos avanzados de mano a hombro del Dr. Badia en BHS Center en Miami. Excelencia en ortopedia a su alcance. Programe una consulta hoy mismo.\",\"breadcrumb\":{\"@id\":\"https:\/\/drbadia.com\/es\/acerca-de-badia-hand-to-shoulder-center\/#breadcrumb\"},\"inLanguage\":\"es\",\"potentialAction\":[{\"@type\":\"ReadAction\",\"target\":[\"https:\/\/drbadia.com\/es\/acerca-de-badia-hand-to-shoulder-center\/\"]}]},{\"@type\":\"ImageObject\",\"inLanguage\":\"es\",\"@id\":\"https:\/\/drbadia.com\/es\/acerca-de-badia-hand-to-shoulder-center\/#primaryimage\",\"url\":\"https:\/\/drbadia.com\/es\/wp-content\/uploads\/sites\/2\/2023\/06\/DSC_3714-monument-buillding-blur.jpg\",\"contentUrl\":\"https:\/\/drbadia.com\/es\/wp-content\/uploads\/sites\/2\/2023\/06\/DSC_3714-monument-buillding-blur.jpg\",\"width\":1021,\"height\":680,\"caption\":\"About Us Page: Street View of Badia Hand to Shoulder Center, the pavilion at Doral\"},{\"@type\":\"BreadcrumbList\",\"@id\":\"https:\/\/drbadia.com\/es\/acerca-de-badia-hand-to-shoulder-center\/#breadcrumb\",\"itemListElement\":[{\"@type\":\"ListItem\",\"position\":1,\"name\":\"Inicio\",\"item\":\"https:\/\/drbadia.com\/es\/\"},{\"@type\":\"ListItem\",\"position\":2,\"name\":\"Acerca de Badia Hand To Shoulder Center\"}]},{\"@type\":\"WebSite\",\"@id\":\"https:\/\/drbadia.com\/es\/#website\",\"url\":\"https:\/\/drbadia.com\/es\/\",\"name\":\"Dr. Badia Espa\u00f1ol\",\"description\":\"Cirujano ortop\u00e9dico de renombre internacional\",\"publisher\":{\"@id\":\"https:\/\/drbadia.com\/es\/#organization\"},\"potentialAction\":[{\"@type\":\"SearchAction\",\"target\":{\"@type\":\"EntryPoint\",\"urlTemplate\":\"https:\/\/drbadia.com\/es\/?s={search_term_string}\"},\"query-input\":{\"@type\":\"PropertyValueSpecification\",\"valueRequired\":true,\"valueName\":\"search_term_string\"}}],\"inLanguage\":\"es\"},{\"@type\":\"Organization\",\"@id\":\"https:\/\/drbadia.com\/es\/#organization\",\"name\":\"Dr. Badia Espa\u00f1ol\",\"url\":\"https:\/\/drbadia.com\/es\/\",\"logo\":{\"@type\":\"ImageObject\",\"inLanguage\":\"es\",\"@id\":\"https:\/\/drbadia.com\/es\/#\/schema\/logo\/image\/\",\"url\":\"https:\/\/drbadia.com\/es\/wp-content\/uploads\/sites\/2\/2023\/06\/logo-without-background.webp\",\"contentUrl\":\"https:\/\/drbadia.com\/es\/wp-content\/uploads\/sites\/2\/2023\/06\/logo-without-background.webp\",\"width\":199,\"height\":125,\"caption\":\"Dr. Badia Espa\u00f1ol\"},\"image\":{\"@id\":\"https:\/\/drbadia.com\/es\/#\/schema\/logo\/image\/\"}}]}<\/script>\n<!-- \/ Yoast SEO Premium plugin. -->","yoast_head_json":{"title":"Visite al Dr. Badia en el Centro de Cuidados de Mano a Hombro en Miami","description":"Explore los tratamientos avanzados de mano a hombro del Dr. Badia en BHS Center en Miami. Excelencia en ortopedia a su alcance. Programe una consulta hoy mismo.","robots":{"index":"index","follow":"follow","max-snippet":"max-snippet:-1","max-image-preview":"max-image-preview:large","max-video-preview":"max-video-preview:-1"},"canonical":"https:\/\/drbadia.com\/es\/acerca-de-badia-hand-to-shoulder-center\/","og_locale":"es_ES","og_type":"article","og_title":"Acerca de Badia Hand To Shoulder Center","og_description":"Explore los tratamientos avanzados de mano a hombro del Dr. Badia en BHS Center en Miami. Excelencia en ortopedia a su alcance. Programe una consulta hoy mismo.","og_url":"https:\/\/drbadia.com\/es\/acerca-de-badia-hand-to-shoulder-center\/","og_site_name":"Dr. Badia Espa\u00f1ol","article_modified_time":"2025-12-16T17:46:24+00:00","og_image":[{"width":1021,"height":680,"url":"https:\/\/drbadia.com\/es\/wp-content\/uploads\/sites\/2\/2023\/06\/DSC_3714-monument-buillding-blur.jpg","type":"image\/jpeg"}],"twitter_card":"summary_large_image","twitter_misc":{"Tiempo de lectura":"2 minutos"},"schema":{"@context":"https:\/\/schema.org","@graph":[{"@type":"WebPage","@id":"https:\/\/drbadia.com\/es\/acerca-de-badia-hand-to-shoulder-center\/","url":"https:\/\/drbadia.com\/es\/acerca-de-badia-hand-to-shoulder-center\/","name":"Visite al Dr. Badia en el Centro de Cuidados de Mano a Hombro en Miami","isPartOf":{"@id":"https:\/\/drbadia.com\/es\/#website"},"primaryImageOfPage":{"@id":"https:\/\/drbadia.com\/es\/acerca-de-badia-hand-to-shoulder-center\/#primaryimage"},"image":{"@id":"https:\/\/drbadia.com\/es\/acerca-de-badia-hand-to-shoulder-center\/#primaryimage"},"thumbnailUrl":"https:\/\/drbadia.com\/es\/wp-content\/uploads\/sites\/2\/2023\/06\/DSC_3714-monument-buillding-blur.jpg","datePublished":"2023-06-10T22:40:50+00:00","dateModified":"2025-12-16T17:46:24+00:00","description":"Explore los tratamientos avanzados de mano a hombro del Dr. Badia en BHS Center en Miami. Excelencia en ortopedia a su alcance. Programe una consulta hoy mismo.","breadcrumb":{"@id":"https:\/\/drbadia.com\/es\/acerca-de-badia-hand-to-shoulder-center\/#breadcrumb"},"inLanguage":"es","potentialAction":[{"@type":"ReadAction","target":["https:\/\/drbadia.com\/es\/acerca-de-badia-hand-to-shoulder-center\/"]}]},{"@type":"ImageObject","inLanguage":"es","@id":"https:\/\/drbadia.com\/es\/acerca-de-badia-hand-to-shoulder-center\/#primaryimage","url":"https:\/\/drbadia.com\/es\/wp-content\/uploads\/sites\/2\/2023\/06\/DSC_3714-monument-buillding-blur.jpg","contentUrl":"https:\/\/drbadia.com\/es\/wp-content\/uploads\/sites\/2\/2023\/06\/DSC_3714-monument-buillding-blur.jpg","width":1021,"height":680,"caption":"About Us Page: Street View of Badia Hand to Shoulder Center, the pavilion at Doral"},{"@type":"BreadcrumbList","@id":"https:\/\/drbadia.com\/es\/acerca-de-badia-hand-to-shoulder-center\/#breadcrumb","itemListElement":[{"@type":"ListItem","position":1,"name":"Inicio","item":"https:\/\/drbadia.com\/es\/"},{"@type":"ListItem","position":2,"name":"Acerca de Badia Hand To Shoulder Center"}]},{"@type":"WebSite","@id":"https:\/\/drbadia.com\/es\/#website","url":"https:\/\/drbadia.com\/es\/","name":"Dr. Badia Espa\u00f1ol","description":"Cirujano ortop\u00e9dico de renombre internacional","publisher":{"@id":"https:\/\/drbadia.com\/es\/#organization"},"potentialAction":[{"@type":"SearchAction","target":{"@type":"EntryPoint","urlTemplate":"https:\/\/drbadia.com\/es\/?s={search_term_string}"},"query-input":{"@type":"PropertyValueSpecification","valueRequired":true,"valueName":"search_term_string"}}],"inLanguage":"es"},{"@type":"Organization","@id":"https:\/\/drbadia.com\/es\/#organization","name":"Dr. Badia Espa\u00f1ol","url":"https:\/\/drbadia.com\/es\/","logo":{"@type":"ImageObject","inLanguage":"es","@id":"https:\/\/drbadia.com\/es\/#\/schema\/logo\/image\/","url":"https:\/\/drbadia.com\/es\/wp-content\/uploads\/sites\/2\/2023\/06\/logo-without-background.webp","contentUrl":"https:\/\/drbadia.com\/es\/wp-content\/uploads\/sites\/2\/2023\/06\/logo-without-background.webp","width":199,"height":125,"caption":"Dr. Badia Espa\u00f1ol"},"image":{"@id":"https:\/\/drbadia.com\/es\/#\/schema\/logo\/image\/"}}]}},"uagb_featured_image_src":{"full":["https:\/\/drbadia.com\/es\/wp-content\/uploads\/sites\/2\/2023\/06\/DSC_3714-monument-buillding-blur.jpg",1021,680,false],"thumbnail":["https:\/\/drbadia.com\/es\/wp-content\/uploads\/sites\/2\/2023\/06\/DSC_3714-monument-buillding-blur-150x150.jpg",150,150,true],"medium":["https:\/\/drbadia.com\/es\/wp-content\/uploads\/sites\/2\/2023\/06\/DSC_3714-monument-buillding-blur-300x200.jpg",300,200,true],"medium_large":["https:\/\/drbadia.com\/es\/wp-content\/uploads\/sites\/2\/2023\/06\/DSC_3714-monument-buillding-blur-768x511.jpg",768,511,true],"large":["https:\/\/drbadia.com\/es\/wp-content\/uploads\/sites\/2\/2023\/06\/DSC_3714-monument-buillding-blur.jpg",1021,680,false],"1536x1536":["https:\/\/drbadia.com\/es\/wp-content\/uploads\/sites\/2\/2023\/06\/DSC_3714-monument-buillding-blur.jpg",1021,680,false],"2048x2048":["https:\/\/drbadia.com\/es\/wp-content\/uploads\/sites\/2\/2023\/06\/DSC_3714-monument-buillding-blur.jpg",1021,680,false],"gform-image-choice-sm":["https:\/\/drbadia.com\/es\/wp-content\/uploads\/sites\/2\/2023\/06\/DSC_3714-monument-buillding-blur.jpg",300,200,false],"gform-image-choice-md":["https:\/\/drbadia.com\/es\/wp-content\/uploads\/sites\/2\/2023\/06\/DSC_3714-monument-buillding-blur.jpg",400,266,false],"gform-image-choice-lg":["https:\/\/drbadia.com\/es\/wp-content\/uploads\/sites\/2\/2023\/06\/DSC_3714-monument-buillding-blur.jpg",600,400,false]},"uagb_author_info":{"display_name":"Glenn Aguilar","author_link":"https:\/\/drbadia.com\/es\/author\/glenn\/"},"uagb_comment_info":0,"uagb_excerpt":"El Dr. Alejandro Badia, cirujano ortop\u00e9dico de mano y miembros superiores, es el creador y fundador de Badia Hand to Shoulder Center en Miami, Florida. Badia Hand to Shoulder Center es un centro especializado en el cuidado m\u00e9dico de extremidades superiores ubicado en el coraz\u00f3n de la ciudad del Doral, Florida. Esta inigualable instalaci\u00f3n se...&hellip;","_links":{"self":[{"href":"https:\/\/drbadia.com\/es\/wp-json\/wp\/v2\/pages\/313","targetHints":{"allow":["GET"]}}],"collection":[{"href":"https:\/\/drbadia.com\/es\/wp-json\/wp\/v2\/pages"}],"about":[{"href":"https:\/\/drbadia.com\/es\/wp-json\/wp\/v2\/types\/page"}],"author":[{"embeddable":true,"href":"https:\/\/drbadia.com\/es\/wp-json\/wp\/v2\/users\/2"}],"replies":[{"embeddable":true,"href":"https:\/\/drbadia.com\/es\/wp-json\/wp\/v2\/comments?post=313"}],"version-history":[{"count":0,"href":"https:\/\/drbadia.com\/es\/wp-json\/wp\/v2\/pages\/313\/revisions"}],"wp:featuredmedia":[{"embeddable":true,"href":"https:\/\/drbadia.com\/es\/wp-json\/wp\/v2\/media\/501"}],"wp:attachment":[{"href":"https:\/\/drbadia.com\/es\/wp-json\/wp\/v2\/media?parent=313"}],"curies":[{"name":"wp","href":"https:\/\/api.w.org\/{rel}","templated":true}]}}