{"id":315,"date":"2023-06-10T22:41:21","date_gmt":"2023-06-10T22:41:21","guid":{"rendered":"https:\/\/drbadia.com\/es\/?page_id=315"},"modified":"2025-11-27T13:21:21","modified_gmt":"2025-11-27T17:21:21","slug":"educacion","status":"publish","type":"page","link":"https:\/\/drbadia.com\/es\/educacion\/","title":{"rendered":"Educaci\u00f3n"},"content":{"rendered":"\n<p class=\"has-text-align-center\">Siga los enlaces a continuaci\u00f3n para obtener m\u00e1s informaci\u00f3n sobre el Centro Badia Hand to Shoulder.<\/p>\n\n\n\n<div style=\"height:40px\" aria-hidden=\"true\" class=\"wp-block-spacer\"><\/div>\n\n\n\n<div class=\"wp-block-columns buttons-new-width-block is-layout-flex wp-container-core-columns-is-layout-9d6595d7 wp-block-columns-is-layout-flex\">\n<div class=\"wp-block-column is-layout-flow wp-block-column-is-layout-flow\">\n<div class=\"wp-block-uagb-buttons uagb-buttons__outer-wrap uagb-btn__default-btn uagb-btn-tablet__default-btn uagb-btn-mobile__default-btn uagb-block-161d5968\"><div class=\"uagb-buttons__wrap uagb-buttons-layout-wrap \">\n<div class=\"wp-block-uagb-buttons-child uagb-buttons__outer-wrap uagb-block-2bde10e3 wp-block-button buttons-new-width\"><div class=\"uagb-button__wrapper\"><a class=\"uagb-buttons-repeater wp-block-button__link\" aria-label=\"\" href=\"\/es\/articulos-para-pacientes\/\" rel=\"follow noopener\" target=\"_self\" role=\"button\"><span class=\"uagb-button__icon uagb-button__icon-position-before\"><svg xmlns=\"https:\/\/www.w3.org\/2000\/svg\" viewBox=\"0 0 512 512\" aria-hidden=\"true\" focussable=\"false\"><path d=\"M480 32H128C110.3 32 96 46.33 96 64v336C96 408.8 88.84 416 80 416S64 408.8 64 400V96H32C14.33 96 0 110.3 0 128v288c0 35.35 28.65 64 64 64h384c35.35 0 64-28.65 64-64V64C512 46.33 497.7 32 480 32zM272 416h-96C167.2 416 160 408.8 160 400C160 391.2 167.2 384 176 384h96c8.836 0 16 7.162 16 16C288 408.8 280.8 416 272 416zM272 320h-96C167.2 320 160 312.8 160 304C160 295.2 167.2 288 176 288h96C280.8 288 288 295.2 288 304C288 312.8 280.8 320 272 320zM432 416h-96c-8.836 0-16-7.164-16-16c0-8.838 7.164-16 16-16h96c8.836 0 16 7.162 16 16C448 408.8 440.8 416 432 416zM432 320h-96C327.2 320 320 312.8 320 304C320 295.2 327.2 288 336 288h96C440.8 288 448 295.2 448 304C448 312.8 440.8 320 432 320zM448 208C448 216.8 440.8 224 432 224h-256C167.2 224 160 216.8 160 208v-96C160 103.2 167.2 96 176 96h256C440.8 96 448 103.2 448 112V208z\"><\/path><\/svg><\/span><div class=\"uagb-button__link\">Art\u00edculos para Pacientes<\/div><\/a><\/div><\/div>\n<\/div><\/div>\n\n\n\n<div class=\"wp-block-uagb-buttons uagb-buttons__outer-wrap uagb-btn__default-btn uagb-btn-tablet__default-btn uagb-btn-mobile__default-btn uagb-block-039fb5bf\"><div class=\"uagb-buttons__wrap uagb-buttons-layout-wrap \">\n<div class=\"wp-block-uagb-buttons-child uagb-buttons__outer-wrap uagb-block-6c45d40d wp-block-button buttons-new-width\"><div class=\"uagb-button__wrapper\"><a class=\"uagb-buttons-repeater wp-block-button__link\" aria-label=\"\" href=\"\/es\/publicaciones-cientificas\/\" rel=\"follow noopener\" target=\"_self\" role=\"button\"><span class=\"uagb-button__icon uagb-button__icon-position-before\"><svg xmlns=\"https:\/\/www.w3.org\/2000\/svg\" viewBox=\"0 0 512 512\" aria-hidden=\"true\" focussable=\"false\"><path d=\"M480 32H128C110.3 32 96 46.33 96 64v336C96 408.8 88.84 416 80 416S64 408.8 64 400V96H32C14.33 96 0 110.3 0 128v288c0 35.35 28.65 64 64 64h384c35.35 0 64-28.65 64-64V64C512 46.33 497.7 32 480 32zM272 416h-96C167.2 416 160 408.8 160 400C160 391.2 167.2 384 176 384h96c8.836 0 16 7.162 16 16C288 408.8 280.8 416 272 416zM272 320h-96C167.2 320 160 312.8 160 304C160 295.2 167.2 288 176 288h96C280.8 288 288 295.2 288 304C288 312.8 280.8 320 272 320zM432 416h-96c-8.836 0-16-7.164-16-16c0-8.838 7.164-16 16-16h96c8.836 0 16 7.162 16 16C448 408.8 440.8 416 432 416zM432 320h-96C327.2 320 320 312.8 320 304C320 295.2 327.2 288 336 288h96C440.8 288 448 295.2 448 304C448 312.8 440.8 320 432 320zM448 208C448 216.8 440.8 224 432 224h-256C167.2 224 160 216.8 160 208v-96C160 103.2 167.2 96 176 96h256C440.8 96 448 103.2 448 112V208z\"><\/path><\/svg><\/span><div class=\"uagb-button__link\">Publicaciones Cient\u00edficas<\/div><\/a><\/div><\/div>\n<\/div><\/div>\n<\/div>\n\n\n\n<div class=\"wp-block-column is-layout-flow wp-block-column-is-layout-flow\">\n<div class=\"wp-block-uagb-buttons uagb-buttons__outer-wrap uagb-btn__default-btn uagb-btn-tablet__default-btn uagb-btn-mobile__default-btn uagb-block-e79c0d4d\"><div class=\"uagb-buttons__wrap uagb-buttons-layout-wrap \">\n<div class=\"wp-block-uagb-buttons-child uagb-buttons__outer-wrap uagb-block-f9c46358 wp-block-button buttons-new-width\"><div class=\"uagb-button__wrapper\"><a class=\"uagb-buttons-repeater wp-block-button__link\" aria-label=\"\" href=\"\/es\/videos\/videos-quirurgicos\/\" rel=\"follow noopener\" target=\"_self\" role=\"button\"><span class=\"uagb-button__icon uagb-button__icon-position-before\"><svg xmlns=\"https:\/\/www.w3.org\/2000\/svg\" viewBox=\"0 0 512 512\" aria-hidden=\"true\" focussable=\"false\"><path d=\"M464 96H384V48C384 21.5 362.5 0 336 0h-160C149.5 0 128 21.5 128 48V96H48C21.5 96 0 117.5 0 144v288C0 458.5 21.5 480 48 480h416c26.5 0 48-21.5 48-48v-288C512 117.5 490.5 96 464 96zM176 48h160V96h-160V48zM368 314c0 8.836-7.164 16-16 16h-54V384c0 8.836-7.164 16-15.1 16h-52c-8.835 0-16-7.164-16-16v-53.1H160c-8.836 0-16-7.164-16-16v-52c0-8.838 7.164-16 16-16h53.1V192c0-8.838 7.165-16 16-16h52c8.836 0 15.1 7.162 15.1 16v54H352c8.836 0 16 7.162 16 16V314z\"><\/path><\/svg><\/span><div class=\"uagb-button__link\">Videos de Cirug\u00eda<\/div><\/a><\/div><\/div>\n<\/div><\/div>\n\n\n\n<div class=\"wp-block-uagb-buttons uagb-buttons__outer-wrap uagb-btn__default-btn uagb-btn-tablet__default-btn uagb-btn-mobile__default-btn uagb-block-b72b2d48\"><div class=\"uagb-buttons__wrap uagb-buttons-layout-wrap \">\n<div class=\"wp-block-uagb-buttons-child uagb-buttons__outer-wrap uagb-block-b7ee3c90 wp-block-button buttons-new-width\"><div class=\"uagb-button__wrapper\"><a class=\"uagb-buttons-repeater wp-block-button__link\" aria-label=\"\" href=\"\/es\/videos\/videos-educativos\/\" rel=\"follow noopener\" target=\"_self\" role=\"button\"><span class=\"uagb-button__icon uagb-button__icon-position-before\"><svg xmlns=\"https:\/\/www.w3.org\/2000\/svg\" viewBox=\"0 0 576 512\" aria-hidden=\"true\" focussable=\"false\"><path d=\"M384 112v288c0 26.51-21.49 48-48 48h-288c-26.51 0-48-21.49-48-48v-288c0-26.51 21.49-48 48-48h288C362.5 64 384 85.49 384 112zM576 127.5v256.9c0 25.5-29.17 40.39-50.39 25.79L416 334.7V177.3l109.6-75.56C546.9 87.13 576 102.1 576 127.5z\"><\/path><\/svg><\/span><div class=\"uagb-button__link\">Videos Educativos<\/div><\/a><\/div><\/div>\n<\/div><\/div>\n<\/div>\n<\/div>\n","protected":false},"excerpt":{"rendered":"<p>Siga los enlaces a continuaci\u00f3n para obtener m\u00e1s informaci\u00f3n sobre el Centro Badia Hand to Shoulder.<\/p>\n","protected":false},"author":2,"featured_media":1174,"parent":0,"menu_order":0,"comment_status":"closed","ping_status":"closed","template":"","meta":{"_acf_changed":false,"_uag_custom_page_level_css":"","_genesis_hide_title":false,"_genesis_hide_breadcrumbs":false,"_genesis_hide_singular_image":false,"_genesis_hide_footer_widgets":false,"_genesis_custom_body_class":"","_genesis_custom_post_class":"","_genesis_layout":"","footnotes":""},"class_list":{"0":"post-315","1":"page","2":"type-page","3":"status-publish","4":"has-post-thumbnail","6":"entry"},"acf":[],"yoast_head":"<!-- This site is optimized with the Yoast SEO Premium plugin v25.8 (Yoast SEO v26.8) - https:\/\/yoast.com\/product\/yoast-seo-premium-wordpress\/ -->\n<title>Recursos educativos: Art\u00edculos y videos para pacientes del Dr. Badia<\/title>\n<meta name=\"description\" content=\"El consultorio del Dr. Badia en Miami ofrece diversos recursos educativos, incluidos art\u00edculos para pacientes y videos quir\u00fargicos, todos dise\u00f1ados para ayudarle a mantenerse informado al respecto.\" \/>\n<meta name=\"robots\" content=\"index, follow, max-snippet:-1, max-image-preview:large, max-video-preview:-1\" \/>\n<link rel=\"canonical\" href=\"https:\/\/drbadia.com\/es\/educacion\/\" \/>\n<meta property=\"og:locale\" content=\"es_ES\" \/>\n<meta property=\"og:type\" content=\"article\" \/>\n<meta property=\"og:title\" content=\"Educaci\u00f3n\" \/>\n<meta property=\"og:description\" content=\"El consultorio del Dr. Badia en Miami ofrece diversos recursos educativos, incluidos art\u00edculos para pacientes y videos quir\u00fargicos, todos dise\u00f1ados para ayudarle a mantenerse informado al respecto.\" \/>\n<meta property=\"og:url\" content=\"https:\/\/drbadia.com\/es\/educacion\/\" \/>\n<meta property=\"og:site_name\" content=\"Dr. Badia Espa\u00f1ol\" \/>\n<meta property=\"article:modified_time\" content=\"2025-11-27T17:21:21+00:00\" \/>\n<meta property=\"og:image\" content=\"https:\/\/drbadia.com\/es\/wp-content\/uploads\/sites\/2\/2023\/06\/flyer-BRA-master-course-2022-redes.jpeg\" \/>\n\t<meta property=\"og:image:width\" content=\"1000\" \/>\n\t<meta property=\"og:image:height\" content=\"1000\" \/>\n\t<meta property=\"og:image:type\" content=\"image\/jpeg\" \/>\n<meta name=\"twitter:card\" content=\"summary_large_image\" \/>\n<meta name=\"twitter:label1\" content=\"Tiempo de lectura\" \/>\n\t<meta name=\"twitter:data1\" content=\"1 minuto\" \/>\n<script type=\"application\/ld+json\" class=\"yoast-schema-graph\">{\"@context\":\"https:\/\/schema.org\",\"@graph\":[{\"@type\":\"WebPage\",\"@id\":\"https:\/\/drbadia.com\/es\/educacion\/\",\"url\":\"https:\/\/drbadia.com\/es\/educacion\/\",\"name\":\"Recursos educativos: Art\u00edculos y videos para pacientes del Dr. Badia\",\"isPartOf\":{\"@id\":\"https:\/\/drbadia.com\/es\/#website\"},\"primaryImageOfPage\":{\"@id\":\"https:\/\/drbadia.com\/es\/educacion\/#primaryimage\"},\"image\":{\"@id\":\"https:\/\/drbadia.com\/es\/educacion\/#primaryimage\"},\"thumbnailUrl\":\"https:\/\/drbadia.com\/es\/wp-content\/uploads\/sites\/2\/2023\/06\/flyer-BRA-master-course-2022-redes.jpeg\",\"datePublished\":\"2023-06-10T22:41:21+00:00\",\"dateModified\":\"2025-11-27T17:21:21+00:00\",\"description\":\"El consultorio del Dr. Badia en Miami ofrece diversos recursos educativos, incluidos art\u00edculos para pacientes y videos quir\u00fargicos, todos dise\u00f1ados para ayudarle a mantenerse informado al respecto.\",\"breadcrumb\":{\"@id\":\"https:\/\/drbadia.com\/es\/educacion\/#breadcrumb\"},\"inLanguage\":\"es\",\"potentialAction\":[{\"@type\":\"ReadAction\",\"target\":[\"https:\/\/drbadia.com\/es\/educacion\/\"]}]},{\"@type\":\"ImageObject\",\"inLanguage\":\"es\",\"@id\":\"https:\/\/drbadia.com\/es\/educacion\/#primaryimage\",\"url\":\"https:\/\/drbadia.com\/es\/wp-content\/uploads\/sites\/2\/2023\/06\/flyer-BRA-master-course-2022-redes.jpeg\",\"contentUrl\":\"https:\/\/drbadia.com\/es\/wp-content\/uploads\/sites\/2\/2023\/06\/flyer-BRA-master-course-2022-redes.jpeg\",\"width\":1000,\"height\":1000,\"caption\":\"Education Events sheet\"},{\"@type\":\"BreadcrumbList\",\"@id\":\"https:\/\/drbadia.com\/es\/educacion\/#breadcrumb\",\"itemListElement\":[{\"@type\":\"ListItem\",\"position\":1,\"name\":\"Inicio\",\"item\":\"https:\/\/drbadia.com\/es\/\"},{\"@type\":\"ListItem\",\"position\":2,\"name\":\"Educaci\u00f3n\"}]},{\"@type\":\"WebSite\",\"@id\":\"https:\/\/drbadia.com\/es\/#website\",\"url\":\"https:\/\/drbadia.com\/es\/\",\"name\":\"Dr. Badia Espa\u00f1ol\",\"description\":\"Cirujano ortop\u00e9dico de renombre internacional\",\"publisher\":{\"@id\":\"https:\/\/drbadia.com\/es\/#organization\"},\"potentialAction\":[{\"@type\":\"SearchAction\",\"target\":{\"@type\":\"EntryPoint\",\"urlTemplate\":\"https:\/\/drbadia.com\/es\/?s={search_term_string}\"},\"query-input\":{\"@type\":\"PropertyValueSpecification\",\"valueRequired\":true,\"valueName\":\"search_term_string\"}}],\"inLanguage\":\"es\"},{\"@type\":\"Organization\",\"@id\":\"https:\/\/drbadia.com\/es\/#organization\",\"name\":\"Dr. Badia Espa\u00f1ol\",\"url\":\"https:\/\/drbadia.com\/es\/\",\"logo\":{\"@type\":\"ImageObject\",\"inLanguage\":\"es\",\"@id\":\"https:\/\/drbadia.com\/es\/#\/schema\/logo\/image\/\",\"url\":\"https:\/\/drbadia.com\/es\/wp-content\/uploads\/sites\/2\/2023\/06\/logo-without-background.webp\",\"contentUrl\":\"https:\/\/drbadia.com\/es\/wp-content\/uploads\/sites\/2\/2023\/06\/logo-without-background.webp\",\"width\":199,\"height\":125,\"caption\":\"Dr. Badia Espa\u00f1ol\"},\"image\":{\"@id\":\"https:\/\/drbadia.com\/es\/#\/schema\/logo\/image\/\"}}]}<\/script>\n<!-- \/ Yoast SEO Premium plugin. -->","yoast_head_json":{"title":"Recursos educativos: Art\u00edculos y videos para pacientes del Dr. Badia","description":"El consultorio del Dr. Badia en Miami ofrece diversos recursos educativos, incluidos art\u00edculos para pacientes y videos quir\u00fargicos, todos dise\u00f1ados para ayudarle a mantenerse informado al respecto.","robots":{"index":"index","follow":"follow","max-snippet":"max-snippet:-1","max-image-preview":"max-image-preview:large","max-video-preview":"max-video-preview:-1"},"canonical":"https:\/\/drbadia.com\/es\/educacion\/","og_locale":"es_ES","og_type":"article","og_title":"Educaci\u00f3n","og_description":"El consultorio del Dr. Badia en Miami ofrece diversos recursos educativos, incluidos art\u00edculos para pacientes y videos quir\u00fargicos, todos dise\u00f1ados para ayudarle a mantenerse informado al respecto.","og_url":"https:\/\/drbadia.com\/es\/educacion\/","og_site_name":"Dr. Badia Espa\u00f1ol","article_modified_time":"2025-11-27T17:21:21+00:00","og_image":[{"width":1000,"height":1000,"url":"https:\/\/drbadia.com\/es\/wp-content\/uploads\/sites\/2\/2023\/06\/flyer-BRA-master-course-2022-redes.jpeg","type":"image\/jpeg"}],"twitter_card":"summary_large_image","twitter_misc":{"Tiempo de lectura":"1 minuto"},"schema":{"@context":"https:\/\/schema.org","@graph":[{"@type":"WebPage","@id":"https:\/\/drbadia.com\/es\/educacion\/","url":"https:\/\/drbadia.com\/es\/educacion\/","name":"Recursos educativos: Art\u00edculos y videos para pacientes del Dr. Badia","isPartOf":{"@id":"https:\/\/drbadia.com\/es\/#website"},"primaryImageOfPage":{"@id":"https:\/\/drbadia.com\/es\/educacion\/#primaryimage"},"image":{"@id":"https:\/\/drbadia.com\/es\/educacion\/#primaryimage"},"thumbnailUrl":"https:\/\/drbadia.com\/es\/wp-content\/uploads\/sites\/2\/2023\/06\/flyer-BRA-master-course-2022-redes.jpeg","datePublished":"2023-06-10T22:41:21+00:00","dateModified":"2025-11-27T17:21:21+00:00","description":"El consultorio del Dr. Badia en Miami ofrece diversos recursos educativos, incluidos art\u00edculos para pacientes y videos quir\u00fargicos, todos dise\u00f1ados para ayudarle a mantenerse informado al respecto.","breadcrumb":{"@id":"https:\/\/drbadia.com\/es\/educacion\/#breadcrumb"},"inLanguage":"es","potentialAction":[{"@type":"ReadAction","target":["https:\/\/drbadia.com\/es\/educacion\/"]}]},{"@type":"ImageObject","inLanguage":"es","@id":"https:\/\/drbadia.com\/es\/educacion\/#primaryimage","url":"https:\/\/drbadia.com\/es\/wp-content\/uploads\/sites\/2\/2023\/06\/flyer-BRA-master-course-2022-redes.jpeg","contentUrl":"https:\/\/drbadia.com\/es\/wp-content\/uploads\/sites\/2\/2023\/06\/flyer-BRA-master-course-2022-redes.jpeg","width":1000,"height":1000,"caption":"Education Events sheet"},{"@type":"BreadcrumbList","@id":"https:\/\/drbadia.com\/es\/educacion\/#breadcrumb","itemListElement":[{"@type":"ListItem","position":1,"name":"Inicio","item":"https:\/\/drbadia.com\/es\/"},{"@type":"ListItem","position":2,"name":"Educaci\u00f3n"}]},{"@type":"WebSite","@id":"https:\/\/drbadia.com\/es\/#website","url":"https:\/\/drbadia.com\/es\/","name":"Dr. Badia Espa\u00f1ol","description":"Cirujano ortop\u00e9dico de renombre internacional","publisher":{"@id":"https:\/\/drbadia.com\/es\/#organization"},"potentialAction":[{"@type":"SearchAction","target":{"@type":"EntryPoint","urlTemplate":"https:\/\/drbadia.com\/es\/?s={search_term_string}"},"query-input":{"@type":"PropertyValueSpecification","valueRequired":true,"valueName":"search_term_string"}}],"inLanguage":"es"},{"@type":"Organization","@id":"https:\/\/drbadia.com\/es\/#organization","name":"Dr. Badia Espa\u00f1ol","url":"https:\/\/drbadia.com\/es\/","logo":{"@type":"ImageObject","inLanguage":"es","@id":"https:\/\/drbadia.com\/es\/#\/schema\/logo\/image\/","url":"https:\/\/drbadia.com\/es\/wp-content\/uploads\/sites\/2\/2023\/06\/logo-without-background.webp","contentUrl":"https:\/\/drbadia.com\/es\/wp-content\/uploads\/sites\/2\/2023\/06\/logo-without-background.webp","width":199,"height":125,"caption":"Dr. Badia Espa\u00f1ol"},"image":{"@id":"https:\/\/drbadia.com\/es\/#\/schema\/logo\/image\/"}}]}},"uagb_featured_image_src":{"full":["https:\/\/drbadia.com\/es\/wp-content\/uploads\/sites\/2\/2023\/06\/flyer-BRA-master-course-2022-redes.jpeg",1000,1000,false],"thumbnail":["https:\/\/drbadia.com\/es\/wp-content\/uploads\/sites\/2\/2023\/06\/flyer-BRA-master-course-2022-redes-150x150.jpeg",150,150,true],"medium":["https:\/\/drbadia.com\/es\/wp-content\/uploads\/sites\/2\/2023\/06\/flyer-BRA-master-course-2022-redes-300x300.jpeg",300,300,true],"medium_large":["https:\/\/drbadia.com\/es\/wp-content\/uploads\/sites\/2\/2023\/06\/flyer-BRA-master-course-2022-redes-768x768.jpeg",768,768,true],"large":["https:\/\/drbadia.com\/es\/wp-content\/uploads\/sites\/2\/2023\/06\/flyer-BRA-master-course-2022-redes.jpeg",1000,1000,false],"1536x1536":["https:\/\/drbadia.com\/es\/wp-content\/uploads\/sites\/2\/2023\/06\/flyer-BRA-master-course-2022-redes.jpeg",1000,1000,false],"2048x2048":["https:\/\/drbadia.com\/es\/wp-content\/uploads\/sites\/2\/2023\/06\/flyer-BRA-master-course-2022-redes.jpeg",1000,1000,false],"gform-image-choice-sm":["https:\/\/drbadia.com\/es\/wp-content\/uploads\/sites\/2\/2023\/06\/flyer-BRA-master-course-2022-redes.jpeg",300,300,false],"gform-image-choice-md":["https:\/\/drbadia.com\/es\/wp-content\/uploads\/sites\/2\/2023\/06\/flyer-BRA-master-course-2022-redes.jpeg",400,400,false],"gform-image-choice-lg":["https:\/\/drbadia.com\/es\/wp-content\/uploads\/sites\/2\/2023\/06\/flyer-BRA-master-course-2022-redes.jpeg",600,600,false]},"uagb_author_info":{"display_name":"Glenn Aguilar","author_link":"https:\/\/drbadia.com\/es\/author\/glenn\/"},"uagb_comment_info":0,"uagb_excerpt":"Siga los enlaces a continuaci\u00f3n para obtener m\u00e1s informaci\u00f3n sobre el Centro Badia Hand to Shoulder.","_links":{"self":[{"href":"https:\/\/drbadia.com\/es\/wp-json\/wp\/v2\/pages\/315","targetHints":{"allow":["GET"]}}],"collection":[{"href":"https:\/\/drbadia.com\/es\/wp-json\/wp\/v2\/pages"}],"about":[{"href":"https:\/\/drbadia.com\/es\/wp-json\/wp\/v2\/types\/page"}],"author":[{"embeddable":true,"href":"https:\/\/drbadia.com\/es\/wp-json\/wp\/v2\/users\/2"}],"replies":[{"embeddable":true,"href":"https:\/\/drbadia.com\/es\/wp-json\/wp\/v2\/comments?post=315"}],"version-history":[{"count":0,"href":"https:\/\/drbadia.com\/es\/wp-json\/wp\/v2\/pages\/315\/revisions"}],"wp:featuredmedia":[{"embeddable":true,"href":"https:\/\/drbadia.com\/es\/wp-json\/wp\/v2\/media\/1174"}],"wp:attachment":[{"href":"https:\/\/drbadia.com\/es\/wp-json\/wp\/v2\/media?parent=315"}],"curies":[{"name":"wp","href":"https:\/\/api.w.org\/{rel}","templated":true}]}}