{"id":647,"date":"2023-06-15T05:21:43","date_gmt":"2023-06-15T05:21:43","guid":{"rendered":"https:\/\/drbadia.com\/es\/?page_id=647"},"modified":"2025-11-22T18:35:45","modified_gmt":"2025-11-22T22:35:45","slug":"imagenes-por-resonancia-magnetica","status":"publish","type":"page","link":"https:\/\/drbadia.com\/es\/servicios\/imagenes-por-resonancia-magnetica\/","title":{"rendered":"Imagen de resonancia magn\u00e9tica"},"content":{"rendered":"\n<div class=\"wp-block-cover alignfull hero-banner-core\" style=\"min-height:200px;aspect-ratio:unset;\"><img loading=\"lazy\" decoding=\"async\" width=\"1024\" height=\"175\" class=\"wp-block-cover__image-background wp-image-20214 size-large\" alt=\"\" src=\"https:\/\/drbadia.com\/es\/wp-content\/uploads\/sites\/2\/2025\/09\/bg-header-1-1024x175.jpg\" data-object-fit=\"cover\" srcset=\"https:\/\/drbadia.com\/es\/wp-content\/uploads\/sites\/2\/2025\/09\/bg-header-1-1024x175.jpg 1024w, https:\/\/drbadia.com\/es\/wp-content\/uploads\/sites\/2\/2025\/09\/bg-header-1-300x51.jpg 300w, https:\/\/drbadia.com\/es\/wp-content\/uploads\/sites\/2\/2025\/09\/bg-header-1-768x132.jpg 768w, https:\/\/drbadia.com\/es\/wp-content\/uploads\/sites\/2\/2025\/09\/bg-header-1-1536x263.jpg 1536w, https:\/\/drbadia.com\/es\/wp-content\/uploads\/sites\/2\/2025\/09\/bg-header-1-18x3.jpg 18w, https:\/\/drbadia.com\/es\/wp-content\/uploads\/sites\/2\/2025\/09\/bg-header-1.jpg 1920w\" sizes=\"auto, (max-width: 1024px) 100vw, 1024px\" \/><span aria-hidden=\"true\" class=\"wp-block-cover__background has-color-1-background-color has-background-dim-70 has-background-dim\"><\/span><div class=\"wp-block-cover__inner-container is-layout-constrained wp-block-cover-is-layout-constrained\"><div class=\"yoast-breadcrumbs\"><span><span><a href=\"https:\/\/drbadia.com\/es\/\">Inicio<\/a><\/span> \u00bb <span><a href=\"https:\/\/drbadia.com\/es\/servicios\/\">Servicios<\/a><\/span> \u00bb <span class=\"breadcrumb_last\" aria-current=\"page\">Imagen de resonancia magn\u00e9tica<\/span><\/span><\/div>\n\n\n<h2 class=\"wp-block-heading has-text-align-center\" id=\"h-imagen-de-resonancia-magnetica\">Imagen de resonancia magn\u00e9tica<\/h2>\n<\/div><\/div>\n\n\n\n<p class=\"has-text-align-center\">En un mismo lugar, el Centro Badia Hand to Shoulder en Miami tiene una resonancia magn\u00e9tica abierta disponible para la comodidad de nuestros pacientes.<\/p>\n\n\n\t\t\t\t\t<div\n\t\t\t\t\t\tclass=\"wp-block-uagb-image-gallery uagb-block-c89434ff     \"\n\t\t\t\t\t\tstyle=\"\"\n\t\t\t\t\t>\n\t\t\t\t\t\t\t\t\t\t\t<div class=\"spectra-image-gallery spectra-image-gallery__layout--grid spectra-image-gallery__layout--grid-col-3 spectra-image-gallery__layout--grid-col-tab-3 spectra-image-gallery__layout--grid-col-mob-2\">\n\t\t\t\t\t\t\t\t\t\t\t<div class='spectra-image-gallery__media-wrapper' data-spectra-gallery-image-id='11057' tabindex=\"0\">\n\t\t\t\t\t\t\t<div class=\"spectra-image-gallery__media spectra-image-gallery__media--grid\">\n\t\t\t\t<picture>\n\t\t\t\t\t<source media=\"(min-width: 1024px)\" srcset=\"https:\/\/drbadia.com\/es\/wp-content\/uploads\/sites\/2\/2023\/11\/MRI.Machine-1024x678.jpg\">\n\t\t\t\t\t<source media=\"(min-width: 768px)\" srcset=\"https:\/\/drbadia.com\/es\/wp-content\/uploads\/sites\/2\/2023\/11\/MRI.Machine-1024x678.jpg\">\n\t\t\t\t\t<img decoding=\"async\" class=\"spectra-image-gallery__media-thumbnail spectra-image-gallery__media-thumbnail--grid\" src=\"https:\/\/drbadia.com\/es\/wp-content\/uploads\/sites\/2\/2023\/11\/MRI.Machine-300x199.jpg\" alt=\"\" loading=\"lazy\" \/>\n\t\t\t\t<\/picture>\n\t\t\t\t<div class=\"spectra-image-gallery__media-thumbnail-blurrer\"><\/div>\n\t\t\t\t\t\t\t\t\t\t\t<div class=\"spectra-image-gallery__media-thumbnail-caption-wrapper spectra-image-gallery__media-thumbnail-caption-wrapper--overlay\"><\/div>\n\t\t\t\t\t\t\t\t<\/div>\n\t\t\t\t\t\t<\/div>\n\t\t\t\t\t\t<div class='spectra-image-gallery__media-wrapper' data-spectra-gallery-image-id='11056' tabindex=\"0\">\n\t\t\t\t\t\t\t<div class=\"spectra-image-gallery__media spectra-image-gallery__media--grid\">\n\t\t\t\t<picture>\n\t\t\t\t\t<source media=\"(min-width: 1024px)\" srcset=\"https:\/\/drbadia.com\/es\/wp-content\/uploads\/sites\/2\/2023\/11\/MRI.Full_-1024x678.jpg\">\n\t\t\t\t\t<source media=\"(min-width: 768px)\" srcset=\"https:\/\/drbadia.com\/es\/wp-content\/uploads\/sites\/2\/2023\/11\/MRI.Full_-1024x678.jpg\">\n\t\t\t\t\t<img decoding=\"async\" class=\"spectra-image-gallery__media-thumbnail spectra-image-gallery__media-thumbnail--grid\" src=\"https:\/\/drbadia.com\/es\/wp-content\/uploads\/sites\/2\/2023\/11\/MRI.Full_-300x199.jpg\" alt=\"\" loading=\"lazy\" \/>\n\t\t\t\t<\/picture>\n\t\t\t\t<div class=\"spectra-image-gallery__media-thumbnail-blurrer\"><\/div>\n\t\t\t\t\t\t\t\t\t\t\t<div class=\"spectra-image-gallery__media-thumbnail-caption-wrapper spectra-image-gallery__media-thumbnail-caption-wrapper--overlay\"><\/div>\n\t\t\t\t\t\t\t\t<\/div>\n\t\t\t\t\t\t<\/div>\n\t\t\t\t\t\t<div class='spectra-image-gallery__media-wrapper' data-spectra-gallery-image-id='11055' tabindex=\"0\">\n\t\t\t\t\t\t\t<div class=\"spectra-image-gallery__media spectra-image-gallery__media--grid\">\n\t\t\t\t<picture>\n\t\t\t\t\t<source media=\"(min-width: 1024px)\" srcset=\"https:\/\/drbadia.com\/es\/wp-content\/uploads\/sites\/2\/2023\/11\/MRI.Close_-1024x678.jpg\">\n\t\t\t\t\t<source media=\"(min-width: 768px)\" srcset=\"https:\/\/drbadia.com\/es\/wp-content\/uploads\/sites\/2\/2023\/11\/MRI.Close_-1024x678.jpg\">\n\t\t\t\t\t<img decoding=\"async\" class=\"spectra-image-gallery__media-thumbnail spectra-image-gallery__media-thumbnail--grid\" src=\"https:\/\/drbadia.com\/es\/wp-content\/uploads\/sites\/2\/2023\/11\/MRI.Close_-300x199.jpg\" alt=\"\" loading=\"lazy\" \/>\n\t\t\t\t<\/picture>\n\t\t\t\t<div class=\"spectra-image-gallery__media-thumbnail-blurrer\"><\/div>\n\t\t\t\t\t\t\t\t\t\t\t<div class=\"spectra-image-gallery__media-thumbnail-caption-wrapper spectra-image-gallery__media-thumbnail-caption-wrapper--overlay\"><\/div>\n\t\t\t\t\t\t\t\t<\/div>\n\t\t\t\t\t\t<\/div>\n\t\t\t\t\t\t\t\t\t\t<\/div>\n\t\t\t\t\t\t\t\t\t\t\t\t\t\t\t\t\t\t<\/div>\n\t\t\t\t\t\t\t\t\t\n\n\n<div style=\"height:30px\" aria-hidden=\"true\" class=\"wp-block-spacer\"><\/div>\n\n\n\n<p>Disponer de una resonancia magn\u00e9tica abierta in situ nos permite realizar su resonancia magn\u00e9tica y, en muchos casos, revisar las im\u00e1genes y establecer un plan de tratamiento definitivo, todo ello en una sola visita, \u00a1lo que le ahorrar\u00e1 tiempo y dinero!<\/p>\n\n\n\n<p>Having this machine on-site allows your healthcare provider to discuss your case directly with the MRI technician, ensuring the exact images needed are taken to make the most accurate diagnosis.<\/p>\n\n\n\n<p>Nos enorgullece anunciar que recientemente hemos actualizado nuestros equipos de diagn\u00f3stico a la tecnolog\u00eda Esaote.<\/p>\n\n\n\n<p>Esaote ha integrado a\u00f1os de experiencia en el desarrollo y producci\u00f3n de sistemas de resonancia magn\u00e9tica que producen una soluci\u00f3n m\u00e1s completa y eficiente para las necesidades de resonancia magn\u00e9tica musculoesquel\u00e9tica.<\/p>\n\n\n\n<p>Nuestra resonancia magn\u00e9tica cubre todas las aplicaciones:&nbsp;<a href=\"https:\/\/drbadia.com\/es\/dolor-de-manos\/\">mano<\/a>,&nbsp;<a href=\"https:\/\/drbadia.com\/es\/la-muneca\/\">mu\u00f1eca<\/a>,&nbsp;<a href=\"https:\/\/drbadia.com\/es\/codo\/\">codo<\/a>,&nbsp;<a href=\"https:\/\/drbadia.com\/es\/hombro\/\">hombro<\/a>, pie y tobillo, rodilla, cadera, columna lumbar y cervical. El dise\u00f1o exclusivo y la amplia mesa giratoria del paciente garantizan una f\u00e1cil colocaci\u00f3n del paciente, comodidad, m\u00e1xima estabilidad y f\u00e1cil gesti\u00f3n del examen. Caracter\u00edsticas del sistema:<\/p>\n\n\n\n<ul class=\"wp-block-list\">\n<li>El dise\u00f1o de nuestra resonancia magn\u00e9tica es abierto y aireado, con f\u00e1cil acceso para el paciente, por lo que disminuye la claustrofobia.<\/li>\n\n\n\n<li>Nuestra resonancia magn\u00e9tica es silenciosa, sin ruidos fuertes que suelen estar asociados con la mayor\u00eda de las m\u00e1quinas de resonancia magn\u00e9tica.<\/li>\n\n\n\n<li>Nuestra mesa de resonancia magn\u00e9tica gira para facilitar el posicionamiento del paciente y est\u00e1 equipada con nueva tecnolog\u00eda que permite reducir el tiempo del examen.<\/li>\n\n\n\n<li>Nuestra resonancia magn\u00e9tica est\u00e1 dise\u00f1ada espec\u00edficamente para realizar ex\u00e1menes ortop\u00e9dicos c\u00f3modos.<\/li>\n\n\n\n<li>Nuestra resonancia magn\u00e9tica ofrece una excelente calidad de imagen con secuencias de diagn\u00f3stico avanzadas, para brindar a los m\u00e9dicos la informaci\u00f3n que necesitan para ayudar en el diagn\u00f3stico.<\/li>\n<\/ul>\n\n\n\t\t\t\t\t<div\n\t\t\t\t\t\tclass=\"wp-block-uagb-image-gallery uagb-block-335e862d     \"\n\t\t\t\t\t\tstyle=\"\"\n\t\t\t\t\t>\n\t\t\t\t\t\t\t\t\t\t\t<div class=\"spectra-image-gallery spectra-image-gallery__layout--grid spectra-image-gallery__layout--grid-col-3 spectra-image-gallery__layout--grid-col-tab-3 spectra-image-gallery__layout--grid-col-mob-2\">\n\t\t\t\t\t\t\t\t\t\t\t<div class='spectra-image-gallery__media-wrapper' data-spectra-gallery-image-id='1439' tabindex=\"0\">\n\t\t\t\t\t\t\t<div class=\"spectra-image-gallery__media spectra-image-gallery__media--grid\">\n\t\t\t\t<picture>\n\t\t\t\t\t<source media=\"(min-width: 1024px)\" srcset=\"https:\/\/drbadia.com\/es\/wp-content\/uploads\/sites\/2\/2023\/07\/badia17.jpeg\">\n\t\t\t\t\t<source media=\"(min-width: 768px)\" srcset=\"https:\/\/drbadia.com\/es\/wp-content\/uploads\/sites\/2\/2023\/07\/badia17.jpeg\">\n\t\t\t\t\t<img decoding=\"async\" class=\"spectra-image-gallery__media-thumbnail spectra-image-gallery__media-thumbnail--grid\" src=\"https:\/\/drbadia.com\/es\/wp-content\/uploads\/sites\/2\/2023\/07\/badia17-300x200.jpeg\" alt=\"\" loading=\"lazy\" \/>\n\t\t\t\t<\/picture>\n\t\t\t\t<div class=\"spectra-image-gallery__media-thumbnail-blurrer\"><\/div>\n\t\t\t\t\t\t\t\t\t\t\t<div class=\"spectra-image-gallery__media-thumbnail-caption-wrapper spectra-image-gallery__media-thumbnail-caption-wrapper--overlay\"><\/div>\n\t\t\t\t\t\t\t\t<\/div>\n\t\t\t\t\t\t<\/div>\n\t\t\t\t\t\t<div class='spectra-image-gallery__media-wrapper' data-spectra-gallery-image-id='1440' tabindex=\"0\">\n\t\t\t\t\t\t\t<div class=\"spectra-image-gallery__media spectra-image-gallery__media--grid\">\n\t\t\t\t<picture>\n\t\t\t\t\t<source media=\"(min-width: 1024px)\" srcset=\"https:\/\/drbadia.com\/es\/wp-content\/uploads\/sites\/2\/2023\/07\/badia18.jpeg\">\n\t\t\t\t\t<source media=\"(min-width: 768px)\" srcset=\"https:\/\/drbadia.com\/es\/wp-content\/uploads\/sites\/2\/2023\/07\/badia18.jpeg\">\n\t\t\t\t\t<img decoding=\"async\" class=\"spectra-image-gallery__media-thumbnail spectra-image-gallery__media-thumbnail--grid\" src=\"https:\/\/drbadia.com\/es\/wp-content\/uploads\/sites\/2\/2023\/07\/badia18-300x200.jpeg\" alt=\"Nerve conduction studies\" loading=\"lazy\" \/>\n\t\t\t\t<\/picture>\n\t\t\t\t<div class=\"spectra-image-gallery__media-thumbnail-blurrer\"><\/div>\n\t\t\t\t\t\t\t\t\t\t\t<div class=\"spectra-image-gallery__media-thumbnail-caption-wrapper spectra-image-gallery__media-thumbnail-caption-wrapper--overlay\"><\/div>\n\t\t\t\t\t\t\t\t<\/div>\n\t\t\t\t\t\t<\/div>\n\t\t\t\t\t\t<div class='spectra-image-gallery__media-wrapper' data-spectra-gallery-image-id='679' tabindex=\"0\">\n\t\t\t\t\t\t\t<div class=\"spectra-image-gallery__media spectra-image-gallery__media--grid\">\n\t\t\t\t<picture>\n\t\t\t\t\t<source media=\"(min-width: 1024px)\" srcset=\"https:\/\/drbadia.com\/es\/wp-content\/uploads\/sites\/2\/2023\/06\/NRI-imaging-DRB.jpeg\">\n\t\t\t\t\t<source media=\"(min-width: 768px)\" srcset=\"https:\/\/drbadia.com\/es\/wp-content\/uploads\/sites\/2\/2023\/06\/NRI-imaging-DRB.jpeg\">\n\t\t\t\t\t<img decoding=\"async\" class=\"spectra-image-gallery__media-thumbnail spectra-image-gallery__media-thumbnail--grid\" src=\"https:\/\/drbadia.com\/es\/wp-content\/uploads\/sites\/2\/2023\/06\/NRI-imaging-DRB-300x199.jpeg\" alt=\"\" loading=\"lazy\" \/>\n\t\t\t\t<\/picture>\n\t\t\t\t<div class=\"spectra-image-gallery__media-thumbnail-blurrer\"><\/div>\n\t\t\t\t\t\t\t\t\t\t\t<div class=\"spectra-image-gallery__media-thumbnail-caption-wrapper spectra-image-gallery__media-thumbnail-caption-wrapper--overlay\"><\/div>\n\t\t\t\t\t\t\t\t<\/div>\n\t\t\t\t\t\t<\/div>\n\t\t\t\t\t\t\t\t\t\t<\/div>\n\t\t\t\t\t\t\t\t\t\t\t\t\t\t\t\t\t\t<\/div>\n\t\t\t\t\t\t\t\t\t\n\n\n<div style=\"height:30px\" aria-hidden=\"true\" class=\"wp-block-spacer\"><\/div>\n\n\n\n<div class=\"wp-block-buttons is-content-justification-center is-layout-flex wp-container-core-buttons-is-layout-16018d1d wp-block-buttons-is-layout-flex\">\n<div class=\"wp-block-button\"><a class=\"wp-block-button__link has-color-2-background-color has-background wp-element-button\" href=\"\/es\/servicios\/\">M\u00e1s servicios<\/a><\/div>\n<\/div>\n","protected":false},"excerpt":{"rendered":"<p>En un mismo lugar, el Centro Badia Hand to Shoulder en Miami tiene una resonancia magn\u00e9tica abierta disponible para la comodidad de nuestros pacientes. Disponer de una resonancia magn\u00e9tica abierta in situ nos permite realizar su resonancia magn\u00e9tica y, en muchos casos, revisar las im\u00e1genes y establecer un plan de tratamiento definitivo, todo ello en&#8230; <a class=\"more-link\" href=\"https:\/\/drbadia.com\/es\/servicios\/imagenes-por-resonancia-magnetica\/\">[Read More]<\/a><\/p>\n","protected":false},"author":3,"featured_media":1440,"parent":250,"menu_order":0,"comment_status":"closed","ping_status":"closed","template":"","meta":{"_acf_changed":false,"_uag_custom_page_level_css":"","_genesis_hide_title":true,"_genesis_hide_breadcrumbs":false,"_genesis_hide_singular_image":false,"_genesis_hide_footer_widgets":false,"_genesis_custom_body_class":"","_genesis_custom_post_class":"","_genesis_layout":"","footnotes":""},"class_list":{"0":"post-647","1":"page","2":"type-page","3":"status-publish","4":"has-post-thumbnail","6":"entry"},"acf":[],"yoast_head":"<!-- This site is optimized with the Yoast SEO Premium plugin v25.8 (Yoast SEO v26.8) - https:\/\/yoast.com\/product\/yoast-seo-premium-wordpress\/ -->\n<title>Resonancias magn\u00e9ticas abiertas y de cuerpo completo<\/title>\n<meta name=\"description\" content=\"En Badia Hand to Shoulder Center ofrecemos resonancias magn\u00e9ticas abiertas de cuerpo completo. Nuestra m\u00e1quina de resonancia magn\u00e9tica abierta garantiza una experiencia de escaneo relajante y eficiente en Miami, Florida.\" \/>\n<meta name=\"robots\" content=\"index, follow, max-snippet:-1, max-image-preview:large, max-video-preview:-1\" \/>\n<link rel=\"canonical\" href=\"https:\/\/drbadia.com\/es\/servicios\/imagenes-por-resonancia-magnetica\/\" \/>\n<meta property=\"og:locale\" content=\"es_ES\" \/>\n<meta property=\"og:type\" content=\"article\" \/>\n<meta property=\"og:title\" content=\"Imagen de resonancia magn\u00e9tica\" \/>\n<meta property=\"og:description\" content=\"En Badia Hand to Shoulder Center ofrecemos resonancias magn\u00e9ticas abiertas de cuerpo completo. Nuestra m\u00e1quina de resonancia magn\u00e9tica abierta garantiza una experiencia de escaneo relajante y eficiente en Miami, Florida.\" \/>\n<meta property=\"og:url\" content=\"https:\/\/drbadia.com\/es\/servicios\/imagenes-por-resonancia-magnetica\/\" \/>\n<meta property=\"og:site_name\" content=\"Dr. Badia Espa\u00f1ol\" \/>\n<meta property=\"article:modified_time\" content=\"2025-11-22T22:35:45+00:00\" \/>\n<meta property=\"og:image\" content=\"https:\/\/drbadia.com\/es\/wp-content\/uploads\/sites\/2\/2023\/07\/badia18.jpeg\" \/>\n\t<meta property=\"og:image:width\" content=\"1024\" \/>\n\t<meta property=\"og:image:height\" content=\"683\" \/>\n\t<meta property=\"og:image:type\" content=\"image\/jpeg\" \/>\n<meta name=\"twitter:card\" content=\"summary_large_image\" \/>\n<meta name=\"twitter:label1\" content=\"Tiempo de lectura\" \/>\n\t<meta name=\"twitter:data1\" content=\"2 minutos\" \/>\n<script type=\"application\/ld+json\" class=\"yoast-schema-graph\">{\"@context\":\"https:\/\/schema.org\",\"@graph\":[{\"@type\":\"WebPage\",\"@id\":\"https:\/\/drbadia.com\/es\/servicios\/imagenes-por-resonancia-magnetica\/\",\"url\":\"https:\/\/drbadia.com\/es\/servicios\/imagenes-por-resonancia-magnetica\/\",\"name\":\"Resonancias magn\u00e9ticas abiertas y de cuerpo completo\",\"isPartOf\":{\"@id\":\"https:\/\/drbadia.com\/es\/#website\"},\"primaryImageOfPage\":{\"@id\":\"https:\/\/drbadia.com\/es\/servicios\/imagenes-por-resonancia-magnetica\/#primaryimage\"},\"image\":{\"@id\":\"https:\/\/drbadia.com\/es\/servicios\/imagenes-por-resonancia-magnetica\/#primaryimage\"},\"thumbnailUrl\":\"https:\/\/drbadia.com\/es\/wp-content\/uploads\/sites\/2\/2023\/07\/badia18.jpeg\",\"datePublished\":\"2023-06-15T05:21:43+00:00\",\"dateModified\":\"2025-11-22T22:35:45+00:00\",\"description\":\"En Badia Hand to Shoulder Center ofrecemos resonancias magn\u00e9ticas abiertas de cuerpo completo. Nuestra m\u00e1quina de resonancia magn\u00e9tica abierta garantiza una experiencia de escaneo relajante y eficiente en Miami, Florida.\",\"breadcrumb\":{\"@id\":\"https:\/\/drbadia.com\/es\/servicios\/imagenes-por-resonancia-magnetica\/#breadcrumb\"},\"inLanguage\":\"es\",\"potentialAction\":[{\"@type\":\"ReadAction\",\"target\":[\"https:\/\/drbadia.com\/es\/servicios\/imagenes-por-resonancia-magnetica\/\"]}]},{\"@type\":\"ImageObject\",\"inLanguage\":\"es\",\"@id\":\"https:\/\/drbadia.com\/es\/servicios\/imagenes-por-resonancia-magnetica\/#primaryimage\",\"url\":\"https:\/\/drbadia.com\/es\/wp-content\/uploads\/sites\/2\/2023\/07\/badia18.jpeg\",\"contentUrl\":\"https:\/\/drbadia.com\/es\/wp-content\/uploads\/sites\/2\/2023\/07\/badia18.jpeg\",\"width\":1024,\"height\":683,\"caption\":\"Nerve conduction studies\"},{\"@type\":\"BreadcrumbList\",\"@id\":\"https:\/\/drbadia.com\/es\/servicios\/imagenes-por-resonancia-magnetica\/#breadcrumb\",\"itemListElement\":[{\"@type\":\"ListItem\",\"position\":1,\"name\":\"Inicio\",\"item\":\"https:\/\/drbadia.com\/es\/\"},{\"@type\":\"ListItem\",\"position\":2,\"name\":\"Servicios\",\"item\":\"https:\/\/drbadia.com\/es\/servicios\/\"},{\"@type\":\"ListItem\",\"position\":3,\"name\":\"Imagen de resonancia magn\u00e9tica\"}]},{\"@type\":\"WebSite\",\"@id\":\"https:\/\/drbadia.com\/es\/#website\",\"url\":\"https:\/\/drbadia.com\/es\/\",\"name\":\"Dr. Badia Espa\u00f1ol\",\"description\":\"Cirujano ortop\u00e9dico de renombre internacional\",\"publisher\":{\"@id\":\"https:\/\/drbadia.com\/es\/#organization\"},\"potentialAction\":[{\"@type\":\"SearchAction\",\"target\":{\"@type\":\"EntryPoint\",\"urlTemplate\":\"https:\/\/drbadia.com\/es\/?s={search_term_string}\"},\"query-input\":{\"@type\":\"PropertyValueSpecification\",\"valueRequired\":true,\"valueName\":\"search_term_string\"}}],\"inLanguage\":\"es\"},{\"@type\":\"Organization\",\"@id\":\"https:\/\/drbadia.com\/es\/#organization\",\"name\":\"Dr. Badia Espa\u00f1ol\",\"url\":\"https:\/\/drbadia.com\/es\/\",\"logo\":{\"@type\":\"ImageObject\",\"inLanguage\":\"es\",\"@id\":\"https:\/\/drbadia.com\/es\/#\/schema\/logo\/image\/\",\"url\":\"https:\/\/drbadia.com\/es\/wp-content\/uploads\/sites\/2\/2023\/06\/logo-without-background.webp\",\"contentUrl\":\"https:\/\/drbadia.com\/es\/wp-content\/uploads\/sites\/2\/2023\/06\/logo-without-background.webp\",\"width\":199,\"height\":125,\"caption\":\"Dr. Badia Espa\u00f1ol\"},\"image\":{\"@id\":\"https:\/\/drbadia.com\/es\/#\/schema\/logo\/image\/\"}}]}<\/script>\n<!-- \/ Yoast SEO Premium plugin. -->","yoast_head_json":{"title":"Resonancias magn\u00e9ticas abiertas y de cuerpo completo","description":"En Badia Hand to Shoulder Center ofrecemos resonancias magn\u00e9ticas abiertas de cuerpo completo. Nuestra m\u00e1quina de resonancia magn\u00e9tica abierta garantiza una experiencia de escaneo relajante y eficiente en Miami, Florida.","robots":{"index":"index","follow":"follow","max-snippet":"max-snippet:-1","max-image-preview":"max-image-preview:large","max-video-preview":"max-video-preview:-1"},"canonical":"https:\/\/drbadia.com\/es\/servicios\/imagenes-por-resonancia-magnetica\/","og_locale":"es_ES","og_type":"article","og_title":"Imagen de resonancia magn\u00e9tica","og_description":"En Badia Hand to Shoulder Center ofrecemos resonancias magn\u00e9ticas abiertas de cuerpo completo. Nuestra m\u00e1quina de resonancia magn\u00e9tica abierta garantiza una experiencia de escaneo relajante y eficiente en Miami, Florida.","og_url":"https:\/\/drbadia.com\/es\/servicios\/imagenes-por-resonancia-magnetica\/","og_site_name":"Dr. Badia Espa\u00f1ol","article_modified_time":"2025-11-22T22:35:45+00:00","og_image":[{"width":1024,"height":683,"url":"https:\/\/drbadia.com\/es\/wp-content\/uploads\/sites\/2\/2023\/07\/badia18.jpeg","type":"image\/jpeg"}],"twitter_card":"summary_large_image","twitter_misc":{"Tiempo de lectura":"2 minutos"},"schema":{"@context":"https:\/\/schema.org","@graph":[{"@type":"WebPage","@id":"https:\/\/drbadia.com\/es\/servicios\/imagenes-por-resonancia-magnetica\/","url":"https:\/\/drbadia.com\/es\/servicios\/imagenes-por-resonancia-magnetica\/","name":"Resonancias magn\u00e9ticas abiertas y de cuerpo completo","isPartOf":{"@id":"https:\/\/drbadia.com\/es\/#website"},"primaryImageOfPage":{"@id":"https:\/\/drbadia.com\/es\/servicios\/imagenes-por-resonancia-magnetica\/#primaryimage"},"image":{"@id":"https:\/\/drbadia.com\/es\/servicios\/imagenes-por-resonancia-magnetica\/#primaryimage"},"thumbnailUrl":"https:\/\/drbadia.com\/es\/wp-content\/uploads\/sites\/2\/2023\/07\/badia18.jpeg","datePublished":"2023-06-15T05:21:43+00:00","dateModified":"2025-11-22T22:35:45+00:00","description":"En Badia Hand to Shoulder Center ofrecemos resonancias magn\u00e9ticas abiertas de cuerpo completo. Nuestra m\u00e1quina de resonancia magn\u00e9tica abierta garantiza una experiencia de escaneo relajante y eficiente en Miami, Florida.","breadcrumb":{"@id":"https:\/\/drbadia.com\/es\/servicios\/imagenes-por-resonancia-magnetica\/#breadcrumb"},"inLanguage":"es","potentialAction":[{"@type":"ReadAction","target":["https:\/\/drbadia.com\/es\/servicios\/imagenes-por-resonancia-magnetica\/"]}]},{"@type":"ImageObject","inLanguage":"es","@id":"https:\/\/drbadia.com\/es\/servicios\/imagenes-por-resonancia-magnetica\/#primaryimage","url":"https:\/\/drbadia.com\/es\/wp-content\/uploads\/sites\/2\/2023\/07\/badia18.jpeg","contentUrl":"https:\/\/drbadia.com\/es\/wp-content\/uploads\/sites\/2\/2023\/07\/badia18.jpeg","width":1024,"height":683,"caption":"Nerve conduction studies"},{"@type":"BreadcrumbList","@id":"https:\/\/drbadia.com\/es\/servicios\/imagenes-por-resonancia-magnetica\/#breadcrumb","itemListElement":[{"@type":"ListItem","position":1,"name":"Inicio","item":"https:\/\/drbadia.com\/es\/"},{"@type":"ListItem","position":2,"name":"Servicios","item":"https:\/\/drbadia.com\/es\/servicios\/"},{"@type":"ListItem","position":3,"name":"Imagen de resonancia magn\u00e9tica"}]},{"@type":"WebSite","@id":"https:\/\/drbadia.com\/es\/#website","url":"https:\/\/drbadia.com\/es\/","name":"Dr. Badia Espa\u00f1ol","description":"Cirujano ortop\u00e9dico de renombre internacional","publisher":{"@id":"https:\/\/drbadia.com\/es\/#organization"},"potentialAction":[{"@type":"SearchAction","target":{"@type":"EntryPoint","urlTemplate":"https:\/\/drbadia.com\/es\/?s={search_term_string}"},"query-input":{"@type":"PropertyValueSpecification","valueRequired":true,"valueName":"search_term_string"}}],"inLanguage":"es"},{"@type":"Organization","@id":"https:\/\/drbadia.com\/es\/#organization","name":"Dr. Badia Espa\u00f1ol","url":"https:\/\/drbadia.com\/es\/","logo":{"@type":"ImageObject","inLanguage":"es","@id":"https:\/\/drbadia.com\/es\/#\/schema\/logo\/image\/","url":"https:\/\/drbadia.com\/es\/wp-content\/uploads\/sites\/2\/2023\/06\/logo-without-background.webp","contentUrl":"https:\/\/drbadia.com\/es\/wp-content\/uploads\/sites\/2\/2023\/06\/logo-without-background.webp","width":199,"height":125,"caption":"Dr. Badia Espa\u00f1ol"},"image":{"@id":"https:\/\/drbadia.com\/es\/#\/schema\/logo\/image\/"}}]}},"uagb_featured_image_src":{"full":["https:\/\/drbadia.com\/es\/wp-content\/uploads\/sites\/2\/2023\/07\/badia18.jpeg",1024,683,false],"thumbnail":["https:\/\/drbadia.com\/es\/wp-content\/uploads\/sites\/2\/2023\/07\/badia18-150x150.jpeg",150,150,true],"medium":["https:\/\/drbadia.com\/es\/wp-content\/uploads\/sites\/2\/2023\/07\/badia18-300x200.jpeg",300,200,true],"medium_large":["https:\/\/drbadia.com\/es\/wp-content\/uploads\/sites\/2\/2023\/07\/badia18-768x512.jpeg",768,512,true],"large":["https:\/\/drbadia.com\/es\/wp-content\/uploads\/sites\/2\/2023\/07\/badia18.jpeg",1024,683,false],"1536x1536":["https:\/\/drbadia.com\/es\/wp-content\/uploads\/sites\/2\/2023\/07\/badia18.jpeg",1024,683,false],"2048x2048":["https:\/\/drbadia.com\/es\/wp-content\/uploads\/sites\/2\/2023\/07\/badia18.jpeg",1024,683,false],"gform-image-choice-sm":["https:\/\/drbadia.com\/es\/wp-content\/uploads\/sites\/2\/2023\/07\/badia18.jpeg",300,200,false],"gform-image-choice-md":["https:\/\/drbadia.com\/es\/wp-content\/uploads\/sites\/2\/2023\/07\/badia18.jpeg",400,267,false],"gform-image-choice-lg":["https:\/\/drbadia.com\/es\/wp-content\/uploads\/sites\/2\/2023\/07\/badia18.jpeg",600,400,false]},"uagb_author_info":{"display_name":"Maggy Tinsel","author_link":"https:\/\/drbadia.com\/es\/author\/mtinsel\/"},"uagb_comment_info":0,"uagb_excerpt":"En un mismo lugar, el Centro Badia Hand to Shoulder en Miami tiene una resonancia magn\u00e9tica abierta disponible para la comodidad de nuestros pacientes. Disponer de una resonancia magn\u00e9tica abierta in situ nos permite realizar su resonancia magn\u00e9tica y, en muchos casos, revisar las im\u00e1genes y establecer un plan de tratamiento definitivo, todo ello en...&hellip;","_links":{"self":[{"href":"https:\/\/drbadia.com\/es\/wp-json\/wp\/v2\/pages\/647","targetHints":{"allow":["GET"]}}],"collection":[{"href":"https:\/\/drbadia.com\/es\/wp-json\/wp\/v2\/pages"}],"about":[{"href":"https:\/\/drbadia.com\/es\/wp-json\/wp\/v2\/types\/page"}],"author":[{"embeddable":true,"href":"https:\/\/drbadia.com\/es\/wp-json\/wp\/v2\/users\/3"}],"replies":[{"embeddable":true,"href":"https:\/\/drbadia.com\/es\/wp-json\/wp\/v2\/comments?post=647"}],"version-history":[{"count":0,"href":"https:\/\/drbadia.com\/es\/wp-json\/wp\/v2\/pages\/647\/revisions"}],"up":[{"embeddable":true,"href":"https:\/\/drbadia.com\/es\/wp-json\/wp\/v2\/pages\/250"}],"wp:featuredmedia":[{"embeddable":true,"href":"https:\/\/drbadia.com\/es\/wp-json\/wp\/v2\/media\/1440"}],"wp:attachment":[{"href":"https:\/\/drbadia.com\/es\/wp-json\/wp\/v2\/media?parent=647"}],"curies":[{"name":"wp","href":"https:\/\/api.w.org\/{rel}","templated":true}]}}